{"id":1047,"date":"2026-01-30T06:59:15","date_gmt":"2026-01-30T05:59:15","guid":{"rendered":"https:\/\/www.rybreformer.com\/?page_id=1047"},"modified":"2026-03-03T09:33:19","modified_gmt":"2026-03-03T08:33:19","slug":"workshop-e-masterclass","status":"publish","type":"page","link":"https:\/\/www.rybreformer.com\/de\/workshop-e-masterclass\/","title":{"rendered":"Workshops und Meisterkurse"},"content":{"rendered":"<div class=\"gb-element-c5e6a8cb hero-simple opacity-background\">\n<div class=\"inner-hero-simple\">\n<h1 class=\"gb-text hero-title-page animate__zoomInUp\">WERKSTATT <br>&amp; MEISTERKLASSE<\/h1>\n\n\n\n<h2 class=\"gb-text hero-subtitle-page animate__zoomInUp\"><\/h2>\n<\/div>\n<\/div>\n\n\n\n<div class=\"date-formazione\">\n<div class=\"inner-date-formazione\">\n<h2 class=\"gb-text\">Erfahren Sie mehr. Diskutieren Sie. Entwickeln Sie sich weiter.<\/h2>\n\n\n\n<h5 class=\"gb-text claim-intro\">Workshops und Meisterkurse zur St\u00e4rkung von F\u00e4higkeiten, zur Erkundung neuer Ans\u00e4tze und zur Weiterentwicklung mit internationalen Trainern.<\/h5>\n<\/div>\n<\/div>\n\n\n\n<div class=\"griglia-workshop\">\n<div class=\"inner-griglia-workshop\">\n<div class=\"container-workshop\">\n<div><div class=\"gb-looper-955fa1ca\">\n<div class=\"gb-loop-item post-902 formazione-e-worksho type-formazione-e-worksho status-publish hentry category-workshop\">\n<div class=\"container-looper\">\n<div class=\"cont-image\">\n\n<\/div>\n\n\n\n<div class=\"bg-info-work\">\n<h3 class=\"gb-text gb-text-24ab79f8 title-work animate__zoomInDown\">Dynamisch<\/h3>\n\n\n\n\n\n\n\n<a class=\"gb-text gb-text-6cf01b47 btn-white-main animate__zoomInDown\" href=\"#pre-footer-form\">Jetzt anmelden<\/a>\n<\/div>\n<\/div>\n<\/div>\n\n<div class=\"gb-loop-item post-907 formazione-e-worksho type-formazione-e-worksho status-publish hentry category-workshop\">\n<div class=\"container-looper\">\n<div class=\"cont-image\">\n\n<\/div>\n\n\n\n<div class=\"bg-info-work\">\n<h3 class=\"gb-text gb-text-24ab79f8 title-work animate__zoomInDown\">Barren<\/h3>\n\n\n\n\n\n\n\n<a class=\"gb-text gb-text-6cf01b47 btn-white-main animate__zoomInDown\" href=\"#pre-footer-form\">Jetzt anmelden<\/a>\n<\/div>\n<\/div>\n<\/div>\n\n<div class=\"gb-loop-item post-917 formazione-e-worksho type-formazione-e-worksho status-publish hentry category-workshop\">\n<div class=\"container-looper\">\n<div class=\"cont-image\">\n\n<\/div>\n\n\n\n<div class=\"bg-info-work\">\n<h3 class=\"gb-text gb-text-24ab79f8 title-work animate__zoomInDown\">Haltungs-Pilates und Hernien<\/h3>\n\n\n\n\n\n\n\n<a class=\"gb-text gb-text-6cf01b47 btn-white-main animate__zoomInDown\" href=\"#pre-footer-form\">Jetzt anmelden<\/a>\n<\/div>\n<\/div>\n<\/div>\n<\/div><\/div>\n<\/div>\n<\/div>\n<\/div>","protected":false},"excerpt":{"rendered":"<p>WORKSHOP &amp; MASTERCLASS Approfondisci. Confrontati. Evolvi. Workshop e Masterclass per rafforzare competenze, esplorare nuovi approcci e crescere con trainer internazionali.<\/p>","protected":false},"author":2,"featured_media":0,"parent":0,"menu_order":0,"comment_status":"closed","ping_status":"closed","template":"","meta":{"_acf_changed":false,"_joinchat":{"telephone":"393404257535"},"footnotes":""},"class_list":["post-1047","page","type-page","status-publish"],"acf":[],"_links":{"self":[{"href":"https:\/\/www.rybreformer.com\/de\/wp-json\/wp\/v2\/pages\/1047","targetHints":{"allow":["GET"]}}],"collection":[{"href":"https:\/\/www.rybreformer.com\/de\/wp-json\/wp\/v2\/pages"}],"about":[{"href":"https:\/\/www.rybreformer.com\/de\/wp-json\/wp\/v2\/types\/page"}],"author":[{"embeddable":true,"href":"https:\/\/www.rybreformer.com\/de\/wp-json\/wp\/v2\/users\/2"}],"replies":[{"embeddable":true,"href":"https:\/\/www.rybreformer.com\/de\/wp-json\/wp\/v2\/comments?post=1047"}],"version-history":[{"count":2,"href":"https:\/\/www.rybreformer.com\/de\/wp-json\/wp\/v2\/pages\/1047\/revisions"}],"predecessor-version":[{"id":1697,"href":"https:\/\/www.rybreformer.com\/de\/wp-json\/wp\/v2\/pages\/1047\/revisions\/1697"}],"wp:attachment":[{"href":"https:\/\/www.rybreformer.com\/de\/wp-json\/wp\/v2\/media?parent=1047"}],"curies":[{"name":"wp","href":"https:\/\/api.w.org\/{rel}","templated":true}]}}