{"id":1067,"date":"2026-01-30T08:45:56","date_gmt":"2026-01-30T07:45:56","guid":{"rendered":"https:\/\/www.rybreformer.com\/?page_id=1067"},"modified":"2026-02-25T13:15:41","modified_gmt":"2026-02-25T12:15:41","slug":"ryb-care","status":"publish","type":"page","link":"https:\/\/www.rybreformer.com\/de\/ryb-care\/","title":{"rendered":"RYB Care"},"content":{"rendered":"<div class=\"gb-element-c5e6a8cb hero-simple opacity-background\">\n<div class=\"inner-hero-simple\">\n<h1 class=\"gb-text hero-title-page animate__zoomInUp\">RYB care<\/h1>\n\n\n\n<h2 class=\"gb-text hero-subtitle-page animate__zoomInUp translation-block\">Einfache Tipps, um deinen REFORM YOUR BODY in einem Top-Zustand zu halten<\/h2>\n<\/div>\n<\/div>\n\n\n\n<div class=\"ryb-care\">\n<div class=\"inner-ryb-care\">\n<div class=\"gb-element-988f22be grid-ryb-care\">\n<div class=\"content-ryb-care\">\n<div class=\"box-care\">\n<p class=\"gb-text testo-box-care\">Sch\u00fctze das Ger\u00e4t vor Witterungseinfl\u00fcssen<\/p>\n\n\n\n<img loading=\"lazy\" decoding=\"async\" width=\"755\" height=\"512\" class=\"gb-media-2c658c2c ico-box-care\" alt=\"Ryb Reformer\" title=\"Ryb Reformer\" src=\"https:\/\/www.rybreformer.com\/wp-content\/uploads\/2026\/01\/ryb-reformer.webp\" srcset=\"https:\/\/www.rybreformer.com\/wp-content\/uploads\/2026\/01\/ryb-reformer.webp 755w, https:\/\/www.rybreformer.com\/wp-content\/uploads\/2026\/01\/ryb-reformer-300x203.webp 300w\" sizes=\"auto, (max-width: 755px) 100vw, 755px\" \/>\n<\/div>\n\n\n\n<div class=\"box-care\">\n<p class=\"gb-text testo-box-care\">Essen und Trinken sind auf dem Reformer verboten!<\/p>\n\n\n\n<img loading=\"lazy\" decoding=\"async\" width=\"512\" height=\"512\" class=\"gb-media-0688b038 ico-box-care\" alt=\"Ryb Kein Essen\" title=\"Ryb Kein Essen\" src=\"http:\/\/www.rybreformer.com\/wp-content\/uploads\/2026\/01\/ryb-no-food.webp\" srcset=\"https:\/\/www.rybreformer.com\/wp-content\/uploads\/2026\/01\/ryb-no-food.webp 512w, https:\/\/www.rybreformer.com\/wp-content\/uploads\/2026\/01\/ryb-no-food-300x300.webp 300w, https:\/\/www.rybreformer.com\/wp-content\/uploads\/2026\/01\/ryb-no-food-150x150.webp 150w\" sizes=\"auto, (max-width: 512px) 100vw, 512px\" \/>\n<\/div>\n\n\n\n<div class=\"box-care\">\n<p class=\"gb-text testo-box-care\">Wische\/trockne die Schienen einmal pro Woche, um ihre Gleitf\u00e4higkeit langfristig zu erhalten.<\/p>\n\n\n\n<img loading=\"lazy\" decoding=\"async\" width=\"512\" height=\"512\" class=\"gb-media-2106cd95 ico-box-care\" alt=\"Ryb Sparkle\" title=\"Ryb Sparkle\" src=\"http:\/\/www.rybreformer.com\/wp-content\/uploads\/2026\/01\/ryb-sparkle.webp\" srcset=\"https:\/\/www.rybreformer.com\/wp-content\/uploads\/2026\/01\/ryb-sparkle.webp 512w, https:\/\/www.rybreformer.com\/wp-content\/uploads\/2026\/01\/ryb-sparkle-300x300.webp 300w, https:\/\/www.rybreformer.com\/wp-content\/uploads\/2026\/01\/ryb-sparkle-150x150.webp 150w\" sizes=\"auto, (max-width: 512px) 100vw, 512px\" \/>\n<\/div>\n\n\n\n<div class=\"box-care\">\n<p class=\"gb-text testo-box-care\">Verwende milde Reinigungsmittel und ein feuchtes Tuch f\u00fcr die Reinigung der festen Teile.<\/p>\n\n\n\n<img loading=\"lazy\" decoding=\"async\" width=\"512\" height=\"512\" class=\"gb-media-cf7a4fb9 ico-box-care\" alt=\"Ryb Reinigung\" title=\"Ryb Reinigung\" src=\"http:\/\/www.rybreformer.com\/wp-content\/uploads\/2026\/01\/ryb-cleaning.webp\" srcset=\"https:\/\/www.rybreformer.com\/wp-content\/uploads\/2026\/01\/ryb-cleaning.webp 512w, https:\/\/www.rybreformer.com\/wp-content\/uploads\/2026\/01\/ryb-cleaning-300x300.webp 300w, https:\/\/www.rybreformer.com\/wp-content\/uploads\/2026\/01\/ryb-cleaning-150x150.webp 150w\" sizes=\"auto, (max-width: 512px) 100vw, 512px\" \/>\n<\/div>\n\n\n\n<div class=\"box-care\">\n<p class=\"gb-text testo-box-care\">Wenn du die Fu\u00df- und Handgurte waschen m\u00f6chtest, gib sie in einen W\u00e4schesack und wasche sie im Schonwaschgang. Zum Trocknen aufh\u00e4ngen (nicht in die Trockenmaschine geben).<\/p>\n\n\n\n<img loading=\"lazy\" decoding=\"async\" width=\"512\" height=\"512\" class=\"gb-media-4d3db184 ico-box-care\" alt=\"Ryb Wash\" title=\"Ryb Wash\" src=\"http:\/\/www.rybreformer.com\/wp-content\/uploads\/2026\/01\/ryb-wash.webp\" srcset=\"https:\/\/www.rybreformer.com\/wp-content\/uploads\/2026\/01\/ryb-wash.webp 512w, https:\/\/www.rybreformer.com\/wp-content\/uploads\/2026\/01\/ryb-wash-300x300.webp 300w, https:\/\/www.rybreformer.com\/wp-content\/uploads\/2026\/01\/ryb-wash-150x150.webp 150w\" sizes=\"auto, (max-width: 512px) 100vw, 512px\" \/>\n<\/div>\n\n\n\n<div class=\"box-care\">\n<p class=\"gb-text testo-box-care\">Lasse die Federn immer entspannt, um ihre Widerstandsf\u00e4higkeit zu bewahren. Bei t\u00e4glichem Gebrauch empfehlen wir, die Federn alle 24 Monate zu ersetzen. Einzelne Federn kannst du direkt bei uns bestellen!<\/p>\n\n\n\n<img loading=\"lazy\" decoding=\"async\" width=\"512\" height=\"512\" class=\"gb-media-48d26b09 ico-box-care\" alt=\"Ryb Stahlfeder\" title=\"Ryb Stahlfeder\" src=\"http:\/\/www.rybreformer.com\/wp-content\/uploads\/2026\/01\/ryb-steel-sping.webp\" srcset=\"https:\/\/www.rybreformer.com\/wp-content\/uploads\/2026\/01\/ryb-steel-sping.webp 512w, https:\/\/www.rybreformer.com\/wp-content\/uploads\/2026\/01\/ryb-steel-sping-300x300.webp 300w, https:\/\/www.rybreformer.com\/wp-content\/uploads\/2026\/01\/ryb-steel-sping-150x150.webp 150w\" sizes=\"auto, (max-width: 512px) 100vw, 512px\" \/>\n<\/div>\n<\/div>\n\n\n\n<div class=\"image-ryb-care\">\n<img loading=\"lazy\" decoding=\"async\" width=\"1290\" height=\"1940\" class=\"gb-media-d0e40ae5\" alt=\"Ryb Care Sch\u00fctzt es vor Witterungseinfl\u00fcssen\" title=\"Ryb Care Sch\u00fctzt es vor Witterungseinfl\u00fcssen\" src=\"http:\/\/www.rybreformer.com\/wp-content\/uploads\/2026\/02\/ryb-care-proteggilo-dagli-agenti-atmosferici.webp\" srcset=\"https:\/\/www.rybreformer.com\/wp-content\/uploads\/2026\/02\/ryb-care-proteggilo-dagli-agenti-atmosferici.webp 1290w, https:\/\/www.rybreformer.com\/wp-content\/uploads\/2026\/02\/ryb-care-proteggilo-dagli-agenti-atmosferici-199x300.webp 199w, https:\/\/www.rybreformer.com\/wp-content\/uploads\/2026\/02\/ryb-care-proteggilo-dagli-agenti-atmosferici-681x1024.webp 681w, https:\/\/www.rybreformer.com\/wp-content\/uploads\/2026\/02\/ryb-care-proteggilo-dagli-agenti-atmosferici-768x1155.webp 768w, https:\/\/www.rybreformer.com\/wp-content\/uploads\/2026\/02\/ryb-care-proteggilo-dagli-agenti-atmosferici-1021x1536.webp 1021w\" sizes=\"auto, (max-width: 1290px) 100vw, 1290px\" \/>\n<\/div>\n<\/div>\n<\/div>\n<\/div>","protected":false},"excerpt":{"rendered":"<p>RYB-Pflege: Einfache Tipps, damit Ihr Reform Your Body in Topform bleibt. Sch\u00fctzen Sie ihn vor Umwelteinfl\u00fcssen. Essen und Trinken auf dem Reformer ist verboten! Reinigen und trocknen Sie die Schienen einmal w\u00f6chentlich, um ihre dauerhafte Gl\u00e4tte zu erhalten. Verwenden Sie milde Reinigungsmittel und ein feuchtes Tuch, um die festen Teile zu reinigen. Wenn Sie den Reformer waschen m\u00f6chten\u2026 <a title=\"RYB Care\" class=\"read-more\" href=\"https:\/\/www.rybreformer.com\/de\/ryb-care\/\" aria-label=\"Weitere Informationen zu RYB Care\">Mehr lesen<\/a><\/p>","protected":false},"author":2,"featured_media":0,"parent":0,"menu_order":0,"comment_status":"closed","ping_status":"closed","template":"","meta":{"_acf_changed":false,"_joinchat":[],"footnotes":""},"class_list":["post-1067","page","type-page","status-publish"],"acf":[],"_links":{"self":[{"href":"https:\/\/www.rybreformer.com\/de\/wp-json\/wp\/v2\/pages\/1067","targetHints":{"allow":["GET"]}}],"collection":[{"href":"https:\/\/www.rybreformer.com\/de\/wp-json\/wp\/v2\/pages"}],"about":[{"href":"https:\/\/www.rybreformer.com\/de\/wp-json\/wp\/v2\/types\/page"}],"author":[{"embeddable":true,"href":"https:\/\/www.rybreformer.com\/de\/wp-json\/wp\/v2\/users\/2"}],"replies":[{"embeddable":true,"href":"https:\/\/www.rybreformer.com\/de\/wp-json\/wp\/v2\/comments?post=1067"}],"version-history":[{"count":1,"href":"https:\/\/www.rybreformer.com\/de\/wp-json\/wp\/v2\/pages\/1067\/revisions"}],"predecessor-version":[{"id":1666,"href":"https:\/\/www.rybreformer.com\/de\/wp-json\/wp\/v2\/pages\/1067\/revisions\/1666"}],"wp:attachment":[{"href":"https:\/\/www.rybreformer.com\/de\/wp-json\/wp\/v2\/media?parent=1067"}],"curies":[{"name":"wp","href":"https:\/\/api.w.org\/{rel}","templated":true}]}}