{"id":1406,"date":"2026-02-04T15:14:20","date_gmt":"2026-02-04T14:14:20","guid":{"rendered":"https:\/\/www.rybreformer.com\/?page_id=1406"},"modified":"2026-02-04T18:11:22","modified_gmt":"2026-02-04T17:11:22","slug":"f-a-q","status":"publish","type":"page","link":"https:\/\/www.rybreformer.com\/de\/f-a-q\/","title":{"rendered":"H\u00e4ufig gestellte Fragen."},"content":{"rendered":"<div class=\"faq-prodotti\">\n<div class=\"inner-faq-prodotti\">\n<div class=\"gb-element-25d5cb1e grid-faq-prodotti\">\n<div>\n<h4 class=\"gb-text title-faq\">F.A.Q.<\/h4>\n\n\n\n<p>Falls Sie die gesuchte Antwort nicht finden, kontaktieren Sie uns.<br>Unser Team steht Ihnen gerne zur Verf\u00fcgung. <strong>direkte Unterst\u00fctzung und individuelle Beratung<\/strong>.<\/p>\n\n\n\n<div class=\"gb-accordion faq-accordion-macchinari\">\n<div class=\"gb-accordion__item gb-accordion__item-2d597314\" data-gb-overlay-close=\"\" data-transition=\"slide\">\n<div role=\"button\" tabindex=\"0\" class=\"gb-accordion__toggle gb-accordion__toggle-ad53453d\" id=\"gb-accordion-toggle-ad53453d\">\n<span class=\"gb-text\"><strong><strong>Wer ist REFORM YOUR BODY?<\/strong><\/strong><\/span>\n\n\n\n<span class=\"gb-accordion__toggle-icon gb-accordion__toggle-icon-7b4f8023\"><span class=\"gb-accordion__toggle-icon-open\"><svg aria-hidden=\"true\" viewbox=\"0 0 256 256\"><rect width=\"256\" height=\"256\" fill=\"none\"><\/rect><polyline points=\"208 96 128 176 48 96\" fill=\"none\" stroke=\"currentColor\" stroke-linecap=\"round\" stroke-linejoin=\"round\" stroke-width=\"16\"><\/polyline><\/svg><\/span><span class=\"gb-accordion__toggle-icon-close\"><svg aria-hidden=\"true\" viewbox=\"0 0 256 256\"><rect width=\"256\" height=\"256\" fill=\"none\"><\/rect><polyline points=\"48 160 128 80 208 160\" fill=\"none\" stroke=\"currentColor\" stroke-linecap=\"round\" stroke-linejoin=\"round\" stroke-width=\"16\"><\/polyline><\/svg><\/span><\/span>\n<\/div>\n\n\n\n<div class=\"gb-accordion__content\" id=\"gb-accordion-content-3617835d\">\n<div class=\"gb-element-92d3ee50\">\n<p class=\"translation-block\">RYB ist eine <strong>italienische Marke mit globaler Vision<\/strong> , die Pilates durch Ger\u00e4te, Schulungen und Beratung neu erfindet.<br> Maschinen, Methoden und Schulungen folgen einem gemeinsamen Prinzip: <strong>DESIGN DURCH ERFAHRUNG<\/strong> .<\/p>\n<\/div>\n<\/div>\n<\/div>\n\n\n\n<div class=\"gb-accordion__item gb-accordion__item-0a7e6eff\" data-gb-overlay-close=\"\" data-transition=\"slide\">\n<div role=\"button\" tabindex=\"0\" class=\"gb-accordion__toggle gb-accordion__toggle-318e6ee1\" id=\"gb-accordion-toggle-318e6ee1\">\n<span class=\"gb-text\"><strong><strong>Ist RYB nachhaltig?<\/strong><\/strong><\/span>\n\n\n\n<span class=\"gb-accordion__toggle-icon gb-accordion__toggle-icon-71d54057\"><span class=\"gb-accordion__toggle-icon-open\"><svg aria-hidden=\"true\" viewbox=\"0 0 256 256\"><rect width=\"256\" height=\"256\" fill=\"none\"><\/rect><polyline points=\"208 96 128 176 48 96\" fill=\"none\" stroke=\"currentColor\" stroke-linecap=\"round\" stroke-linejoin=\"round\" stroke-width=\"16\"><\/polyline><\/svg><\/span><span class=\"gb-accordion__toggle-icon-close\"><svg aria-hidden=\"true\" viewbox=\"0 0 256 256\"><rect width=\"256\" height=\"256\" fill=\"none\"><\/rect><polyline points=\"48 160 128 80 208 160\" fill=\"none\" stroke=\"currentColor\" stroke-linecap=\"round\" stroke-linejoin=\"round\" stroke-width=\"16\"><\/polyline><\/svg><\/span><\/span>\n<\/div>\n\n\n\n<div class=\"gb-accordion__content\" id=\"gb-accordion-content-83aaa7bf\">\n<div class=\"gb-element-4708ae3b\">\n<p>Ja, wir verwenden Holz aus verantwortungsvoll bewirtschafteten W\u00e4ldern und Materialien, die aufgrund ihrer Langlebigkeit und geringen Umweltbelastung ausgew\u00e4hlt wurden.<\/p>\n<\/div>\n<\/div>\n<\/div>\n\n\n\n<div class=\"gb-accordion__item gb-accordion__item-6b14e603\" data-gb-overlay-close=\"\" data-transition=\"slide\">\n<div role=\"button\" tabindex=\"0\" class=\"gb-accordion__toggle gb-accordion__toggle-ba7bec98\" id=\"gb-accordion-toggle-ba7bec98\">\n<span class=\"gb-text\"><strong><strong>Wo befindet sich Ihr Ausstellungsraum?<\/strong><\/strong><\/span>\n\n\n\n<span class=\"gb-accordion__toggle-icon gb-accordion__toggle-icon-fc0b7f1b\"><span class=\"gb-accordion__toggle-icon-open\"><svg aria-hidden=\"true\" viewbox=\"0 0 256 256\"><rect width=\"256\" height=\"256\" fill=\"none\"><\/rect><polyline points=\"208 96 128 176 48 96\" fill=\"none\" stroke=\"currentColor\" stroke-linecap=\"round\" stroke-linejoin=\"round\" stroke-width=\"16\"><\/polyline><\/svg><\/span><span class=\"gb-accordion__toggle-icon-close\"><svg aria-hidden=\"true\" viewbox=\"0 0 256 256\"><rect width=\"256\" height=\"256\" fill=\"none\"><\/rect><polyline points=\"48 160 128 80 208 160\" fill=\"none\" stroke=\"currentColor\" stroke-linecap=\"round\" stroke-linejoin=\"round\" stroke-width=\"16\"><\/polyline><\/svg><\/span><\/span>\n<\/div>\n\n\n\n<div class=\"gb-accordion__content\" id=\"gb-accordion-content-f2e76432\">\n<div class=\"gb-element-427e3d48\">\n<p class=\"translation-block\">Unser Ausstellungsraum befindet sich <strong>im Zentrum von Bergamo<\/strong> , auf <strong>der Piazza Dante<\/strong> .<br> Wir hei\u00dfen Profis, Studios und Pilates-Begeisterte <strong>nach Vereinbarung<\/strong> herzlich willkommen, die unsere Ger\u00e4te pers\u00f6nlich kennenlernen und testen m\u00f6chten, darunter auch spezielle Reformer-Pilates-Kurse (Reservierung erforderlich). Wir liefern innerhalb Italiens.<\/p>\n<\/div>\n<\/div>\n<\/div>\n\n\n\n<div class=\"gb-accordion__item gb-accordion__item-f3d17762\" data-gb-overlay-close=\"\" data-transition=\"slide\">\n<div role=\"button\" tabindex=\"0\" class=\"gb-accordion__toggle gb-accordion__toggle-ddfb9537\" id=\"gb-accordion-toggle-ddfb9537\">\n<span class=\"gb-text\"><strong><strong>Bieten Sie Schulungen zur Unterst\u00fctzung des Maschinenverkaufs an?<\/strong><\/strong><\/span>\n\n\n\n<span class=\"gb-accordion__toggle-icon gb-accordion__toggle-icon-e097fca5\"><span class=\"gb-accordion__toggle-icon-open\"><svg aria-hidden=\"true\" viewbox=\"0 0 256 256\"><rect width=\"256\" height=\"256\" fill=\"none\"><\/rect><polyline points=\"208 96 128 176 48 96\" fill=\"none\" stroke=\"currentColor\" stroke-linecap=\"round\" stroke-linejoin=\"round\" stroke-width=\"16\"><\/polyline><\/svg><\/span><span class=\"gb-accordion__toggle-icon-close\"><svg aria-hidden=\"true\" viewbox=\"0 0 256 256\"><rect width=\"256\" height=\"256\" fill=\"none\"><\/rect><polyline points=\"48 160 128 80 208 160\" fill=\"none\" stroke=\"currentColor\" stroke-linecap=\"round\" stroke-linejoin=\"round\" stroke-width=\"16\"><\/polyline><\/svg><\/span><\/span>\n<\/div>\n\n\n\n<div class=\"gb-accordion__content\" id=\"gb-accordion-content-fcdb2463\">\n<div class=\"gb-element-9cf40874\">\n<p>Ja, mit der RYB Academy bieten wir zertifizierte Fortgeschrittenenkurse f\u00fcr Lehrer und Enthusiasten an, die sich auf Sicherheit, Leistung und Methodik konzentrieren.<\/p>\n<\/div>\n<\/div>\n<\/div>\n\n\n\n<div class=\"gb-accordion__item gb-accordion__item-ee5954b1\" data-gb-overlay-close=\"\" data-transition=\"slide\">\n<div role=\"button\" tabindex=\"0\" class=\"gb-accordion__toggle gb-accordion__toggle-afaf2e08\" id=\"gb-accordion-toggle-afaf2e08\">\n<span class=\"gb-text\"><strong><strong>Ist die Schulung nur f\u00fcr diejenigen reserviert, die die Maschinen kaufen?<\/strong><\/strong><\/span>\n\n\n\n<span class=\"gb-accordion__toggle-icon gb-accordion__toggle-icon-d615ac55\"><span class=\"gb-accordion__toggle-icon-open\"><svg aria-hidden=\"true\" viewbox=\"0 0 256 256\"><rect width=\"256\" height=\"256\" fill=\"none\"><\/rect><polyline points=\"208 96 128 176 48 96\" fill=\"none\" stroke=\"currentColor\" stroke-linecap=\"round\" stroke-linejoin=\"round\" stroke-width=\"16\"><\/polyline><\/svg><\/span><span class=\"gb-accordion__toggle-icon-close\"><svg aria-hidden=\"true\" viewbox=\"0 0 256 256\"><rect width=\"256\" height=\"256\" fill=\"none\"><\/rect><polyline points=\"48 160 128 80 208 160\" fill=\"none\" stroke=\"currentColor\" stroke-linecap=\"round\" stroke-linejoin=\"round\" stroke-width=\"16\"><\/polyline><\/svg><\/span><\/span>\n<\/div>\n\n\n\n<div class=\"gb-accordion__content\" id=\"gb-accordion-content-2f9c5a7a\">\n<div class=\"gb-element-32342c63\">\n<p class=\"translation-block\">Nein, die Kurse stehen allen offen.<br> K\u00e4ufer von RYB-Maschinen profitieren jedoch von <strong>Vorzugsbedingungen und speziellen F\u00f6rderprogrammen<\/strong> .<\/p>\n<\/div>\n<\/div>\n<\/div>\n\n\n\n<div class=\"gb-accordion__item gb-accordion__item-f76478b8\" data-gb-overlay-close=\"\" data-transition=\"slide\">\n<div role=\"button\" tabindex=\"0\" class=\"gb-accordion__toggle gb-accordion__toggle-938d4724\" id=\"gb-accordion-toggle-938d4724\">\n<span class=\"gb-text\"><strong><strong>Gibt es Online-Kurse oder nur Pr\u00e4senzveranstaltungen?<\/strong><\/strong><\/span>\n\n\n\n<span class=\"gb-accordion__toggle-icon gb-accordion__toggle-icon-26cfa35e\"><span class=\"gb-accordion__toggle-icon-open\"><svg aria-hidden=\"true\" viewbox=\"0 0 256 256\"><rect width=\"256\" height=\"256\" fill=\"none\"><\/rect><polyline points=\"208 96 128 176 48 96\" fill=\"none\" stroke=\"currentColor\" stroke-linecap=\"round\" stroke-linejoin=\"round\" stroke-width=\"16\"><\/polyline><\/svg><\/span><span class=\"gb-accordion__toggle-icon-close\"><svg aria-hidden=\"true\" viewbox=\"0 0 256 256\"><rect width=\"256\" height=\"256\" fill=\"none\"><\/rect><polyline points=\"48 160 128 80 208 160\" fill=\"none\" stroke=\"currentColor\" stroke-linecap=\"round\" stroke-linejoin=\"round\" stroke-width=\"16\"><\/polyline><\/svg><\/span><\/span>\n<\/div>\n\n\n\n<div class=\"gb-accordion__content\" id=\"gb-accordion-content-0814b197\">\n<div class=\"gb-element-f7cda1ee\">\n<p>Wir bieten Hybridkurse an: Online-, Pr\u00e4senz- und individuell anpassbare Module f\u00fcr alle, die berufst\u00e4tig sind oder sich kompromisslos weiterentwickeln m\u00f6chten.<\/p>\n<\/div>\n<\/div>\n<\/div>\n\n\n\n<div class=\"gb-accordion__item gb-accordion__item-92f0905d\" data-gb-overlay-close=\"\" data-transition=\"slide\">\n<div role=\"button\" tabindex=\"0\" class=\"gb-accordion__toggle gb-accordion__toggle-7f3b9472\" id=\"gb-accordion-toggle-7f3b9472\">\n<span class=\"gb-text\"><strong><strong>Welche Art von Zertifizierung stellen Sie aus?<\/strong><\/strong><\/span>\n\n\n\n<span class=\"gb-accordion__toggle-icon gb-accordion__toggle-icon-2977a70f\"><span class=\"gb-accordion__toggle-icon-open\"><svg aria-hidden=\"true\" viewbox=\"0 0 256 256\"><rect width=\"256\" height=\"256\" fill=\"none\"><\/rect><polyline points=\"208 96 128 176 48 96\" fill=\"none\" stroke=\"currentColor\" stroke-linecap=\"round\" stroke-linejoin=\"round\" stroke-width=\"16\"><\/polyline><\/svg><\/span><span class=\"gb-accordion__toggle-icon-close\"><svg aria-hidden=\"true\" viewbox=\"0 0 256 256\"><rect width=\"256\" height=\"256\" fill=\"none\"><\/rect><polyline points=\"48 160 128 80 208 160\" fill=\"none\" stroke=\"currentColor\" stroke-linecap=\"round\" stroke-linejoin=\"round\" stroke-width=\"16\"><\/polyline><\/svg><\/span><\/span>\n<\/div>\n\n\n\n<div class=\"gb-accordion__content\" id=\"gb-accordion-content-55a27c63\">\n<div class=\"gb-element-ceab6bac\">\n<p class=\"translation-block\">Die Ausbildungskurse der RYB Academy verleihen nach bestandener Abschlusspr\u00fcfung <strong>ein CONI-zertifiziertes Pilates-Lehrerdiplom<\/strong> .<\/p>\n\n\n\n<p><\/p>\n<\/div>\n<\/div>\n<\/div>\n\n\n\n<div class=\"gb-accordion__item gb-accordion__item-f9de162a\" data-gb-overlay-close=\"\" data-transition=\"slide\">\n<div role=\"button\" tabindex=\"0\" class=\"gb-accordion__toggle gb-accordion__toggle-cbbfa42f\" id=\"gb-accordion-toggle-cbbfa42f\">\n<span class=\"gb-text\"><strong><strong>Wo kann ich Informationen zu Schulungskursen finden?<\/strong><\/strong><\/span>\n\n\n\n<span class=\"gb-accordion__toggle-icon gb-accordion__toggle-icon-b9341ced\"><span class=\"gb-accordion__toggle-icon-open\"><svg aria-hidden=\"true\" viewbox=\"0 0 256 256\"><rect width=\"256\" height=\"256\" fill=\"none\"><\/rect><polyline points=\"208 96 128 176 48 96\" fill=\"none\" stroke=\"currentColor\" stroke-linecap=\"round\" stroke-linejoin=\"round\" stroke-width=\"16\"><\/polyline><\/svg><\/span><span class=\"gb-accordion__toggle-icon-close\"><svg aria-hidden=\"true\" viewbox=\"0 0 256 256\"><rect width=\"256\" height=\"256\" fill=\"none\"><\/rect><polyline points=\"48 160 128 80 208 160\" fill=\"none\" stroke=\"currentColor\" stroke-linecap=\"round\" stroke-linejoin=\"round\" stroke-width=\"16\"><\/polyline><\/svg><\/span><\/span>\n<\/div>\n\n\n\n<div class=\"gb-accordion__content\" id=\"gb-accordion-content-6a60f8d8\">\n<div class=\"gb-element-358195f6\">\n<p class=\"translation-block\">Sie k\u00f6nnen alle Programme der <strong>RYB Academy<\/strong> im entsprechenden Bereich der Webseite <strong><a href=\"http:\/\/www.rybreformer.com\/de\/ryb-academy\/\" data-type=\"page\" data-id=\"456\" target=\"_self\">hier<\/a><\/strong> erkunden.<\/p>\n<\/div>\n<\/div>\n<\/div>\n\n\n\n<div class=\"gb-accordion__item gb-accordion__item-8795a912\" data-gb-overlay-close=\"\" data-transition=\"slide\">\n<div role=\"button\" tabindex=\"0\" class=\"gb-accordion__toggle gb-accordion__toggle-dc443367\" id=\"gb-accordion-toggle-dc443367\">\n<span class=\"gb-text\"><strong><strong>Haben Sie Ihre eigene Requisitenlinie?<\/strong><\/strong><\/span>\n\n\n\n<span class=\"gb-accordion__toggle-icon gb-accordion__toggle-icon-b07c5c0e\"><span class=\"gb-accordion__toggle-icon-open\"><svg aria-hidden=\"true\" viewbox=\"0 0 256 256\"><rect width=\"256\" height=\"256\" fill=\"none\"><\/rect><polyline points=\"208 96 128 176 48 96\" fill=\"none\" stroke=\"currentColor\" stroke-linecap=\"round\" stroke-linejoin=\"round\" stroke-width=\"16\"><\/polyline><\/svg><\/span><span class=\"gb-accordion__toggle-icon-close\"><svg aria-hidden=\"true\" viewbox=\"0 0 256 256\"><rect width=\"256\" height=\"256\" fill=\"none\"><\/rect><polyline points=\"48 160 128 80 208 160\" fill=\"none\" stroke=\"currentColor\" stroke-linecap=\"round\" stroke-linejoin=\"round\" stroke-width=\"16\"><\/polyline><\/svg><\/span><\/span>\n<\/div>\n\n\n\n<div class=\"gb-accordion__content\" id=\"gb-accordion-content-e4e05cb1\">\n<div class=\"gb-element-547d540e\">\n<p>Ja, entdecken Sie unsere Requisitensammlung im entsprechenden Bereich auf der Website.<\/p>\n<\/div>\n<\/div>\n<\/div>\n\n\n\n<div class=\"gb-accordion__item gb-accordion__item-e9ba3e5a\" data-gb-overlay-close=\"\" data-transition=\"slide\">\n<div role=\"button\" tabindex=\"0\" class=\"gb-accordion__toggle gb-accordion__toggle-c05c9e8f\" id=\"gb-accordion-toggle-c05c9e8f\">\n<span class=\"gb-text\"><strong><strong>Kann ich meine Requisiten individuell gestalten?<\/strong><\/strong><\/span>\n\n\n\n<span class=\"gb-accordion__toggle-icon gb-accordion__toggle-icon-cc3a90f7\"><span class=\"gb-accordion__toggle-icon-open\"><svg aria-hidden=\"true\" viewbox=\"0 0 256 256\"><rect width=\"256\" height=\"256\" fill=\"none\"><\/rect><polyline points=\"208 96 128 176 48 96\" fill=\"none\" stroke=\"currentColor\" stroke-linecap=\"round\" stroke-linejoin=\"round\" stroke-width=\"16\"><\/polyline><\/svg><\/span><span class=\"gb-accordion__toggle-icon-close\"><svg aria-hidden=\"true\" viewbox=\"0 0 256 256\"><rect width=\"256\" height=\"256\" fill=\"none\"><\/rect><polyline points=\"48 160 128 80 208 160\" fill=\"none\" stroke=\"currentColor\" stroke-linecap=\"round\" stroke-linejoin=\"round\" stroke-width=\"16\"><\/polyline><\/svg><\/span><\/span>\n<\/div>\n\n\n\n<div class=\"gb-accordion__content\" id=\"gb-accordion-content-b7e13276\">\n<div class=\"gb-element-98e5e9b9\">\n<p>Ja, wir k\u00f6nnen sie f\u00fcr Mindestbestellmengen mit individueller Beratung anpassen.<\/p>\n<\/div>\n<\/div>\n<\/div>\n\n\n\n<div class=\"gb-accordion__item gb-accordion__item-cc59b1e4\" data-gb-overlay-close=\"\" data-transition=\"slide\">\n<div role=\"button\" tabindex=\"0\" class=\"gb-accordion__toggle gb-accordion__toggle-4392609d\" id=\"gb-accordion-toggle-4392609d\">\n<span class=\"gb-text\"><strong><strong>Kann ich RYB-H\u00e4ndler werden?<\/strong><\/strong><\/span>\n\n\n\n<span class=\"gb-accordion__toggle-icon gb-accordion__toggle-icon-a4b85d33\"><span class=\"gb-accordion__toggle-icon-open\"><svg aria-hidden=\"true\" viewbox=\"0 0 256 256\"><rect width=\"256\" height=\"256\" fill=\"none\"><\/rect><polyline points=\"208 96 128 176 48 96\" fill=\"none\" stroke=\"currentColor\" stroke-linecap=\"round\" stroke-linejoin=\"round\" stroke-width=\"16\"><\/polyline><\/svg><\/span><span class=\"gb-accordion__toggle-icon-close\"><svg aria-hidden=\"true\" viewbox=\"0 0 256 256\"><rect width=\"256\" height=\"256\" fill=\"none\"><\/rect><polyline points=\"48 160 128 80 208 160\" fill=\"none\" stroke=\"currentColor\" stroke-linecap=\"round\" stroke-linejoin=\"round\" stroke-width=\"16\"><\/polyline><\/svg><\/span><\/span>\n<\/div>\n\n\n\n<div class=\"gb-accordion__content\" id=\"gb-accordion-content-ac18b21b\">\n<div class=\"gb-element-16a3f81f\">\n<p>Wir pr\u00fcfen die M\u00f6glichkeit, ein internationales Vertriebsnetz aufzubauen. Vereinbaren Sie einen Termin mit unserem Vertriebsleiter, um dies zu besprechen!<\/p>\n<\/div>\n<\/div>\n<\/div>\n<\/div>\n<\/div>\n\n\n\n<div><\/div>\n<\/div>\n<\/div>\n<\/div>","protected":false},"excerpt":{"rendered":"<p>H\u00e4ufig gestellte Fragen Sollten Sie die gesuchte Antwort nicht finden, kontaktieren Sie uns. Unser Team steht Ihnen gerne mit direkter Unterst\u00fctzung und individueller Beratung zur Seite.<\/p>","protected":false},"author":2,"featured_media":0,"parent":0,"menu_order":0,"comment_status":"closed","ping_status":"closed","template":"","meta":{"_acf_changed":false,"_joinchat":[],"footnotes":""},"class_list":["post-1406","page","type-page","status-publish"],"acf":[],"_links":{"self":[{"href":"https:\/\/www.rybreformer.com\/de\/wp-json\/wp\/v2\/pages\/1406","targetHints":{"allow":["GET"]}}],"collection":[{"href":"https:\/\/www.rybreformer.com\/de\/wp-json\/wp\/v2\/pages"}],"about":[{"href":"https:\/\/www.rybreformer.com\/de\/wp-json\/wp\/v2\/types\/page"}],"author":[{"embeddable":true,"href":"https:\/\/www.rybreformer.com\/de\/wp-json\/wp\/v2\/users\/2"}],"replies":[{"embeddable":true,"href":"https:\/\/www.rybreformer.com\/de\/wp-json\/wp\/v2\/comments?post=1406"}],"version-history":[{"count":0,"href":"https:\/\/www.rybreformer.com\/de\/wp-json\/wp\/v2\/pages\/1406\/revisions"}],"wp:attachment":[{"href":"https:\/\/www.rybreformer.com\/de\/wp-json\/wp\/v2\/media?parent=1406"}],"curies":[{"name":"wp","href":"https:\/\/api.w.org\/{rel}","templated":true}]}}