{"id":1558,"date":"2026-02-06T11:47:27","date_gmt":"2026-02-06T10:47:27","guid":{"rendered":"https:\/\/www.rybreformer.com\/dichiarazione-sulla-privacy-ue\/"},"modified":"2026-02-06T12:02:37","modified_gmt":"2026-02-06T11:02:37","slug":"privacy-policy","status":"publish","type":"page","link":"https:\/\/www.rybreformer.com\/de\/privacy-policy\/","title":{"rendered":"Datenschutzrichtlinie"},"content":{"rendered":"<!-- Legal document generated by Complianz | GDPR\/CCPA Cookie Consent https:\/\/wordpress.org\/plugins\/complianz-gdpr -->\n<div id=\"cmplz-document\" class=\"cmplz-document privacy-statement cmplz-document-eu\"><p><i>Dieses Datenschutzdokument wird am 6. Februar 2026 fertiggestellt und steht Unternehmen und Personen mit Niederlassungen im Europ\u00e4ischen Wirtschaftsraum und in der Schweiz zur Verf\u00fcgung.<\/i><br \/><br \/><\/p><p><p>In dieser Datenschutzerkl\u00e4rung erkl\u00e4ren wir, was wir mit den Daten, die wir \u00fcber dich getan haben <a href=\"https:\/\/www.rybreformer.com\/de\">https:\/\/www.rybreformer.com\/de<\/a> gesammelt haben, tun. Wir empfehlen Ihnen, dieses Dokument sorgf\u00e4ltig zu lesen. W\u00e4hrend unserer Verarbeitung entsprechen wir den gesetzlichen Anforderungen. Dies bedeutet unter anderem:<\/p><ul>\n                <li>Wir w\u00fcrden gerne die beiden Wege f\u00fcr unsere pers\u00f6nliche Datenverarbeitung kennen lernen, an. Dies geschieht durch diese Datenschutzerkl\u00e4rung.<\/li>\n                <li>Wir m\u00f6chten Sie dar\u00fcber informieren, dass Ihre personenbezogenen Daten Ihnen zur Verf\u00fcgung gestellt werden und dass diese Ihnen rechtm\u00e4\u00dfig \u00fcbermittelt werden.<\/li>\n                <li>Wir bitten Sie, die Details des Lochs zu erl\u00e4utern, falls Sie an keiner der Personen interessiert sind, an denen Sie interessiert sind.<\/li>\n                <li>Wir werden angemessene Sicherheitsma\u00dfnahmen ergreifen, um Ihre personenbezogenen Daten zu sch\u00fctzen und dies ebenso von Parteien zu verlangen, die personenbezogene Daten in unserem Auftrag verarbeiten.<\/li>\n                <li>Wir sind verantwortlich f\u00fcr das Recht auf das Recht, die rechtlichen Informationen oder die Informationen \u00fcber die betroffenen Personen.<\/li>\n            <\/ul><p>Wenn Sie Fragen haben oder wissen m\u00f6chten, welche pers\u00f6nlichen Daten \u00fcber Sie verf\u00fcgen, kontaktieren Sie uns bitte.<\/p><\/p><h2>1. Zweck, Daten und Aufbewahrungsfrist<\/h2>Wir k\u00f6nnen personenbezogene Daten f\u00fcr eine Reihe von Zwecken im Zusammenhang mit unserer Gesch\u00e4ftst\u00e4tigkeit sammeln oder erhalten, darunter die folgenden: (zum Vergr\u00f6\u00dfern anklicken)<details class=\"cmplz-dropdown dropdown-privacy-statement\"><summary><div><h3>1.1 Kontaktaufnahme \u2013 per Telefon, Post, E-Mail und\/oder Webformat<\/h3><\/div><\/summary><p class=\"cmplz-subtitle\">Dies ist das erste Mal, dass wir die folgenden Daten sehen:<\/p><p><ul><li>Ein Vor- und Nachname<\/li><li>Eine E-Mail-Adresse<\/li><li>Eine Telefonnummer<\/li><li>IP-Adresse<\/li><\/ul><\/p><p class=\"cmplz-subtitle\">Die Grundlage, auf der diese Daten verarbeitet werden k\u00f6nnen, ist:<\/p><p><a target=\"_blank\" rel=\"noopener noreferrer nofollow\" href=\"https:\/\/cookiedatabase.org\/legal-bases\/#consent\">N\u00e4chste Erkl\u00e4rung der Zustimmung.<\/a><\/p><p class=\"cmplz-subtitle\">Bewahrungsfrist<\/p><p>Wir speichern diese Daten bis zur Best\u00e4tigung des Dienstes.<\/p><\/details><details class=\"cmplz-dropdown dropdown-privacy-statement\"><summary><div><h3>1.2 Rundschreiben<\/h3><\/div><\/summary><p class=\"cmplz-subtitle\">Dies ist das erste Mal, dass wir die folgenden Daten sehen:<\/p><p><ul><li>Ein Vor- und Nachname<\/li><li>Eine E-Mail-Adresse<\/li><\/ul><\/p><p class=\"cmplz-subtitle\">Die Grundlage, auf der diese Daten verarbeitet werden k\u00f6nnen, ist:<\/p><p><a target=\"_blank\" rel=\"noopener noreferrer nofollow\" href=\"https:\/\/cookiedatabase.org\/legal-bases\/#consent\">N\u00e4chste Erkl\u00e4rung der Zustimmung.<\/a><\/p><p class=\"cmplz-subtitle\">Bewahrungsfrist<\/p><p>Wir speichern diese Daten bis zur Best\u00e4tigung des Dienstes.<\/p><\/details><h2>2. Cookies<\/h2><p>Unsere Website verwendet Cookies. Weitere Informationen zu Cookies finden Sie hier. <a href=\"https:\/\/www.rybreformer.com\/de\/cookie-policy\/\">Cookie-Richtlinie<\/a> nach.&nbsp;<\/p><h2>3. Offenlegungspraktiken<\/h2><p><p>Wir legen personenbezogene Daten offen, wenn wir gesetzlich oder per Gerichtsbeschluss dazu verpflichtet sind, z. B. auf Anforderung einer Strafverfolgungsbeh\u00f6rde, soweit dies im Rahmen der gesetzlichen Bestimmungen zul\u00e4ssig ist, um Ausk\u00fcnfte zu erteilen, oder f\u00fcr eine Untersuchung in einer Angelegenheit, die die \u00f6ffentliche Sicherheit betrifft.<\/p><p>Wir unsere Website oder unser Unternehmen im Rahmen einer Fusion oder \u00dcbernahme \u00fcbernommen oder verkauft wird, k\u00f6nnen Ihre Daten unseren Beratern und potenziellen K\u00e4ufern \u00fcbermittelt und einem die neuen Eigent\u00fcmer \u00fcbermittelt werden.<\/p><\/p><p>Bitte \u00fcberpr\u00fcfen Sie die bei Google verf\u00fcgbaren Daten.<\/p><p>Google darf die Daten nicht f\u00fcr andere Google-Dienste verwenden.<\/p><p>Die Angabe der vollst\u00e4ndigen IP-Adresse ist untersagt.<\/p><h2>4. Sicherheit<\/h2><p>Wir sind die sichersten Menschen in unserem Leben. Wir unternehmen entsprechende Sicherheitsma\u00dfnahmen, um Missbrauch und unbefugten Zugriff auf personenbezogene Daten zu begrenzen. Solange Sie in Sicherheit sind, hat nur eine Person im Zugriff ein Recht auf ihr Leben, diese Person im Zugriff ist hier und ihre Sicherheitsma\u00dfnahmen wurden ber\u00fccksichtigt.<\/p><h2>5. Websites von Drittanbietern<\/h2><p>Diese Datenschutzinformationen sind f\u00fcr die Websites der jeweiligen Anbieter nicht verf\u00fcgbar, da die Links zu unserer Website nicht mit uns verkn\u00fcpft sind. Wir k\u00f6nnen nicht garantieren, dass Ihnen diese Rechte von den betreffenden Anbietern gew\u00e4hrt werden oder dass diese sicher sind. Wir m\u00f6chten Sie lediglich zu Ihrer Information \u00fcber die Datenschutzbestimmungen dieser Websites informieren.<\/p><h2>6. Erg\u00e4nzungen zu dieser Datenschutzerkl\u00e4rung<\/h2><p>Wir sind auf der Suche nach dem Richtigen, gehen Sie zu dieser Datenschutzerkl\u00e4rung. Das hei\u00dft, diese Datenschutzerkl\u00e4rung regelm\u00e4\u00dfig zu lesen, um sich \u00fcber \u00c4nderungen zu informieren. Dar\u00fcber hinaus informieren wir dich wo immer m\u00f6glich.<\/p><h2>7. Zugriff und Ihre Bearbeitungsdaten<\/h2><p>Wenn Sie Fragen haben oder wissen m\u00f6chten, welche pers\u00f6nlichen Daten \u00fcber Sie verf\u00fcgen, kontaktieren Sie uns bitte. Hier finden Sie alle Informationen, die Sie ben\u00f6tigen. Haben Sie gerade Folgendes gesehen:<\/p><ul>\n                <li>Von nun an ist die Person, die dort wohnt, schon lange mit ihnen zusammen und kennt sie schon lange.<\/li>\n                <li>Zugriffsrecht: Du hast das Recht deine uns bekannten personenbezogenen Daten einzusehen.<\/li>\n                <li>Recht auf Meldung: Du hast das Recht wann immer du w\u00fcnschst, deine pers\u00f6nlichen Daten zu erg\u00e4nzen, zu korrigieren sowie zu l\u00f6schen oder zu blockieren.<\/li>\n                <li>Wenn du uns dein Unverst\u00e4ndnis zur Verarbeitung deiner Daten gegeben hast, hast du das Recht dieses Unverst\u00e4ndnis zu widerrufen und deine pers\u00f6nlichen Daten l\u00f6schen zu lassen.<\/li>\n                <li>Recht auf Datentransfer deiner Daten: Du hast das Recht, alle deine pers\u00f6nlichen Daten von einem Verantwortlichen anzufordern und in ihrer Gesamtheit an einen anderen Verantwortlichen zu \u00fcbertragen.<\/li>\n                <li>Widerspruchsrecht: Du kannst der Verarbeitung deiner Daten widersprechen. Wir entsprechen dem, es sind sechs, denn es gibt berechtigte Gr\u00fcnde f\u00fcr die Verarbeitung.<\/li>\n            <\/ul><p>Bitte stellen Sie sicher, dass Sie sich immer dar\u00fcber im Klaren sind, wer Sie sind, sodass wir sicher sein k\u00f6nnen, dass die Daten der falschen Person nicht bearbeitet oder gel\u00f6scht werden k\u00f6nnen.<\/p><h2>8. Eine Beschwerde \u00fcbermitteln<\/h2><p>Wenn Sie mit der Art und Weise nicht zufrieden sind, in der wir (Ihre Beschwerde) die Verarbeitung Ihrer personenbezogenen Daten handhaben, haben Sie das Recht, eine Beschwerde an die Datenschutzbeh\u00f6rde zu richten.<\/p><h2>9. Kontaktdaten<\/h2><p>FOURTUNE SRL.<br \/>\n        Via Andrea Fantoni, 5<br \/>\n24121 \u2013 Bergamo (BG)<br \/>\n        Italien<br \/>\n        Webseite: <a href=\"https:\/\/www.rybreformer.com\/de\">https:\/\/www.rybreformer.com\/de<\/a> <br \/>\n        E-Mail: <span class=\"cmplz-obfuscate\">Info@<span class=\"cmplz-fmail-domain\">ex.com<\/span>&#114;y&#098;re&#102;&#111;r&#109;e&#114;.&#099;om<\/span> <br \/>\n        Telefonnummer: 3314090158<\/p><\/div>","protected":false},"excerpt":{"rendered":"","protected":false},"author":2,"featured_media":0,"parent":0,"menu_order":0,"comment_status":"closed","ping_status":"closed","template":"","meta":{"_acf_changed":false,"_joinchat":[],"footnotes":""},"class_list":["post-1558","page","type-page","status-publish"],"acf":[],"_links":{"self":[{"href":"https:\/\/www.rybreformer.com\/de\/wp-json\/wp\/v2\/pages\/1558","targetHints":{"allow":["GET"]}}],"collection":[{"href":"https:\/\/www.rybreformer.com\/de\/wp-json\/wp\/v2\/pages"}],"about":[{"href":"https:\/\/www.rybreformer.com\/de\/wp-json\/wp\/v2\/types\/page"}],"author":[{"embeddable":true,"href":"https:\/\/www.rybreformer.com\/de\/wp-json\/wp\/v2\/users\/2"}],"replies":[{"embeddable":true,"href":"https:\/\/www.rybreformer.com\/de\/wp-json\/wp\/v2\/comments?post=1558"}],"version-history":[{"count":0,"href":"https:\/\/www.rybreformer.com\/de\/wp-json\/wp\/v2\/pages\/1558\/revisions"}],"wp:attachment":[{"href":"https:\/\/www.rybreformer.com\/de\/wp-json\/wp\/v2\/media?parent=1558"}],"curies":[{"name":"wp","href":"https:\/\/api.w.org\/{rel}","templated":true}]}}