{"id":1559,"date":"2026-02-06T12:01:43","date_gmt":"2026-02-06T11:01:43","guid":{"rendered":"https:\/\/www.rybreformer.com\/?page_id=1559"},"modified":"2026-02-06T12:18:23","modified_gmt":"2026-02-06T11:18:23","slug":"allgemeine-geschaftsbedingungen","status":"publish","type":"page","link":"https:\/\/www.rybreformer.com\/de\/termini-e-condizioni\/","title":{"rendered":"Gesch\u00e4ftsbedingungen"},"content":{"rendered":"<h2 class=\"wp-block-heading\"><strong>Allgemeine Gesch\u00e4ftsbedingungen f\u00fcr Online-Verk\u00e4ufe<\/strong><\/h2>\n\n\n\n<p>Diese allgemeinen Verkaufsbedingungen regeln den Verkauf zwischen&nbsp;<strong>Fortune Srl.&nbsp;<\/strong>\u2013 Eingetragener Firmensitz: Via Andrea Fantoni, 5, 24121, Bergamo (BG), Umsatzsteuer-Identifikationsnummer: 04470310162 \u2013 und der Kunde in Bezug auf die vom Verk\u00e4ufer auf der Website vermarkteten Produkte.<\/p>\n\n\n\n<p>Wenn Sie als Kunde an einem Kauf unserer Produkte interessiert sind, bitten wir Sie, diese Allgemeinen Verkaufsbedingungen vor dem Kauf auf unserer Website sorgf\u00e4ltig zu lesen. Mit dem Kauf von Produkten \u00fcber unsere Website erkl\u00e4ren Sie, dass Sie diese Allgemeinen Verkaufsbedingungen gelesen haben und ihnen ausdr\u00fccklich zustimmen. Die Produktbeschreibung finden Sie im technischen Datenblatt des jeweiligen Produkts auf unserer Website. Wir empfehlen Ihnen, diese Allgemeinen Verkaufsbedingungen auszudrucken und\/oder f\u00fcr Ihre Unterlagen aufzubewahren.<\/p>\n\n\n\n<p><strong>1. Definitionen<\/strong><\/p>\n\n\n\n<p>1.1. Im Sinne dieser Allgemeinen Vertragsbedingungen haben die folgenden Begriffe die nachstehend aufgef\u00fchrten Bedeutungen:<\/p>\n\n\n\n<ul class=\"wp-block-list\">\n<li><strong>Verk\u00e4ufer<\/strong>: Fortune Srl, mit Sitz in (24121) Bergamo, via Andrea Fantoni n. 5.<\/li>\n\n\n\n<li><strong>Verbraucher<\/strong>: jede nat\u00fcrliche Person, die die Produkte zu Zwecken erwirbt, die nicht mit einer gewerblichen, unternehmerischen oder beruflichen T\u00e4tigkeit in Zusammenhang stehen.<\/li>\n\n\n\n<li><strong>Kunde<\/strong>: die Person, die die Produkte vom Verk\u00e4ufer erwirbt, sei es ein Verbraucher oder ein Gewerbetreibender.<\/li>\n\n\n\n<li><strong>Produkte<\/strong>Pilates-Ger\u00e4te und -Ausr\u00fcstung, die \u00fcber den E-Commerce-Kanal der Website verkauft werden.<\/li>\n\n\n\n<li><strong>Webseite<\/strong>: die Website\u00a0<a href=\"https:\/\/eur02.safelinks.protection.outlook.com\/?url=http:\/\/www.rybreformer.com\/&amp;data=05%257C02%257CMarta.Pezzera@clydeco.com%257C6fe9a6f9db5f45f1604708dcdd1db475%257Ceb5e156e540c42da8f8c0cd5639f036a%257C0%257C1%257C638628366915652924%257CUnknown%257CTWFpbGZsb3d8eyJWIjoiMC4wLjAwMDAiLCJQIjoiV2luMzIiLCJBTiI6Ik1haWwiLCJXVCI6Mn0=%257C0%257C%257C%257C&amp;sdata=N4ZPg6AXzZPHpl2LWxoQQIjYboR7rQfNe6hu7NVxq78=&amp;reserved=0\">www.rybreformer.com<\/a>\u00a0 und\/oder \u00fcber die der Online-Verkauf der Produkte stattfindet.<\/li>\n<\/ul>\n\n\n\n<p><strong>2. Vertragsgegenstand<\/strong><\/p>\n\n\n\n<p>2.1. Diese Allgemeinen Vertragsbedingungen regeln den Verkauf von Produkten \u00fcber die Website durch den Verk\u00e4ufer an die Kunden.<\/p>\n\n\n\n<p><strong>3. Annahme der Allgemeinen Gesch\u00e4ftsbedingungen<\/strong><\/p>\n\n\n\n<p>3.1. Mit der Bestellung \u00fcber die Website erkl\u00e4rt man sich mit diesen Allgemeinen Gesch\u00e4ftsbedingungen in vollem Umfang einverstanden.<\/p>\n\n\n\n<p>3.2. Der Kunde ist verpflichtet, die auf der Website verf\u00fcgbaren Allgemeinen Gesch\u00e4ftsbedingungen vor der Bestellung sorgf\u00e4ltig zu lesen.<\/p>\n\n\n\n<p><strong>4. Beschaffungsmethoden und Vertragsabschluss<\/strong><\/p>\n\n\n\n<p>4.1. Der Kunde w\u00e4hlt die Produkte \u00fcber die Website aus und f\u00fcgt sie dem virtuellen Warenkorb hinzu.<\/p>\n\n\n\n<p>4.2. Nach Abschluss des Bestellvorgangs und Best\u00e4tigung der Zahlung erh\u00e4lt der Kunde eine Best\u00e4tigungs-E-Mail vom Verk\u00e4ufer. Diese E-Mail stellt die Annahme der Bestellung und den Abschluss des Kaufvertrags dar.<\/p>\n\n\n\n<p><strong>5. Preise und Zahlungen<\/strong><\/p>\n\n\n\n<p>5.1. Alle auf der Website angegebenen Preise verstehen sich in Euro und beinhalten die jeweils geltende Mehrwertsteuer.<\/p>\n\n\n\n<p>5.2. Eventuell anfallende Versandkosten werden w\u00e4hrend des Kaufvorgangs separat ausgewiesen.<\/p>\n\n\n\n<p>5.3. Die Zahlung kann per Kreditkarte, PayPal, Bank\u00fcberweisung oder anderen auf der Website angegebenen Methoden erfolgen.<\/p>\n\n\n\n<p>5.4. Die Zahlung kann in zwei Raten zu je 50% erfolgen, wobei die erste bei Auftragsbest\u00e4tigung und die zweite vor dem Versand der gekauften Produkte f\u00e4llig ist.<\/p>\n\n\n\n<p><strong>6. Lieferung der Produkte<\/strong><\/p>\n\n\n\n<p>6.1. Die Produkte werden ab Werk an das Lager des Verk\u00e4ufers oder an die vom Kunden bei der Bestellung angegebene Adresse geliefert; daher erfolgt der Transport der Produkte auf Risiko des Kunden, sobald sie im Lager des Verk\u00e4ufers zum Transport bereitgestellt werden;<\/p>\n\n\n\n<p>6.2. Die Lieferzeiten werden w\u00e4hrend der Kaufphase des Produkts angegeben und k\u00f6nnen je nach Produktverf\u00fcgbarkeit und Bestimmungsort variieren.<\/p>\n\n\n\n<p>6.3. Der Verk\u00e4ufer haftet nicht f\u00fcr Verz\u00f6gerungen, die au\u00dferhalb seiner Kontrolle liegen oder auf h\u00f6here Gewalt zur\u00fcckzuf\u00fchren sind.<\/p>\n\n\n\n<p>6.4. Die Produkte werden in Holzkisten geliefert und je nach Modell teilmontiert oder vollst\u00e4ndig montiert. Im ersten Fall ist der Kunde f\u00fcr die Endmontage verantwortlich; hierf\u00fcr wird ein Montagesatz mitgeliefert. Montageanleitungsvideos stehen auf der Website zur Verf\u00fcgung.<\/p>\n\n\n\n<p>6.5. Nach Erhalt der Ware ist der Kunde verpflichtet, die Unversehrtheit der Verpackung und die \u00dcbereinstimmung der Paketanzahl mit der auf den Versanddokumenten angegebenen Anzahl zu \u00fcberpr\u00fcfen. Sollten die Pakete besch\u00e4digt sein oder zu wenige vorhanden sein, muss der Empf\u00e4nger dies dem Transportunternehmen schriftlich auf dem Versanddokument vermerken.<\/p>\n\n\n\n<p><strong>7. Nutzung der Maschinen<\/strong><\/p>\n\n\n\n<p>7.1. Es wird empfohlen, die Produkte barfu\u00df und ausschlie\u00dflich von Personen mit Pilates-Ausbildung oder, falls entsprechende Zertifikate und eine professionelle Ausbildung fehlen, unter st\u00e4ndiger Anleitung eines qualifizierten Trainers zu verwenden, da die Ger\u00e4te ausschlie\u00dflich f\u00fcr die Pilates-Methode entwickelt wurden. Jede andere Verwendung ist daher ausgeschlossen, und jegliche Folgen, einschlie\u00dflich Sch\u00e4den, tr\u00e4gt allein der Kunde.<\/p>\n\n\n\n<p><strong>8. Konformit\u00e4tsgarantie<\/strong><\/p>\n\n\n\n<p>8.1. Unbeschadet der gesetzlichen Gew\u00e4hrleistung gem\u00e4\u00df Art. 128 ff. des franz\u00f6sischen Verbraucherschutzgesetzes (die selbstverst\u00e4ndlich nicht f\u00fcr Verschlei\u00dfteile wie z. B. R\u00e4der, Federn, Polster, Gummi- und Kunststoffteile gilt), gew\u00e4hrt der Verk\u00e4ufer dem Kunden als Beweis f\u00fcr die hohe Qualit\u00e4t seiner Produkte eine standardm\u00e4\u00dfige f\u00fcnfj\u00e4hrige Garantie auf alle nicht verschlei\u00dfanf\u00e4lligen Teile (wie z. B. Holzrahmen, Aluminiumrahmen, den Wagen, den Turm, die Fu\u00dfstange, das Sprungbrett, die Schulterst\u00fctzen usw.). Verschlei\u00dfteile (wie z. B. R\u00e4der, Federn, Polster, Gummi- und Kunststoffteile) sind daher ausdr\u00fccklich von dieser f\u00fcnfj\u00e4hrigen Garantie ausgeschlossen.<\/p>\n\n\n\n<p>8.2. Der Kunde verliert die Gew\u00e4hrleistung, wenn er einen Mangel nicht innerhalb von i) f\u00fcnf Tagen (f\u00fcr gewerbliche Kunden) bzw. ii) zwei Monaten (f\u00fcr gewerbliche Kunden) ab dessen Entdeckung dem Verk\u00e4ufer per E-Mail und\/oder Einschreiben meldet. Es ist dem Kunden strengstens untersagt, das Produkt durch nicht vom Verk\u00e4ufer autorisierte Techniker reparieren zu lassen. Zuwiderhandlungen f\u00fchren zum Verlust der Gew\u00e4hrleistung.;<\/p>\n\n\n\n<p>8.3. Die Garantie deckt ausschlie\u00dflich Herstellungsfehler des Ger\u00e4ts ab und umfasst keine Vor-Ort-Serviceleistungen. Sie deckt keine Sch\u00e4den ab, die durch unsachgem\u00e4\u00dfe Verwendung (au\u00dfer wie in Artikel 7 beschrieben), \u00c4nderungen, unzureichende Wartung oder Unfallsch\u00e4den verursacht wurden. Die Garantie gilt nur f\u00fcr den urspr\u00fcnglichen K\u00e4ufer und ist nicht \u00fcbertragbar. Sie deckt keine M\u00e4ngel ab, die auf Modifikationen oder fehlerhafte Montage durch den Kunden zur\u00fcckzuf\u00fchren sind. Die Garantie deckt keine damit verbundenen Kosten, wie z. B. Maschinenstillstand und\/oder sonstige Kosten. Jegliche technische Eingriffe, Transportkosten oder zus\u00e4tzliche Ausgaben gehen zu Lasten des K\u00e4ufers.<\/p>\n\n\n\n<p><strong>9. Widerrufsrecht<\/strong><\/p>\n\n\n\n<p>9.1. Jeder Kunde kann eine Bestellung innerhalb von 24 Stunden nach Best\u00e4tigung stornieren. In diesem Fall erstattet der Verk\u00e4ufer den Kaufpreis um 100%. Wird eine Bestellung innerhalb von 24 Stunden nach der urspr\u00fcnglichen Bestellung storniert und\/oder ge\u00e4ndert, erstattet der Verk\u00e4ufer den gezahlten Betrag abz\u00fcglich 25%, unbeschadet der nachfolgenden Bestimmungen f\u00fcr Verbraucher. Alle nachfolgenden Bestellungen werden als separate Bestellungen behandelt.<\/p>\n\n\n\n<p>9.2. Der Verbraucher hat das Recht, innerhalb von 14 Tagen nach Erhalt der Ware ohne Angabe von Gr\u00fcnden vom Vertrag zur\u00fcckzutreten.<\/p>\n\n\n\n<p>9.3. Um das Widerrufsrecht auszu\u00fcben, muss der Verbraucher den Verk\u00e4ufer per E-Mail oder Einschreiben informieren. Der Verk\u00e4ufer sendet dem Verbraucher anschlie\u00dfend eine Best\u00e4tigungs-E-Mail \u00fcber den Eingang der Widerrufserkl\u00e4rung.<\/p>\n\n\n\n<p>9.4. Der Verbraucher muss die Produkte innerhalb von 14 Tagen nach der Widerrufserkl\u00e4rung auf eigene Kosten und im selben Zustand, in dem er sie erhalten hat, zur\u00fccksenden. Der Verk\u00e4ufer erstattet den gezahlten Betrag einschlie\u00dflich der Standardversandkosten innerhalb von 14 Tagen nach Erhalt der zur\u00fcckgesandten Produkte.<\/p>\n\n\n\n<p><strong>10. Haftungsbeschr\u00e4nkung und Freistellung<\/strong><\/p>\n\n\n\n<p>10.1. Der Verk\u00e4ufer haftet nicht f\u00fcr indirekte Sch\u00e4den, entgangenen Gewinn oder sonstige wirtschaftliche Verluste, die aus der Verwendung der Produkte entstehen.<\/p>\n\n\n\n<p>10.2. Die Haftung des Verk\u00e4ufers ist in jedem Fall auf den Wert des gekauften Produkts beschr\u00e4nkt.<\/p>\n\n\n\n<p>10.3. Der Kunde verpflichtet sich, an den Orten, an denen die Installation und\/oder Wartung der Produkte durchgef\u00fchrt wird, alle erforderlichen Ma\u00dfnahmen zu ergreifen, um sicherzustellen, dass der Ort f\u00fcr die Arbeiten sicher ist und keine Gesundheitsgef\u00e4hrdung f\u00fcr das mit der Installation oder Wartung befasste Personal darstellt. Zu diesem Zweck stellt der Kunde den Verk\u00e4ufer von jeglicher Haftung f\u00fcr Sach- und\/oder Personensch\u00e4den frei, die in der Umgebung, in der die Installations- oder Wartungsarbeiten durchgef\u00fchrt werden, entstehen k\u00f6nnen, es sei denn, es handelt sich um vors\u00e4tzliches oder grob fahrl\u00e4ssiges Verhalten des Verk\u00e4ufers.<\/p>\n\n\n\n<p><strong>11. Schutz personenbezogener Daten<\/strong><\/p>\n\n\n\n<p>11.1. Die vom Kunden bereitgestellten personenbezogenen Daten werden gem\u00e4\u00df den gesetzlichen Bestimmungen zum Schutz personenbezogener Daten (EU-Verordnung 2016\/679 \u2013 DSGVO) verarbeitet.<\/p>\n\n\n\n<p>11.2. Weitere Informationen zur Datenverarbeitung finden Sie in der Datenschutzerkl\u00e4rung auf der Website.<\/p>\n\n\n\n<p><strong>12. Anwendbares Recht und Gerichtsstand<\/strong><\/p>\n\n\n\n<p>12.1. Diese Allgemeinen Vertragsbedingungen unterliegen italienischem Recht.<\/p>\n\n\n\n<p>12.2. Alle Streitigkeiten aus diesem Vertrag unterliegen der Gerichtsbarkeit der Gerichte am Wohnsitz des Verbrauchers, sofern dieser in Italien liegt. Ist der Kunde kein Verbraucher, ist ausschlie\u00dflich das Gericht von Bergamo zust\u00e4ndig. Der Verk\u00e4ufer beh\u00e4lt sich jedoch in jedem Fall das Recht vor, gegen den Kunden vor den Gerichten an dessen Wohnsitz vorzugehen.<\/p>\n\n\n\n<p><strong>13. \u00c4nderungen der Allgemeinen Gesch\u00e4ftsbedingungen<\/strong><\/p>\n\n\n\n<p>13.1. Der Verk\u00e4ufer beh\u00e4lt sich das Recht vor, diese Allgemeinen Gesch\u00e4ftsbedingungen jederzeit zu \u00e4ndern. Die \u00c4nderungen treten mit ihrer Ver\u00f6ffentlichung auf der Website in Kraft. Bereits angenommene Bestellungen sind von den \u00c4nderungen nicht betroffen.<\/p>\n\n\n\n<p>&nbsp;Gelesen, best\u00e4tigt und unterschrieben<\/p>\n\n\n\n<p>_____________________________<\/p>\n\n\n\n<p>Gem\u00e4\u00df Artikel 1341 Absatz 2 und Artikel 1342 Absatz 2 des italienischen Zivilgesetzbuches werden die folgenden Klauseln ausdr\u00fccklich genehmigt:<\/p>\n\n\n\n<p>Art. 3 \u2013 Annahme der Allgemeinen Gesch\u00e4ftsbedingungen<\/p>\n\n\n\n<p>Art. 6 \u2013 Lieferung von Produkten<\/p>\n\n\n\n<p>Art. 7 \u2013 Verwendung der Maschinen<\/p>\n\n\n\n<p>Art. 8 \u2013 Gew\u00e4hrleistung der Konformit\u00e4t<\/p>\n\n\n\n<p>Art. 9 \u2013 Widerrufsrecht<\/p>\n\n\n\n<p>Art. 10 \u2013 Haftungsbeschr\u00e4nkung und Freistellung<\/p>\n\n\n\n<p>Art. 12 \u2013 Anwendbares Recht und zust\u00e4ndiges Gericht<\/p>\n\n\n\n<p>Art. 13 \u2013 \u00c4nderungen der Allgemeinen Gesch\u00e4ftsbedingungen<\/p>\n\n\n\n<p>Die oben genannten Klauseln wurden gelesen, best\u00e4tigt und zur spezifischen Genehmigung gem\u00e4\u00df Artikel 1341 Absatz 2 und Artikel 1342 Absatz 2 des italienischen Zivilgesetzbuches unterzeichnet.<\/p>","protected":false},"excerpt":{"rendered":"<p>Allgemeine Gesch\u00e4ftsbedingungen f\u00fcr Online-Verk\u00e4ufe. Diese Allgemeinen Gesch\u00e4ftsbedingungen regeln den Kauf und Verkauf zwischen Fortune Srl \u2013 Sitz: Via Andrea Fantoni, 5, 24121 Bergamo (BG), USt-IdNr.: 04470310162 \u2013 und dem Kunden hinsichtlich der vom Verk\u00e4ufer auf der Website angebotenen Produkte. Bei Kaufinteresse wird der Kunde gebeten, die Allgemeinen Gesch\u00e4ftsbedingungen sorgf\u00e4ltig zu lesen\u2026 <a title=\"Gesch\u00e4ftsbedingungen\" class=\"read-more\" href=\"https:\/\/www.rybreformer.com\/de\/termini-e-condizioni\/\" aria-label=\"Weitere Informationen finden Sie unter Allgemeine Gesch\u00e4ftsbedingungen\">Mehr lesen<\/a><\/p>","protected":false},"author":2,"featured_media":0,"parent":0,"menu_order":0,"comment_status":"closed","ping_status":"closed","template":"","meta":{"_acf_changed":false,"_joinchat":[],"footnotes":""},"class_list":["post-1559","page","type-page","status-publish"],"acf":[],"_links":{"self":[{"href":"https:\/\/www.rybreformer.com\/de\/wp-json\/wp\/v2\/pages\/1559","targetHints":{"allow":["GET"]}}],"collection":[{"href":"https:\/\/www.rybreformer.com\/de\/wp-json\/wp\/v2\/pages"}],"about":[{"href":"https:\/\/www.rybreformer.com\/de\/wp-json\/wp\/v2\/types\/page"}],"author":[{"embeddable":true,"href":"https:\/\/www.rybreformer.com\/de\/wp-json\/wp\/v2\/users\/2"}],"replies":[{"embeddable":true,"href":"https:\/\/www.rybreformer.com\/de\/wp-json\/wp\/v2\/comments?post=1559"}],"version-history":[{"count":0,"href":"https:\/\/www.rybreformer.com\/de\/wp-json\/wp\/v2\/pages\/1559\/revisions"}],"wp:attachment":[{"href":"https:\/\/www.rybreformer.com\/de\/wp-json\/wp\/v2\/media?parent=1559"}],"curies":[{"name":"wp","href":"https:\/\/api.w.org\/{rel}","templated":true}]}}