{"id":1699,"date":"2026-03-04T10:36:48","date_gmt":"2026-03-04T09:36:48","guid":{"rendered":"https:\/\/www.rybreformer.com\/?page_id=1699"},"modified":"2026-04-15T11:50:56","modified_gmt":"2026-04-15T09:50:56","slug":"reformer-unterschrift-von-ryb","status":"publish","type":"page","link":"https:\/\/www.rybreformer.com\/de\/reformer-signature-by-ryb\/","title":{"rendered":"Reformer SIGNATURE von Ryb"},"content":{"rendered":"<div class=\"gb-element-fa9f89c5\">\n<div class=\"gb-element-523d15f8\">\n<video autoplay muted loop playsinline class=\"video-background\">\n  <source src=\"https:\/\/www.rybreformer.com\/wp-content\/uploads\/2026\/04\/lancio_2_signature-169.mp4\" type=\"video\/mp4\">\n  Ihr Browser unterst\u00fctzt das Video-Tag nicht.\n<\/video>\n<\/div>\n\n\n\n<div class=\"gb-element-8f2212d5\">\n<video autoplay muted loop playsinline class=\"video-background\">\n  <source src=\"https:\/\/www.rybreformer.com\/wp-content\/uploads\/2026\/04\/lancio_2_signature2a3.mp4\" type=\"video\/mp4\">\n  Ihr Browser unterst\u00fctzt das Video-Tag nicht.\n<\/video>\n<\/div>\n\n\n\n<div class=\"gb-element-852897cd\">\n<div class=\"gb-element-952223f3\">\n<img loading=\"lazy\" decoding=\"async\" width=\"900\" height=\"341\" class=\"gb-media-92162d44\" alt=\"Wei\u00dfes Signatur-Logo\" title=\"Wei\u00dfes Signatur-Logo\" src=\"https:\/\/www.rybreformer.com\/wp-content\/uploads\/2026\/04\/logo-signature-bianco.webp\" srcset=\"https:\/\/www.rybreformer.com\/wp-content\/uploads\/2026\/04\/logo-signature-bianco.webp 900w, https:\/\/www.rybreformer.com\/wp-content\/uploads\/2026\/04\/logo-signature-bianco-300x114.webp 300w, https:\/\/www.rybreformer.com\/wp-content\/uploads\/2026\/04\/logo-signature-bianco-768x291.webp 768w, https:\/\/www.rybreformer.com\/wp-content\/uploads\/2026\/04\/logo-signature-bianco-18x7.webp 18w\" sizes=\"auto, (max-width: 900px) 100vw, 900px\" \/>\n<\/div>\n\n\n\n<div class=\"gb-element-0e98283a\">\n<a class=\"gb-text gb-text-5732c1bb btn-white-main animate__zoomInDown\" href=\"https:\/\/www.reformersignature.com\/it\/signature\" target=\"_blank\" rel=\"noopener\">Entdecken Sie das RYB Signature Programm<\/a>\n<\/div>\n<\/div>\n<\/div>\n\n\n\n<div class=\"gb-element-d3b19028\">\n<div class=\"gb-element-e3fce592\">\n<h3 class=\"gb-text gb-text-0fc869d7 animate__zoomInUp\"><strong><strong>SKALIEREN, STREAMEN, LERNEN<\/strong>. <\/strong><\/h3>\n\n\n\n<h5 class=\"gb-text gb-text-a3af269f animate__zoomInUp\">All-in-One-Digitalplattform<\/h5>\n\n\n\n<p class=\"gb-text gb-text-3a89f799 animate__zoomInUp translation-block\">Entwickelt von Pilates-Profis, unterst\u00fctzt durch digitale Innovation.<br> Reformer Signature ist eine Plattform, die <strong>digitale Inhalte, Trainings und Business-Tools<\/strong> vereint und konkrete L\u00f6sungen bietet, die Leistung, E-Learning und digitale Innovation verbinden. Eine skalierbare L\u00f6sung f\u00fcr Studios und Fitnessstudios, die sich durch Qualit\u00e4t, wissenschaftliche Methodik und innovativen Ansatz auszeichnen m\u00f6chten.<\/p>\n\n\n\n<p class=\"gb-text gb-text-94ab3798 animate__zoomInUp\">Ein digitales \u00d6kosystem, in dem Sie Folgendes finden k\u00f6nnen:<\/p>\n\n\n\n<div class=\"gb-element-4bca3a00\">\n<div>\n<a class=\"gb-element-e3370ccd opacity-background animate__zoomInUp\" href=\"https:\/\/www.reformersignature.com\/it\/signature\" target=\"_blank\" rel=\"noopener\">\n<p class=\"gb-text gb-text-39980da7\">SIGNATURPROGRAMME<\/p>\n<\/a>\n\n\n\n<p class=\"gb-text gb-text-d612e089\">Ein skalierbares und replizierbares Reformer-Trainingssystem, das alle 8 Wochen aktualisiert wird und darauf ausgelegt ist, Ihrem Unternehmen Struktur und Mehrwert zu verleihen.<\/p>\n<\/div>\n\n\n\n<div class=\"gb-element-59720002\">\n<a class=\"gb-element-1ba36d02 opacity-background animate__zoomInUp\" target=\"_blank\" rel=\"noopener\" href=\"https:\/\/www.reformersignature.com\/it\/studio-stream\">\n<p class=\"gb-text gb-text-5b5caef6\"><strong>STUDIO-STREAM<\/strong><\/p>\n<\/a>\n\n\n\n<p class=\"gb-text gb-text-4f3b184a\">Eine Sammlung von On-Demand-Kursen, die f\u00fcr ein Premium-Erlebnis konzipiert wurden und sich perfekt f\u00fcr selbstgesteuertes Lernen eignen.<\/p>\n<\/div>\n\n\n\n<div>\n<div class=\"gb-element-56276797 opacity-background animate__zoomInUp\">\n<p class=\"gb-text gb-text-5ee24abd\"><strong>SIGNATURE ACADEMY<\/strong><\/p>\n<\/div>\n\n\n\n<p class=\"gb-text gb-text-b40947a3\">Zertifizierung zum Advanced Reformer Coach \u2013 60 Stunden professionelles Training mit internationalen Ausbildern.<\/p>\n<\/div>\n<\/div>\n<\/div>\n<\/div>\n\n\n\n<div class=\"gb-element-0bce9ab7 opacity-background\">\n<div class=\"gb-element-bc47ffc9\">\n<div class=\"gb-element-29881b30\">\n<div class=\"gb-element-532091a3\">\n<h3 class=\"gb-text gb-text-7465c4a2 animate__zoomInUp translation-block\">Alles in einer App:<br> intelligent, zug\u00e4nglich und<br> integriert.<\/h3>\n<\/div>\n\n\n\n<div class=\"gb-element-bbeade99\">\n<a class=\"gb-text gb-text-bca51c1d btn-white-main animate__zoomInDown\" href=\"https:\/\/www.rybreformer.com\/de\/reformer-unterschrift-von-ryb\/#pre-footer-form\">Holen Sie sich Signature jetzt in Ihr Studio!<\/a>\n<\/div>\n<\/div>\n<\/div>\n<\/div>\n\n\n\n<div class=\"gb-element-63717b3b\">\n<div>\n<div class=\"gb-element-bf174912\">\n<div class=\"gb-element-71528c1f blur-background\">\n<div class=\"gb-element-89e1b1ea\">\n<a class=\"js-open-video-modal\" href=\"https:\/\/www.rybreformer.com\/wp-content\/uploads\/2026\/04\/intervista_claudia_it.mp4\">\n<img decoding=\"async\" class=\"gb-media-105ce4d1\" style=\"width:350px;height:auto;\" alt=\"Wiedergabetaste\" title=\"Wiedergabetaste\" src=\"https:\/\/www.rybreformer.com\/wp-content\/uploads\/2026\/04\/videoclip-play.webp\"\/>\n<\/a>\n<\/div>\n\n\n\n<a class=\"gb-text gb-text-297e2410 btn-gey-main js-open-video-modal\" href=\"https:\/\/www.rybreformer.com\/wp-content\/uploads\/2026\/04\/intervista_claudia_it.mp4\">Sehen Sie sich das Video an<\/a>\n<\/div>\n\n\n\n<div class=\"gb-element-8b5b44e0\">\n<h3 class=\"gb-text gb-text-74a46189 animate__zoomInUp\">Warum w\u00e4hlen?<br>RYB-Signaturprogramme<\/h3>\n\n\n\n<h5 class=\"gb-text gb-text-80b18c61 animate__zoomInUp translation-block\">EIN FORMAT <strong>, DAS \u00dcBERALL REPRODUZIERT WERDEN KANN<\/strong> .<br> EINE <strong>BESONDERE METHODE<\/strong> .<\/h5>\n\n\n\n<p class=\"gb-text gb-text-a3a0114b animate__zoomInUp\">Um erstklassige und inklusive Kurse zu gew\u00e4hrleisten, ben\u00f6tigen Sie ein strukturiertes, wiedererkennbares und replizierbares System, das die Identit\u00e4t Ihres Studios st\u00e4rkt.<\/p>\n\n\n\n<h5 class=\"gb-text gb-text-818d4358 animate__zoomInUp\"><strong>MIT SIGNATURPROGRAMMEN K\u00d6NNEN SIE<\/strong><\/h5>\n\n\n\n<p class=\"gb-text gb-text-46034d6e animate__zoomInUp\">\u2022 Lehrer in Hochleistungstrainer verwandeln&nbsp;<br>\u2022 F\u00fchren Sie eine einheitliche und sofort erkennbare Methode ein<br>\u2022 Bieten Sie klaren, professionellen und qualitativ hochwertigen Unterricht an.<br>\u2022 Steigern Sie die operative Flexibilit\u00e4t und die Gesamtleistung durch ein nahtloses System.<\/p>\n\n\n\n<a class=\"gb-text gb-text-c35e5960 btn-hero-main animate__fadeIn\" href=\"https:\/\/www.rybreformer.com\/de\/reformer-unterschrift-von-ryb\/#pre-footer-form\">Sprechen Sie mit einem RYB-Experten<\/a>\n<\/div>\n<\/div>\n<\/div>\n<\/div>\n\n\n\n<div class=\"gb-element-bb197d9c\">\n<div class=\"animate__zoomInUp\">\n<h3 class=\"gb-text gb-text-89b103ca\">W\u00c4HLEN SIE IHREN PLAN<\/h3>\n\n\n\n<h5 class=\"gb-text gb-text-017db70c\">3 verschiedene Abonnementpl\u00e4ne mit Ver\u00f6ffentlichungen alle 8 Wochen, direkt in Ihrem reservierten Bereich.<br><br>Sie k\u00f6nnen Folgendes aktivieren:<\/h5>\n<\/div>\n\n\n\n<div class=\"gb-element-6cab5944 animate__zoomInUp\">\n<div class=\"gb-element-b78db393\">\n<div class=\"gb-element-15dd1690\">\n<h4 class=\"gb-text gb-text-e7a110e6\"><strong>Signature Studio One<\/strong><\/h4>\n\n\n\n<h6 class=\"gb-text gb-text-ef9988c7\">1. Signature-Lektionen<\/h6>\n<\/div>\n\n\n\n<div class=\"gb-element-76e13c56\">\n<h4 class=\"gb-text gb-text-038e914e\">Signature Studio Plus<\/h4>\n\n\n\n<h6 class=\"gb-text gb-text-22c34bd1\">2. Signature-Lektionen<\/h6>\n<\/div>\n\n\n\n<div class=\"gb-element-b99511cb\">\n<h4 class=\"gb-text gb-text-b35d7b0f\"><strong>Signature Studio Pro<\/strong><\/h4>\n\n\n\n<h6 class=\"gb-text gb-text-01f3b397\">3. Signature-Lektionen<\/h6>\n<\/div>\n<\/div>\n<\/div>\n\n\n\n<div class=\"animate__zoomInUp\">\n<p class=\"gb-text gb-text-6fbb019f\">Die Mitgliedschaft im Signature-Programm beinhaltet den Zugang zu exklusiven Inhalten:<br>\u2022 Onboarding-Tools<br>\u2022 technische und detaillierte Materialien<br>\u2022 Technische Videos und Tipps zum Cueing<br>\u2022 kontinuierliche Weiterbildung<br>\u2022 ein effektiver methodischer Leitfaden f\u00fcr neue Ausbilder<br>\u2022 sofort einsatzbereite Marketingmaterialien<\/p>\n<\/div>\n<\/div>\n\n\n\n<div class=\"gb-element-efda7c7c\">\n<div class=\"animate__zoomInUp\">\n<h3 class=\"gb-text gb-text-9935d6ea\">SIGNATURPROGRAMME FORMATE<\/h3>\n<\/div>\n\n\n\n<div class=\"gb-element-bf945eb3 animate__zoomInUp\">\n<div class=\"gb-element-b45af581\">\n<div class=\"gb-element-c7dd2286\">\n<h4 class=\"gb-text gb-text-d08dfd0e\"><strong><strong>SIGNATURE BALANCE<\/strong><\/strong><\/h4>\n\n\n\n<h6 class=\"gb-text gb-text-4e1b0373\"><br><strong>Objektiv<\/strong>K\u00f6rperhaltung | Bewusstsein | Kontrolle&nbsp;<br><strong>Ebene<\/strong>: *&nbsp;<br>Ein langsamer und technischer Unterricht, der darauf abzielt, eine solide Grundlage zu schaffen: Ausrichtung, Kontrolle und Verbindung zum Kern.&nbsp;<br>Perfekt f\u00fcr Anf\u00e4nger, als strategische Erg\u00e4nzung zu anderen Trainingseinheiten oder Sportdisziplinen und f\u00fcr alle, die wieder zu qualitativ hochwertiger Bewegung zur\u00fcckkehren m\u00f6chten.&nbsp;<br><br>\u2022 Langsame Bewegungsabl\u00e4ufe, um die Technik zu beherrschen.&nbsp;<br>\u2022 Fokus auf Ausrichtung und Stabilit\u00e4t.&nbsp;<br>\u2022 Dehn\u00fcbungen zur Steigerung der Flexibilit\u00e4t.&nbsp;<\/h6>\n<\/div>\n\n\n\n<div class=\"gb-element-90e72f5c\">\n<h4 class=\"gb-text gb-text-75a0d301\"><strong><strong>UNVERWECHSELBARE PASSFORM &amp; FLEXIBILIT\u00c4T<\/strong><\/strong><\/h4>\n\n\n\n<h6 class=\"gb-text gb-text-be931af1\"><br><strong>Objektiv<\/strong>Kraft | Beweglichkeit | Muskeltonus&nbsp;&nbsp;<br><strong>Ebene<\/strong>: **&nbsp;<br>Eine ausgewogene Verbindung von Krafttraining und Mobilit\u00e4ts\u00fcbungen, bei der der K\u00f6rper auf ganzheitliche und funktionelle Weise stimuliert wird.&nbsp;<br>Die Bewegungsabl\u00e4ufe wechseln sich mit Phasen der Muskelaktivierung und Dehnung ab und erzeugen so einen kontinuierlichen und dynamischen Bewegungsfluss.&nbsp;&nbsp;<br><br>\u2022 Sanfte \u00dcberg\u00e4nge zwischen Kraft und Dehnung.&nbsp;<br>\u2022 Verbessert die Muskelausdauer und die Gelenkbeweglichkeit.&nbsp;<br>\u2022 Vollst\u00e4ndiges, skalierbares und ansprechendes Training.&nbsp;<\/h6>\n<\/div>\n\n\n\n<div class=\"gb-element-358bd28a\">\n<h4 class=\"gb-text gb-text-b412e1ee\"><strong><strong>SIGNATURKRAFT<\/strong><\/strong><\/h4>\n\n\n\n<h6 class=\"gb-text gb-text-279f5cb8\"><br><strong>Objektiv<\/strong>Kraft | Ausdauer | Funktionelle Leistungsf\u00e4higkeit&nbsp;<br><strong>Ebene<\/strong>: ***<br>Die intensivste Variante der RYB-Methode.<br>Langsame, kontrollierte Bewegungsabl\u00e4ufe f\u00fchren zu bewusster Erm\u00fcdung des Muskels und entwickeln so tiefe Kraft und Ausdauer.&nbsp;<br><br>\u2022 Langsame Tempi und isometrische \u00dcbungen f\u00fcr maximale Aktivierung.&nbsp;<br>\u2022 Stufenweise aufeinander aufbauende Fortschritte, um den Schwierigkeitsgrad schrittweise zu erh\u00f6hen.&nbsp;<br>\u2022 Viele Wiederholungen, um das \u201cBrennen\u201d zu sp\u00fcren.<\/h6>\n<\/div>\n<\/div>\n<\/div>\n<\/div>\n\n\n\n<div class=\"gb-element-c6d8025f\">\n<div>\n<div class=\"gb-element-4bee0f7c\">\n<div class=\"gb-element-814e7313 animate__zoomInUp\">\n<h3 class=\"gb-text gb-text-b15fc8f5\">F\u00dcR WEN IST DIE UNTERSCHRIFT DER REFORMER?&nbsp;<\/h3>\n\n\n\n<p class=\"gb-text gb-text-5c9da26c\">\u2022 Pilates-Studios, die die Qualit\u00e4t ihrer Reformer-Kurse mit einer effektiven, wissenschaftlichen und messbaren METHODE steigern m\u00f6chten.&nbsp;<br>\u2022 Zertifizierte Lehrkr\u00e4fte, die nach professionellen Werkzeugen f\u00fcr ihre Weiterentwicklung suchen&nbsp;<br>\u2022 Fitnessstudios und Fitnessclubs, die ihre Positionierung verbessern und ihr Gesch\u00e4ft ausbauen m\u00f6chten.&nbsp;&nbsp;<br><\/p>\n<\/div>\n\n\n\n<div><\/div>\n<\/div>\n<\/div>\n<\/div>","protected":false},"excerpt":{"rendered":"<p>Il tuo browser non supporta il tag video. Il tuo browser non supporta il tag video. Scopri RYB Signature Program SCALE, STREAM, LEARN. all in one digital platform Creato da professionisti del pilates, potenziato dall\u2019innovazione digitale.Reformer Signature \u00e8 una piattaforma che unisce&nbsp;contenuti digitali, formazione e strumenti di business, offrendo soluzioni concrete che combinano performance, e-learning &#8230; <a title=\"Reformer SIGNATURE von Ryb\" class=\"read-more\" href=\"https:\/\/www.rybreformer.com\/de\/reformer-signature-by-ryb\/\" aria-label=\"Mehr Informationen \u00fcber Reformer SIGNATURE by Ryb\">Mehr lesen<\/a><\/p>","protected":false},"author":2,"featured_media":0,"parent":0,"menu_order":0,"comment_status":"closed","ping_status":"closed","template":"","meta":{"_acf_changed":false,"_joinchat":[],"footnotes":""},"class_list":["post-1699","page","type-page","status-publish"],"acf":[],"_links":{"self":[{"href":"https:\/\/www.rybreformer.com\/de\/wp-json\/wp\/v2\/pages\/1699","targetHints":{"allow":["GET"]}}],"collection":[{"href":"https:\/\/www.rybreformer.com\/de\/wp-json\/wp\/v2\/pages"}],"about":[{"href":"https:\/\/www.rybreformer.com\/de\/wp-json\/wp\/v2\/types\/page"}],"author":[{"embeddable":true,"href":"https:\/\/www.rybreformer.com\/de\/wp-json\/wp\/v2\/users\/2"}],"replies":[{"embeddable":true,"href":"https:\/\/www.rybreformer.com\/de\/wp-json\/wp\/v2\/comments?post=1699"}],"version-history":[{"count":3,"href":"https:\/\/www.rybreformer.com\/de\/wp-json\/wp\/v2\/pages\/1699\/revisions"}],"predecessor-version":[{"id":2289,"href":"https:\/\/www.rybreformer.com\/de\/wp-json\/wp\/v2\/pages\/1699\/revisions\/2289"}],"wp:attachment":[{"href":"https:\/\/www.rybreformer.com\/de\/wp-json\/wp\/v2\/media?parent=1699"}],"curies":[{"name":"wp","href":"https:\/\/api.w.org\/{rel}","templated":true}]}}