{"id":456,"date":"2026-01-25T20:12:27","date_gmt":"2026-01-25T19:12:27","guid":{"rendered":"http:\/\/www.rybreformer.com\/?page_id=456"},"modified":"2026-04-14T14:21:01","modified_gmt":"2026-04-14T12:21:01","slug":"ryb-academy","status":"publish","type":"page","link":"https:\/\/www.rybreformer.com\/de\/ryb-academy\/","title":{"rendered":"RYB Academy"},"content":{"rendered":"<div class=\"hero-simple opacity-background\">\n<video autoplay muted loop playsinline class=\"video-background\">\n  <source src=\"https:\/\/www.rybreformer.com\/wp-content\/uploads\/2026\/02\/editing-video-ryb-fusion.mp4\" type=\"video\/mp4\">\n  Ihr Browser unterst\u00fctzt das Video-Tag nicht.\n<\/video>\n\n\n\n<div class=\"inner-hero-simple\">\n<div class=\"gb-element-6d96bdec\">\n<div>\n<img loading=\"lazy\" decoding=\"async\" width=\"195\" height=\"198\" class=\"gb-media-6e14eb17 animate__zoomInUp hide\" alt=\"Ryb Academy Logo\" title=\"Ryb Academy Logo\" src=\"http:\/\/www.rybreformer.com\/wp-content\/uploads\/2026\/01\/logo-ryb-academy-1.webp\"\/>\n\n\n\n<h1 class=\"gb-text hero-title-page animate__zoomInUp translation-block\">Akademie f\u00fcr <br>H\u00f6here Pilates-Ausbildung<\/h1>\n<\/div>\n\n\n\n<div class=\"area-riservata\">\n<a class=\"gb-text gb-text-db6c4339 btn-hero-main animate__fadeIn\" href=\"https:\/\/academy.rybreformer.com\/login\" target=\"_blank\" rel=\"noopener\">RESERVIERTER BEREICH<\/a>\n<\/div>\n<\/div>\n<\/div>\n<\/div>\n\n\n\n<div class=\"intro-value-proposition\">\n<h4 class=\"gb-text intro-claim animate__fadeIn translation-block\">Werde Pilates-Trainer <br>\nMatwork oder Reformer<\/h4>\n\n\n\n<p class=\"gb-text txt-intro-claim animate__fadeIn translation-block\">Ein Bildungszentrum, in dem Pilates zu Kompetenz, Karriere und professioneller Identit\u00e4t wird.<br>\nWir bieten Zertifizierungsprogramme f\u00fcr Matwork und Reformer an, entwickelt in Zusammenarbeit mit internationalen Trainern, um Instruktoren auszubilden, die fundiert, bewusst und bereit sind, sich zu profilare.<br><br>\nWIR BILDEN KEINE EINFACHEN LEHRER AUS. WIR FORMEN BEWEGUNGSPROFIS.<\/p>\n\n\n\n<div class=\"gb-element-829ba118\">\n<div>\n<a class=\"gb-text gb-text-4d7cc5d6 btn-white-main animate__zoomInDown\" href=\"#percorsi-formativi\">Ausbildungsprogramme<\/a>\n<\/div>\n\n\n\n<div>\n<a class=\"gb-text gb-text-b6e571b1 btn-white-main animate__zoomInDown\" href=\"#workshop-e-masterclass\">Workshops und Masterclasses<\/a>\n<\/div>\n\n\n\n<div>\n<a class=\"gb-text gb-text-c35e5960 btn-hero-main animate__zoomInDown\" href=\"#pre-footer-form\">Starte deinen Weg<\/a>\n<\/div>\n<\/div>\n<\/div>\n\n\n\n<div class=\"programma-formazione\" id=\"percorsi-formativi\">\n<div class=\"inner-programma-formazione\">\n<div class=\"gb-element-184af134 grid-programma-formazione\">\n<div class=\"content-programma-formazione\">\n<h2 class=\"gb-text translation-block\">Unsere Ausbildungswege <br>der h\u00f6heren Bildung<\/h2>\n\n\n\n<p class=\"gb-text translation-block\">Es sind keine Vorkenntnisse erforderlich.<br>\nWas z\u00e4hlt, sind Vision, Neugier und Ambition.<br><br>\n\nEin umfangreicher Kalender mit Ausbildungsprogrammen, Workshops und Spezialisierungen \u2013 konzipiert f\u00fcr:<br>\n\n\u2022 Pilates- und Fitnesstrainer, die sich weiterentwickeln m\u00f6chten<br>\n\u2022 Bewegungsprofis, die nach einer strukturierten Methode suchen<br>\n\u2022 Enthusiasten und Einsteiger, die ihre Leidenschaft in Kompetenz verwandeln wollen<\/p>\n\n\n\n<h5 class=\"gb-text\">CONI-Zertifizierung<\/h5>\n\n\n\n<p class=\"gb-text\"><strong>Das CONI-Diplom<\/strong>\u00a0e <strong>Karte <\/strong>als Ausbilder <strong>DA ICH <\/strong>Sie werden nach Bestehen einer Abschlusspr\u00fcfung verliehen, die aus einem theoretischen Teil (Anatomie, Pilates-Grundlagen und Repertoire) und einem praktischen Teil (Demonstration einer kompletten Unterrichtsstunde) besteht. <\/p>\n\n\n\n<p>Sobald die Ausbildung abgeschlossen ist, wird er freigelassen. <strong>das internationale RYB-Zertifikat<\/strong>. <\/p>\n\n\n\n<img loading=\"lazy\" decoding=\"async\" width=\"696\" height=\"234\" class=\"gb-media-d8bb6d99\" alt=\"Asi Coni High Training\" title=\"Asi Coni High Training\" src=\"https:\/\/www.rybreformer.com\/wp-content\/uploads\/2026\/01\/altaformazione-asi-coni.webp\" srcset=\"https:\/\/www.rybreformer.com\/wp-content\/uploads\/2026\/01\/altaformazione-asi-coni.webp 696w, https:\/\/www.rybreformer.com\/wp-content\/uploads\/2026\/01\/altaformazione-asi-coni-300x101.webp 300w\" sizes=\"auto, (max-width: 696px) 100vw, 696px\" \/>\n<\/div>\n\n\n\n<div class=\"corsi-programma-formazione\">\n<div><div >\n<div class=\"gb-loop-item gb-loop-item-d7d52be1 post-999 formazione-e-worksho type-formazione-e-worksho status-publish hentry category-formazione\"><\/div>\n\n<div class=\"gb-loop-item gb-loop-item-d7d52be1 post-1019 formazione-e-worksho type-formazione-e-worksho status-publish hentry category-formazione\"><\/div>\n<\/div><\/div>\n<\/div>\n<\/div>\n<\/div>\n<\/div>\n\n\n\n<div class=\"gb-element-243ec258 studio-services\">\n<div class=\"studio-services-container\">\n<div class=\"gb-element-34db22e6 studio-services-grid\">\n<div class=\"studio-services-txt\">\n<h3 class=\"gb-text title-studio-service animate__zoomIn\">Die RYB-Methode<\/h3>\n\n\n\n<h4 class=\"gb-text subtitle-studio-service animate__zoomIn\">MOVE WITH PURPOSE. TRAIN WITH POWER<\/h4>\n\n\n\n<p><\/p>\n\n\n\n<p class=\"gb-text txt-studio-service animate__zoomIn translation-block\">Die <strong>RYB-Methode<\/strong> ist ein exklusives Format, entstanden aus echter Praxiserfahrung.\nEin zeitgem\u00e4\u00dfer Ansatz, der eine wirkungsvolle Kombination aus Kraft, Balance, Dehnung und musikgest\u00fctzten \u00dcbungen vereint \u2013 entwickelt, um die Teilnehmer zu motivieren, herauszufordern und gezielt unterschiedliche Muskelgruppen zu aktivieren.<br><br>\nES IST NICHT NUR PILATES.<br>\nES IST EINE NEUE SPRACHE DER BEWEGUNG.<\/p>\n<\/div>\n\n\n\n<div class=\"studio-services-blank\"><\/div>\n<\/div>\n<\/div>\n<\/div>\n\n\n\n<div class=\"spotlight-section-dark\">\n<div class=\"inner-spotlight-section-dark\">\n<h3 class=\"gb-text big-title-section-header animate__zoomInUp\">Flexibel. Zug\u00e4nglich.<br>Inklusiv.<\/h3>\n\n\n\n<h5 class=\"gb-text h5-section-header animate__zoomInUp\">EIN NEUER ANSATZ F\u00dcR DIE AUSBILDUNG ZUK\u00dcNFTIGER PILATES-INSTRUKTOREN.<\/h5>\n\n\n\n<p class=\"gb-text txt-section-header animate__zoomInUp translation-block\">Mit der <strong>RYB ACADEMY<\/strong> haben wir das Konzept der Ausbildung neu definiert \u2013 durch ein hybrides System, das f\u00fcr alle gedacht ist, die arbeiten, unterrichten und sich weiterentwickeln wollen \u2013 ohne Kompromisse.<\/p>\n<\/div>\n<\/div>\n\n\n\n<div class=\"double-image\">\n<div class=\"inner-double-image\">\n<div class=\"gb-element-131dad5c grid-double-image\">\n<div class=\"gb-element-e0467542 img-bg-content\">\n<h2 class=\"gb-text title-bg-content\">Pr\u00e4senzunterricht<\/h2>\n\n\n\n<p class=\"gb-text txt-bg-content\"><strong>4 INTENSIVE TAGE<br><\/strong>in denen du die praktischen und theoretischen Grundlagen des Pilates erlernst \u2013 mit sofortigen \u00dcbungen und praxisnahen Anwendungen \"vor Ort\u201c.<\/p>\n<\/div>\n\n\n\n<div class=\"gb-element-c302d503 img-bg-content\">\n<h2 class=\"gb-text title-bg-content\">Online-kursmodul<\/h2>\n\n\n\n<p class=\"gb-text txt-bg-content\"><strong>ON-DEMAND-INHALTE<br><\/strong>Zugang zur Plattform mit mehrstufigen interaktiven Lektionen, Handouts und umfassenden Unterrichtsmaterialien \u2013 einschlie\u00dflich Anatomiekurs und Grundlagen des Pilates.<\/p>\n<\/div>\n<\/div>\n<\/div>\n<\/div>\n\n\n\n<div class=\"gb-element-7c83a750 ryb-crew opacity-background\">\n<div class=\"inner-ryb-crew\">\n<h3 class=\"gb-text hero-tit-ryb-crew\">Die RYB Crew wartet auf Sie<\/h3>\n\n\n\n<h6 class=\"gb-text p-ryb-crew\">Drei Ausbildungswege \u2013 entwickelt f\u00fcr jedes Niveau<\/h6>\n\n\n\n<div class=\"gb-element-683fa22d grid-ryb-crew\">\n<div class=\"conteiner-ryb-crew\">\n<h4 class=\"gb-text tit-ryb-crew\">1. DISCOVER-KURS<\/h4>\n\n\n\n<p class=\"gb-text descr-ryb-crew\">Perfekt f\u00fcr alle, die ohne Vorkenntnisse in die Welt des Pilates einsteigen m\u00f6chten \u2013 ganz ohne Erfahrung oder Ausbildung in Bewegungswissenschaften und \u00e4hnlichen Bereichen.<\/p>\n\n\n\n<hr class=\"wp-block-separator has-alpha-channel-opacity\"\/>\n\n\n\n<p class=\"gb-text descr-ryb-crew translation-block\">\u2022 Anatomie <br>\n\u2022 Grundlagen des Pilates <br>\n\u2022 Ma\u00dfgeschneidertes Pr\u00e4senzmodul<\/p>\n<\/div>\n\n\n\n<div class=\"conteiner-ryb-crew\">\n<h4 class=\"gb-text tit-ryb-crew\">2. Entdecker<\/h4>\n\n\n\n<p class=\"gb-text descr-ryb-crew\">F\u00fcr alle profis mit einem hintergrund in bewegungswissenschaften, die pilates in ihren beruf integrieren m\u00f6chten.<\/p>\n\n\n\n<hr class=\"wp-block-separator has-alpha-channel-opacity\"\/>\n\n\n\n<p class=\"gb-text descr-ryb-crew translation-block\">\u2022 Grundlagen des Pilates <br>\n\u2022 Ma\u00dfgeschneidertes Pr\u00e4senzmodul<\/p>\n<\/div>\n\n\n\n<div class=\"conteiner-ryb-crew\">\n<h4 class=\"gb-text tit-ryb-crew\">3. Navigator<\/h4>\n\n\n\n<p class=\"gb-text descr-ryb-crew translation-block\">F\u00fcr erfahrene pilates lehrer, die neues Terrain erkunden und sich auf fortgeschrittene Disziplinen spezialisieren m\u00f6chten <em>sei es Matte oder Reformer, oder beides.<\/em><\/p>\n\n\n\n<hr class=\"wp-block-separator has-alpha-channel-opacity\"\/>\n\n\n\n<p class=\"gb-text descr-ryb-crew\">\u2022 Pr\u00e4senzschulungspaket<\/p>\n<\/div>\n<\/div>\n\n\n\n<p class=\"gb-text p-ryb-crew\">Gelegenheit zum Kauf meines ersten Reformers f\u00fcr das Training zu Hause zum Sonderpreis.<\/p>\n<\/div>\n<\/div>\n\n\n\n<div class=\"workshop-masterclass\" id=\"workshop-e-masterclass\">\n<div class=\"inner-workshop-masterclass\">\n<div class=\"gb-element-9b745164 grid-workshop-masterclass\">\n<div class=\"content-workshop-masterclass\">\n<h3 class=\"gb-text title-workshop-masterclass translation-block\">Workshops <br>\nund Masterclasses<\/h3>\n\n\n\n<p class=\"gb-text txt-workshop-masterclass\">Konzipiert f\u00fcr alle, die wirklich wachsen m\u00f6chten \u2013 realizzati in Zusammenarbeit mit international anerkannten Lehrern. Eine Gelegenheit, sich mit fortgeschrittenen Methoden auseinanderzusetzen, die eigenen Kompetenzen zu erweitern und eine umfassendere, zeitgem\u00e4\u00dfe Vision der Praxis in das eigene Studio zu bringen.<\/p>\n\n\n\n<a class=\"gb-text gb-text-d59590f9 btn-hero-main animate__zoomInDown\" href=\"https:\/\/www.rybreformer.com\/de\/workshop-e-masterclass\/\">Entdecke den vollst\u00e4ndigen Kalender<\/a>\n<\/div>\n\n\n\n<div class=\"scroll-workshop-masterclass\">\n<div><div class=\"gb-looper-d29d500e\">\n<div class=\"gb-loop-item post-902 formazione-e-worksho type-formazione-e-worksho status-publish hentry category-workshop\">\n<div class=\"container-looper\">\n<div class=\"cont-image\">\n\n<\/div>\n\n\n\n<div class=\"bg-info-work\">\n<h3 class=\"gb-text gb-text-d9bb3b19 title-work animate__zoomInDown\">Dynamisch<\/h3>\n\n\n\n\n\n\n\n<a class=\"gb-text gb-text-893b8a92 btn-white-main animate__zoomInDown\" href=\"https:\/\/www.rybreformer.com\/de\/workshop-e-masterclass\/\">Jetzt anmelden<\/a>\n<\/div>\n<\/div>\n<\/div>\n\n<div class=\"gb-loop-item post-907 formazione-e-worksho type-formazione-e-worksho status-publish hentry category-workshop\">\n<div class=\"container-looper\">\n<div class=\"cont-image\">\n\n<\/div>\n\n\n\n<div class=\"bg-info-work\">\n<h3 class=\"gb-text gb-text-d9bb3b19 title-work animate__zoomInDown\">Barren<\/h3>\n\n\n\n\n\n\n\n<a class=\"gb-text gb-text-893b8a92 btn-white-main animate__zoomInDown\" href=\"https:\/\/www.rybreformer.com\/de\/workshop-e-masterclass\/\">Jetzt anmelden<\/a>\n<\/div>\n<\/div>\n<\/div>\n\n<div class=\"gb-loop-item post-917 formazione-e-worksho type-formazione-e-worksho status-publish hentry category-workshop\">\n<div class=\"container-looper\">\n<div class=\"cont-image\">\n\n<\/div>\n\n\n\n<div class=\"bg-info-work\">\n<h3 class=\"gb-text gb-text-d9bb3b19 title-work animate__zoomInDown\">Haltungs-Pilates und Hernien<\/h3>\n\n\n\n\n\n\n\n<a class=\"gb-text gb-text-893b8a92 btn-white-main animate__zoomInDown\" href=\"https:\/\/www.rybreformer.com\/de\/workshop-e-masterclass\/\">Jetzt anmelden<\/a>\n<\/div>\n<\/div>\n<\/div>\n<\/div><\/div>\n<\/div>\n<\/div>\n<\/div>\n<\/div>\n\n\n\n<div class=\"gb-element-fa9f89c5 ryb-signature opacity-background\">\n<div class=\"inner-ryb-signature\">\n<div class=\"gb-element-918e4f67 grid-ryb-signature\">\n<div class=\"logo-ryb-signature\">\n<a href=\"https:\/\/www.rybreformer.com\/de\/reformer-unterschrift-von-ryb\/\"><img loading=\"lazy\" decoding=\"async\" width=\"2560\" height=\"971\" class=\"gb-media-92162d44 img-logo-ryb-signature\" alt=\"Ryb-Signaturlogo\" title=\"Ryb-Signaturlogo\" src=\"https:\/\/www.rybreformer.com\/wp-content\/uploads\/2026\/01\/logo-ryb-signature-scaled.webp\" srcset=\"https:\/\/www.rybreformer.com\/wp-content\/uploads\/2026\/01\/logo-ryb-signature-scaled.webp 2560w, https:\/\/www.rybreformer.com\/wp-content\/uploads\/2026\/01\/logo-ryb-signature-300x114.webp 300w, https:\/\/www.rybreformer.com\/wp-content\/uploads\/2026\/01\/logo-ryb-signature-1024x389.webp 1024w, https:\/\/www.rybreformer.com\/wp-content\/uploads\/2026\/01\/logo-ryb-signature-768x291.webp 768w, https:\/\/www.rybreformer.com\/wp-content\/uploads\/2026\/01\/logo-ryb-signature-1536x583.webp 1536w, https:\/\/www.rybreformer.com\/wp-content\/uploads\/2026\/01\/logo-ryb-signature-2048x777.webp 2048w\" sizes=\"auto, (max-width: 2560px) 100vw, 2560px\" \/><\/a>\n<\/div>\n\n\n\n<div class=\"txt-ryb-signature\">\n<h3 class=\"gb-text title-ryb-signature\">TRAIN. INSPIRE. LEAD.<\/h3>\n\n\n\n<p class=\"gb-text txt-ryb-signature\"><strong>RYB SIGNATURE PROGRAM<br><\/strong>Training trifft auf Leistung \u2013 mit dem ersten Trainingsformat f\u00fcr Gruppenreformer.&nbsp;<\/p>\n\n\n\n<a class=\"gb-text gb-text-0c36b64c btn-white-main animate__zoomInDown\" href=\"https:\/\/www.rybreformer.com\/de\/reformer-unterschrift-von-ryb\/\">Erfahren Sie mehr<\/a>\n<\/div>\n<\/div>\n<\/div>\n<\/div>\n\n\n\n<div class=\"testimonial\">\n<div class=\"testimonial-container\">\n<div class=\"gb-element-7fb07389 testimonial-grid\">\n<div class=\"testimonial-container-title\">\n<h3 class=\"gb-text testimonial-title translation-block\">Kunden<br> Rezension<\/h3>\n<\/div>\n\n\n\n<div class=\"testimonial-container-reviews\">    \n    <div class=\"ryb-reviews-wrapper\">\n        <div class=\"swiper ryb-reviews-swiper cat-ryb-academy-rev\">\n            <div class=\"swiper-wrapper\">\n                \n                                    <div class=\"swiper-slide ryb-review-slide\">\n                        <div class=\"ryb-review-text\">\n                            <!-- wp:paragraph -->\n<p>Ich habe mich f\u00fcr die Ryb Academy f\u00fcr meine Pilates-Matten- und Reformer-Ausbildung entschieden und es war die beste Entscheidung \u00fcberhaupt!<br>Die Lehrer sind hochqualifiziert und professionell, und die Umgebung ist perfekt zum Lernen, Selbsttests, zur Selbstherausforderung und zum \u00dcben.<br>Es gibt mehrere Reformer-Modelle, die alle Bed\u00fcrfnisse erf\u00fcllen und sowohl qualitativ sehr hochwertig als auch \u00e4sthetisch ansprechend sind. \u2b50\ufe0f\u2b50\ufe0f\u2b50\ufe0f\u2b50\ufe0f\u2b50\ufe0f<\/p>\n<!-- \/wp:paragraph -->                        <\/div>\n                        \n                        <h3 class=\"ryb-review-author\">\n                            - Katia R                        <\/h3>\n                    <\/div>\n                                    <div class=\"swiper-slide ryb-review-slide\">\n                        <div class=\"ryb-review-text\">\n                            <!-- wp:paragraph -->\n<p>REFORMER-TRAININGSKURS\u2026 AN DER RYB ACADEMY IST ER EINFACH SPEKTAKUL\u00c4R!!!<br>Eine unglaubliche Reise der Transformation, des Bewusstseins und des Wissens.<br>Unsere Master-Trainerin Greta war von entscheidender Bedeutung: Sie hat uns mit einem hervorragenden Trainingspaket zur Abschlusspr\u00fcfung gef\u00fchrt, mit der richtigen Mischung aus Energie, Konzentration, harter Arbeit und Momenten des Lachens und der Unbeschwertheit, die diese Reise zu einem einzigartigen Erlebnis machen.<br>Das gesamte RYB-TEAM ist super professionell, immer aufmerksam und erreichbar.<br>Vielen Dank, und ich melde mich schon bald wieder zu den neuen Workshops, die mich stets auf dem Laufenden halten werden!<\/p>\n<!-- \/wp:paragraph -->                        <\/div>\n                        \n                        <h3 class=\"ryb-review-author\">\n                            - Martina Rustioni                        <\/h3>\n                    <\/div>\n                                    <div class=\"swiper-slide ryb-review-slide\">\n                        <div class=\"ryb-review-text\">\n                            <!-- wp:paragraph -->\n<p>Ich war bei Piazza Dante f\u00fcr einen Trainingskurs mit einem Trainer aus London. Was soll ich sagen? Ein wirklich beeindruckendes Zentrum! Elegant, sauber und bis ins kleinste Detail durchdacht. Die Reformer sind erstklassig, genau wie die Trainer. Man merkt, dass bei RYB Leidenschaft und Professionalit\u00e4t im Spiel sind \u2013 sie sind absolute Experten. Ein gro\u00dfes Lob an Jasmine, die mir so tolle Tipps zur Auswahl des richtigen Reformers f\u00fcr meine Bed\u00fcrfnisse gegeben hat. Absolut empfehlenswert!<\/p>\n<!-- \/wp:paragraph -->                        <\/div>\n                        \n                        <h3 class=\"ryb-review-author\">\n                            - Raffi Baldi                        <\/h3>\n                    <\/div>\n                                \n            <\/div>\n        <\/div>\n\n        <div class=\"ryb-reviews-pagination\"><\/div>\n    <\/div>\n\n    \n<\/div>\n<\/div>\n<\/div>\n<\/div>","protected":false},"excerpt":{"rendered":"<p>Ihr Browser unterst\u00fctzt das Video-Tag nicht. Pilates Advanced Training School \u2013 Privatbereich. Werden Sie Pilates-Matten- oder Reformer-Trainer. Ein Ausbildungszentrum, in dem Pilates zur Fertigkeit, zum Beruf und zur beruflichen Identit\u00e4t wird. Wir bieten Matten- und Reformer-Zertifizierungsprogramme an, die in Zusammenarbeit mit internationalen Trainern entwickelt wurden, um kompetente und qualifizierte Trainer auszubilden, die H\u00f6chstleistungen erbringen. Wir bieten keine einfachen Schulungen an\u2026 <a title=\"Raffi Baldi\" class=\"read-more\" href=\"https:\/\/www.rybreformer.com\/de\/recensione\/raffi-baldi\/\" aria-label=\"Weitere Informationen von Raffi Baldi\">Mehr lesen<\/a><\/p>","protected":false},"author":6,"featured_media":0,"parent":0,"menu_order":0,"comment_status":"closed","ping_status":"closed","template":"","meta":{"_acf_changed":false,"_joinchat":{"telephone":"393404257535"},"footnotes":""},"class_list":["post-456","page","type-page","status-publish","hentry"],"acf":[],"_links":{"self":[{"href":"https:\/\/www.rybreformer.com\/de\/wp-json\/wp\/v2\/pages\/456","targetHints":{"allow":["GET"]}}],"collection":[{"href":"https:\/\/www.rybreformer.com\/de\/wp-json\/wp\/v2\/pages"}],"about":[{"href":"https:\/\/www.rybreformer.com\/de\/wp-json\/wp\/v2\/types\/page"}],"author":[{"embeddable":true,"href":"https:\/\/www.rybreformer.com\/de\/wp-json\/wp\/v2\/users\/6"}],"replies":[{"embeddable":true,"href":"https:\/\/www.rybreformer.com\/de\/wp-json\/wp\/v2\/comments?post=456"}],"version-history":[{"count":3,"href":"https:\/\/www.rybreformer.com\/de\/wp-json\/wp\/v2\/pages\/456\/revisions"}],"predecessor-version":[{"id":2275,"href":"https:\/\/www.rybreformer.com\/de\/wp-json\/wp\/v2\/pages\/456\/revisions\/2275"}],"wp:attachment":[{"href":"https:\/\/www.rybreformer.com\/de\/wp-json\/wp\/v2\/media?parent=456"}],"curies":[{"name":"wp","href":"https:\/\/api.w.org\/{rel}","templated":true}]}}