{"id":495,"date":"2026-01-26T10:32:21","date_gmt":"2026-01-26T09:32:21","guid":{"rendered":"http:\/\/www.rybreformer.com\/?page_id=495"},"modified":"2026-03-03T09:34:27","modified_gmt":"2026-03-03T08:34:27","slug":"ryb-props","status":"publish","type":"page","link":"https:\/\/www.rybreformer.com\/de\/ryb-props\/","title":{"rendered":"RYB Propeller"},"content":{"rendered":"<div class=\"gb-element-c5e6a8cb hero-simple opacity-background\">\n<div class=\"inner-hero-simple\">\n<h1 class=\"gb-text hero-title-page animate__zoomInUp\">RYB-Propeller <br>Sammlung<\/h1>\n\n\n\n<h2 class=\"gb-text hero-subtitle-page animate__zoomInUp\">Eine Kollektion von Accessoires <br>f\u00fcr Pilates<\/h2>\n<\/div>\n<\/div>\n\n\n\n<div class=\"spotlight-section-dark\">\n<div class=\"inner-spotlight-section-dark\">\n<h4 class=\"gb-text gb-text intro-claim animate__fadeIn\">Gestalte die Details. <br>Die Praxis aufwerten.<\/h4>\n\n\n\n<p class=\"gb-text txt-section-header animate__zoomInUp translation-block\">Es sind keine einfachen Zubeh\u00f6rteile. <br>\nEs sind Pr\u00e4zisionsinstrumente \u2013 entwickelt, um den Bewegungsumfang zu erweitern, die Kontrolle zu verfeinern und die Performance zu steigern. <br><br>\nDie RYB Props Collection wurde geschaffen, um jede Phase der Pilates-Praxis zu begleiten \u2013 im Studio, am Reformer und im t\u00e4glichen Training. Sie er\u00f6ffnet neue M\u00f6glichkeiten f\u00fcr Progression, Unterst\u00fctzung und Herausforderung. Kleine Elemente, die einen gro\u00dfen Unterschied machen: unverzichtbar, um die Intensit\u00e4t zu erh\u00f6hen, die Ausf\u00fchrung zu erleichtern, den K\u00f6rper zu unterst\u00fctzen und die Bewegung mit gr\u00f6\u00dferer Bewusstheit zu f\u00fchren. <br><br>\nJedes Prop steht im Dialog mit der Methode und dem K\u00f6rper \u2013 und verwandelt Details in messbare Leistung und absolute Kontrolle.<\/p>\n<\/div>\n<\/div>\n\n\n\n<div class=\"carosello-macchinari-2-slide\">\n<div class=\"inner-2-slide\">\n    \n    <div class=\"ryb-triple-carousel-section\"> \n        \n        <div class=\"ryb-triple-wrapper-inner\"> <div class=\"ryb-triple-nav-prev\"><\/div>\n\n            <div class=\"swiper ryb-triple-swiper\">\n                <div class=\"swiper-wrapper\">\n                                            <div class=\"swiper-slide\">\n                            \n                            <div class=\"ryb-triple-img-link\">\n                                <div class=\"ryb-triple-img-container\">\n                                                                            <img decoding=\"async\" src=\"https:\/\/www.rybreformer.com\/wp-content\/uploads\/2026\/01\/bande-elastiche-props-pilates-reformer-copia.webp\" alt=\"Booty-Band\" loading=\"lazy\">\n                                                                    <\/div>\n                            <\/div>\n\n                            <div  class=\"ryb-triple-card-link\">\n                                <div class=\"ryb-triple-info-card props-prod\">\n                                    <h3 class=\"ryb-triple-title\">Booty-Band<\/h3>\n                                    <div class=\"thumb-desc\">Aktivieren, f\u00fchlen, wiederholen<\/div>\n                                    <div class=\"thumb-peso\">0,3 kg<\/div>\n                                <\/div>\n                            <\/div>\n\n                        <\/div>\n                                            <div class=\"swiper-slide\">\n                            \n                            <div class=\"ryb-triple-img-link\">\n                                <div class=\"ryb-triple-img-container\">\n                                                                            <img decoding=\"async\" src=\"https:\/\/www.rybreformer.com\/wp-content\/uploads\/2026\/01\/yoga-block-props-pilates-reformer-copia.webp\" alt=\"Yogablock\" loading=\"lazy\">\n                                                                    <\/div>\n                            <\/div>\n\n                            <div  class=\"ryb-triple-card-link\">\n                                <div class=\"ryb-triple-info-card props-prod\">\n                                    <h3 class=\"ryb-triple-title\">Yogablock<\/h3>\n                                    <div class=\"thumb-desc\">Ausrichten, unterst\u00fctzen, voranbringen<\/div>\n                                    <div class=\"thumb-peso\">0,5 kg<\/div>\n                                <\/div>\n                            <\/div>\n\n                        <\/div>\n                                            <div class=\"swiper-slide\">\n                            \n                            <div class=\"ryb-triple-img-link\">\n                                <div class=\"ryb-triple-img-container\">\n                                                                            <img decoding=\"async\" src=\"https:\/\/www.rybreformer.com\/wp-content\/uploads\/2026\/01\/soft-ball-props-pilates-reformer-copia.webp\" alt=\"Softball\" loading=\"lazy\">\n                                                                    <\/div>\n                            <\/div>\n\n                            <div  class=\"ryb-triple-card-link\">\n                                <div class=\"ryb-triple-info-card props-prod\">\n                                    <h3 class=\"ryb-triple-title\">Softball<\/h3>\n                                    <div class=\"thumb-desc\">Weich im Griff, pr\u00e4zise in der Arbeit<\/div>\n                                    <div class=\"thumb-peso\">0,15 - 0,35 kg<\/div>\n                                <\/div>\n                            <\/div>\n\n                        <\/div>\n                                            <div class=\"swiper-slide\">\n                            \n                            <div class=\"ryb-triple-img-link\">\n                                <div class=\"ryb-triple-img-container\">\n                                                                            <img decoding=\"async\" src=\"https:\/\/www.rybreformer.com\/wp-content\/uploads\/2026\/01\/tappetino-reformer-props-pilates-reformer-copia.webp\" alt=\"Reformer-Matte\" loading=\"lazy\">\n                                                                    <\/div>\n                            <\/div>\n\n                            <div  class=\"ryb-triple-card-link\">\n                                <div class=\"ryb-triple-info-card props-prod\">\n                                    <h3 class=\"ryb-triple-title\">Reformer-Matte<\/h3>\n                                    <div class=\"thumb-desc\">Stabilit\u00e4t, Kontrolle und Komfort bei jeder \u00dcbung<\/div>\n                                    <div class=\"thumb-peso\">0,2 kg<\/div>\n                                <\/div>\n                            <\/div>\n\n                        <\/div>\n                                            <div class=\"swiper-slide\">\n                            \n                            <div class=\"ryb-triple-img-link\">\n                                <div class=\"ryb-triple-img-container\">\n                                                                            <img decoding=\"async\" src=\"https:\/\/www.rybreformer.com\/wp-content\/uploads\/2026\/01\/tappetino-yoga-props-pilates-reformer-copia.webp\" alt=\"Yogamatte\" loading=\"lazy\">\n                                                                    <\/div>\n                            <\/div>\n\n                            <div  class=\"ryb-triple-card-link\">\n                                <div class=\"ryb-triple-info-card props-prod\">\n                                    <h3 class=\"ryb-triple-title\">Yogamatte<\/h3>\n                                    <div class=\"thumb-desc\">Atmen, dehnen, flie\u00dfen. Die Matte, die jede deiner Bewegungen mitmacht.<\/div>\n                                    <div class=\"thumb-peso\">1 kg<\/div>\n                                <\/div>\n                            <\/div>\n\n                        <\/div>\n                                            <div class=\"swiper-slide\">\n                            \n                            <div class=\"ryb-triple-img-link\">\n                                <div class=\"ryb-triple-img-container\">\n                                                                            <img decoding=\"async\" src=\"https:\/\/www.rybreformer.com\/wp-content\/uploads\/2026\/01\/ring-props-pilates-reformer-copia.webp\" alt=\"Ring\" loading=\"lazy\">\n                                                                    <\/div>\n                            <\/div>\n\n                            <div  class=\"ryb-triple-card-link\">\n                                <div class=\"ryb-triple-info-card props-prod\">\n                                    <h3 class=\"ryb-triple-title\">Ring<\/h3>\n                                    <div class=\"thumb-desc\">Kontrollierter Widerstand, echte Ergebnisse \/ Anspannen, atmen, wiederholen<\/div>\n                                    <div class=\"thumb-peso\">0,35 kg<\/div>\n                                <\/div>\n                            <\/div>\n\n                        <\/div>\n                                            <div class=\"swiper-slide\">\n                            \n                            <div class=\"ryb-triple-img-link\">\n                                <div class=\"ryb-triple-img-container\">\n                                                                            <img decoding=\"async\" src=\"https:\/\/www.rybreformer.com\/wp-content\/uploads\/2026\/01\/foam-roller-props-pilates-reformer-copia.webp\" alt=\"Schaumstoffrolle\" loading=\"lazy\">\n                                                                    <\/div>\n                            <\/div>\n\n                            <div  class=\"ryb-triple-card-link\">\n                                <div class=\"ryb-triple-info-card props-prod\">\n                                    <h3 class=\"ryb-triple-title\">Schaumstoffrolle<\/h3>\n                                    <div class=\"thumb-desc\">Ein Genesungsritual<\/div>\n                                    <div class=\"thumb-peso\">0,67 kg<\/div>\n                                <\/div>\n                            <\/div>\n\n                        <\/div>\n                                            <div class=\"swiper-slide\">\n                            \n                            <div class=\"ryb-triple-img-link\">\n                                <div class=\"ryb-triple-img-container\">\n                                                                            <img decoding=\"async\" src=\"https:\/\/www.rybreformer.com\/wp-content\/uploads\/2026\/01\/elastico-props-pilates-reformer-1.webp\" alt=\"Elastisch\" loading=\"lazy\">\n                                                                    <\/div>\n                            <\/div>\n\n                            <div  class=\"ryb-triple-card-link\">\n                                <div class=\"ryb-triple-info-card props-prod\">\n                                    <h3 class=\"ryb-triple-title\">Elastisch<\/h3>\n                                    <div class=\"thumb-desc\">Leicht, vielseitig und effektiv. Sie bestimmen die Intensit\u00e4t.<\/div>\n                                    <div class=\"thumb-peso\">0,1 kg<\/div>\n                                <\/div>\n                            <\/div>\n\n                        <\/div>\n                                            <div class=\"swiper-slide\">\n                            \n                            <div class=\"ryb-triple-img-link\">\n                                <div class=\"ryb-triple-img-container\">\n                                                                            <img decoding=\"async\" src=\"https:\/\/www.rybreformer.com\/wp-content\/uploads\/2026\/01\/manubri-props-pilates-reformer-copia.webp\" alt=\"Hanteln\" loading=\"lazy\">\n                                                                    <\/div>\n                            <\/div>\n\n                            <div  class=\"ryb-triple-card-link\">\n                                <div class=\"ryb-triple-info-card props-prod\">\n                                    <h3 class=\"ryb-triple-title\">Hanteln<\/h3>\n                                    <div class=\"thumb-desc\">St\u00e4rke, Kontrolle und Kraft in Ihrer Hand<\/div>\n                                    <div class=\"thumb-peso\">2 und 4 kg<\/div>\n                                <\/div>\n                            <\/div>\n\n                        <\/div>\n                                            <div class=\"swiper-slide\">\n                            \n                            <div class=\"ryb-triple-img-link\">\n                                <div class=\"ryb-triple-img-container\">\n                                                                            <img decoding=\"async\" src=\"https:\/\/www.rybreformer.com\/wp-content\/uploads\/2026\/01\/polsiere-props-pilates-reformer.webp\" alt=\"Armb\u00e4nder\" loading=\"lazy\">\n                                                                    <\/div>\n                            <\/div>\n\n                            <div  class=\"ryb-triple-card-link\">\n                                <div class=\"ryb-triple-info-card props-prod\">\n                                    <h3 class=\"ryb-triple-title\">Armb\u00e4nder<\/h3>\n                                    <div class=\"thumb-desc\">Mehr Intensit\u00e4t ohne das Volumen<\/div>\n                                    <div class=\"thumb-peso\">3 kg<\/div>\n                                <\/div>\n                            <\/div>\n\n                        <\/div>\n                                            <div class=\"swiper-slide\">\n                            \n                            <div class=\"ryb-triple-img-link\">\n                                <div class=\"ryb-triple-img-container\">\n                                                                            <img decoding=\"async\" src=\"https:\/\/www.rybreformer.com\/wp-content\/uploads\/2026\/01\/weight-balls-props-pilates-reformer.webp\" alt=\"Gewichtskugeln\" loading=\"lazy\">\n                                                                    <\/div>\n                            <\/div>\n\n                            <div  class=\"ryb-triple-card-link\">\n                                <div class=\"ryb-triple-info-card props-prod\">\n                                    <h3 class=\"ryb-triple-title\">Gewichtskugeln<\/h3>\n                                    <div class=\"thumb-desc\">Klein, aber mit gro\u00dfem Erfolg<\/div>\n                                    <div class=\"thumb-peso\">0,5 kg<\/div>\n                                <\/div>\n                            <\/div>\n\n                        <\/div>\n                                            <div class=\"swiper-slide\">\n                            \n                            <div class=\"ryb-triple-img-link\">\n                                <div class=\"ryb-triple-img-container\">\n                                                                            <img decoding=\"async\" src=\"https:\/\/www.rybreformer.com\/wp-content\/uploads\/2026\/01\/weight-ring-props-pilates-reformer-copia.webp\" alt=\"Gewichtsring\" loading=\"lazy\">\n                                                                    <\/div>\n                            <\/div>\n\n                            <div  class=\"ryb-triple-card-link\">\n                                <div class=\"ryb-triple-info-card props-prod\">\n                                    <h3 class=\"ryb-triple-title\">Gewichtsring<\/h3>\n                                    <div class=\"thumb-desc\">Kontrollierter Widerstand, echte Ergebnisse \/ Anspannen, atmen, wiederholen<\/div>\n                                    <div class=\"thumb-peso\">2,3 kg<\/div>\n                                <\/div>\n                            <\/div>\n\n                        <\/div>\n                                            <div class=\"swiper-slide\">\n                            \n                            <div class=\"ryb-triple-img-link\">\n                                <div class=\"ryb-triple-img-container\">\n                                                                            <img decoding=\"async\" src=\"https:\/\/www.rybreformer.com\/wp-content\/uploads\/2026\/01\/sliders-props-pilates-reformer-copia.webp\" alt=\"Schieberegler\" loading=\"lazy\">\n                                                                    <\/div>\n                            <\/div>\n\n                            <div  class=\"ryb-triple-card-link\">\n                                <div class=\"ryb-triple-info-card props-prod\">\n                                    <h3 class=\"ryb-triple-title\">Schieberegler<\/h3>\n                                    <div class=\"thumb-desc\">Langsam gleiten, schnell verbrennen<\/div>\n                                    <div class=\"thumb-peso\">0,2 kg<\/div>\n                                <\/div>\n                            <\/div>\n\n                        <\/div>\n                                            <div class=\"swiper-slide\">\n                            \n                            <div class=\"ryb-triple-img-link\">\n                                <div class=\"ryb-triple-img-container\">\n                                                                            <img decoding=\"async\" src=\"https:\/\/www.rybreformer.com\/wp-content\/uploads\/2026\/01\/kettlebells-props-pilates-reformer-copia.webp\" alt=\"Kettlebells\" loading=\"lazy\">\n                                                                    <\/div>\n                            <\/div>\n\n                            <div  class=\"ryb-triple-card-link\">\n                                <div class=\"ryb-triple-info-card props-prod\">\n                                    <h3 class=\"ryb-triple-title\">Kettlebells<\/h3>\n                                    <div class=\"thumb-desc\">St\u00e4rke, Kontrolle und Kraft in Ihrer Hand<\/div>\n                                    <div class=\"thumb-peso\">4,6 - 8 - 12 kg<\/div>\n                                <\/div>\n                            <\/div>\n\n                        <\/div>\n                                            <div class=\"swiper-slide\">\n                            \n                            <div class=\"ryb-triple-img-link\">\n                                <div class=\"ryb-triple-img-container\">\n                                                                            <img decoding=\"async\" src=\"https:\/\/www.rybreformer.com\/wp-content\/uploads\/2026\/01\/box-props-pilates-reformer-copia.webp\" alt=\"Kistenrequisiten\" loading=\"lazy\">\n                                                                    <\/div>\n                            <\/div>\n\n                            <div  class=\"ryb-triple-card-link\">\n                                <div class=\"ryb-triple-info-card props-prod\">\n                                    <h3 class=\"ryb-triple-title\">Kistenrequisiten<\/h3>\n                                    <div class=\"thumb-desc\">F\u00fcr zielgerichtete und progressive Arbeit<\/div>\n                                    <div class=\"thumb-peso\">10,8 kg<\/div>\n                                <\/div>\n                            <\/div>\n\n                        <\/div>\n                                            <div class=\"swiper-slide\">\n                            \n                            <div class=\"ryb-triple-img-link\">\n                                <div class=\"ryb-triple-img-container\">\n                                                                            <img decoding=\"async\" src=\"https:\/\/www.rybreformer.com\/wp-content\/uploads\/2026\/01\/cavigliere-props-pilates-reformer-copia.webp\" alt=\"Fu\u00dfkettchen\" loading=\"lazy\">\n                                                                    <\/div>\n                            <\/div>\n\n                            <div  class=\"ryb-triple-card-link\">\n                                <div class=\"ryb-triple-info-card props-prod\">\n                                    <h3 class=\"ryb-triple-title\">Fu\u00dfkettchen<\/h3>\n                                    <div class=\"thumb-desc\">Intensit\u00e4t, die der Bewegung folgt<\/div>\n                                    <div class=\"thumb-peso\">3,6 kg<\/div>\n                                <\/div>\n                            <\/div>\n\n                        <\/div>\n                                    <\/div>\n                \n                <div class=\"ryb-triple-pagination\"><\/div>\n            <\/div>\n\n            <div class=\"ryb-triple-nav-next\"><\/div>\n\n        <\/div>\n    <\/div>\n\n    \n<\/div>\n<\/div>\n\n\n\n<div class=\"gb-element-e8fc341b feature-split ryb-props-custom opacity-background\">\n<div class=\"inner-feature-split\">\n<div class=\"gb-element-aa626182 grid-feature-split\">\n<div class=\"feature-split-content\">\n<h4 class=\"gb-text title-feature-split animate__zoomInUp\">Einzigartiges schaffen <br>deine Requisiten<\/h4>\n\n\n\n<p class=\"gb-text txt-feature-split animate__zoomInUp\">W\u00e4hle aus einer ausgew\u00e4hlten Farbpalette und personalisiere die Props mit dem Logo deines Studios oder deiner Marke. Ein Detail, das Identit\u00e4t, visuelle Koh\u00e4renz und professionelles Positioning st\u00e4rkt.<\/p>\n\n\n\n<p class=\"gb-text txt-feature-split animate__zoomInUp translation-block\">Kontaktiere uns f\u00fcr weitere Informationen und eine individuelle Beratung: <strong><a href=\"mailto:commerciale@rybreformer.com\" target=\"_self\">unter commerciale@rybreformer.com<\/a><\/strong><\/p>\n\n\n\n<a class=\"gb-text gb-text-afd768ee btn-white-main animate__zoomInDown\" href=\"https:\/\/www.rybreformer.com\/de\/formular-katalog-anfrage\/\">Fordern Sie den vollst\u00e4ndigen Katalog an<\/a>\n<\/div>\n\n\n\n<div class=\"feature-split-media-video\"><\/div>\n<\/div>\n<\/div>\n<\/div>","protected":false},"excerpt":{"rendered":"<p>RYB props collection Una collezione di accessori per pilates Design the details. Elevate the practice. Non sono semplici accessori.Sono strumenti di precisione, progettati per ampliare il movimento, affinare il controllo e potenziare la performance. La RYB Props Collection nasce per accompagnare ogni fase della pratica Pilates nello studio, sul Reformer, nell\u2019allenamento quotidiano offrendo nuove possibilit\u00e0 &#8230; <a title=\"Fu\u00dfkettchen\" class=\"read-more\" href=\"https:\/\/www.rybreformer.com\/de\/ryb-prop\/cavigliere\/\" aria-label=\"Weitere Informationen zu Fu\u00dfkettchen finden Sie oben.\">Mehr lesen<\/a><\/p>","protected":false},"author":6,"featured_media":0,"parent":0,"menu_order":0,"comment_status":"closed","ping_status":"closed","template":"","meta":{"_acf_changed":false,"_joinchat":[],"footnotes":""},"class_list":["post-495","page","type-page","status-publish","hentry"],"acf":[],"_links":{"self":[{"href":"https:\/\/www.rybreformer.com\/de\/wp-json\/wp\/v2\/pages\/495","targetHints":{"allow":["GET"]}}],"collection":[{"href":"https:\/\/www.rybreformer.com\/de\/wp-json\/wp\/v2\/pages"}],"about":[{"href":"https:\/\/www.rybreformer.com\/de\/wp-json\/wp\/v2\/types\/page"}],"author":[{"embeddable":true,"href":"https:\/\/www.rybreformer.com\/de\/wp-json\/wp\/v2\/users\/6"}],"replies":[{"embeddable":true,"href":"https:\/\/www.rybreformer.com\/de\/wp-json\/wp\/v2\/comments?post=495"}],"version-history":[{"count":2,"href":"https:\/\/www.rybreformer.com\/de\/wp-json\/wp\/v2\/pages\/495\/revisions"}],"predecessor-version":[{"id":1698,"href":"https:\/\/www.rybreformer.com\/de\/wp-json\/wp\/v2\/pages\/495\/revisions\/1698"}],"wp:attachment":[{"href":"https:\/\/www.rybreformer.com\/de\/wp-json\/wp\/v2\/media?parent=495"}],"curies":[{"name":"wp","href":"https:\/\/api.w.org\/{rel}","templated":true}]}}