{"id":562,"date":"2026-01-26T14:32:54","date_gmt":"2026-01-26T13:32:54","guid":{"rendered":"http:\/\/www.rybreformer.com\/?page_id=562"},"modified":"2026-03-13T14:58:50","modified_gmt":"2026-03-13T13:58:50","slug":"ryb-partner","status":"publish","type":"page","link":"https:\/\/www.rybreformer.com\/de\/ryb-partner\/","title":{"rendered":"RYB-Partner"},"content":{"rendered":"<div class=\"hero-simple opacity-background\">\n<video autoplay muted loop playsinline class=\"video-background\">\n  <source src=\"http:\/\/www.rybreformer.com\/wp-content\/uploads\/2026\/01\/referenze-studi-ryb.mp4\" type=\"video\/mp4\">\n  Ihr Browser unterst\u00fctzt das Video-Tag nicht.\n<\/video>\n\n\n\n<div class=\"inner-hero-simple\">\n<h1 class=\"gb-text hero-title-page animate__zoomInUp\">Wird <br>RYB-Partner<\/h1>\n\n\n\n<h2 class=\"gb-text hero-subtitle-page animate__zoomInUp\">Bauen Sie Ihr Pilates-Studio oder Fitnessstudio mit uns.<\/h2>\n<\/div>\n<\/div>\n\n\n\n<div class=\"spotlight-section-dark\">\n<div class=\"inner-spotlight-section-dark\">\n<h3 class=\"gb-text big-title-section-header animate__zoomInUp\">Jenseits der Maschine <br>Wir sind Partner, nicht nur Lieferanten.<\/h3>\n\n\n\n<p class=\"gb-text txt-section-header animate__zoomInUp\">Unsere Mission besteht darin, Ihnen dabei zu helfen, Ihre Praxis mit einer Strategie auszubauen, die modernste Maschinen, praktische Erfahrung und ma\u00dfgeschneiderte Beratung kombiniert.<\/p>\n<\/div>\n<\/div>\n\n\n\n<div class=\"gb-element-243ec258 studio-services\">\n<div class=\"studio-services-container\">\n<div class=\"gb-element-34db22e6 studio-services-grid\">\n<div class=\"studio-services-txt\">\n<h3 class=\"gb-text title-studio-service animate__zoomIn\">Lasst uns Ideen st\u00e4rken. <br>Wir unterst\u00fctzen Wachstum.<\/h3>\n\n\n\n<p class=\"gb-text txt-studio-service animate__zoomIn\">Wir verkaufen nicht nur Maschinen: Wir unterst\u00fctzen Sie bei der Planung und Entwicklung Ihres Pilates-Studios, von der Anfangsphase bis zu seinem Wachstum im Laufe der Zeit.<\/p>\n<\/div>\n\n\n\n<div class=\"studio-services-blank\"><\/div>\n<\/div>\n<\/div>\n<\/div>\n\n\n\n<div class=\"studi-ryb-partner\">\n<div class=\"inner-studi-ryb-partner\">\n<div class=\"gb-element-cc03b68c grid-studi-ryb-partner\">\n<div class=\"gb-element-bba20bef content-ryb-partner opacity-background\">\n<h2 class=\"gb-text\">RYB <br>Partner<\/h2>\n\n\n\n<p class=\"gb-text translation-block\">Sie sind nicht einfach nur Kunden.<br> Ich bin ein Partner in einer stillen, soliden und eleganten Revolution.<br> Genau wie ein RYB Reformer.<\/p>\n<\/div>\n\n\n\n<div class=\"scroll-ryb-partner\">\n        <div class=\"ryb-partner-list-container\">\n                        \n            <div class=\"ryb-partner-item\">\n                <div class=\"ryb-partner-info\">\n                    <h3 class=\"ryb-partner-title\">Reform und Fluss<\/h3>\n                    \n                    <div class=\"ryb-partner-meta\">\n                        <span class=\"ryb-loc-item\">Leeuwarden<\/span>                                                <br><span class=\"ryb-loc-country\">Niederlande<\/span>                        \n                                                    <div class=\"ryb-instagram-row\">\n                                <a href=\"https:\/\/instagram.com\/reformandflow_lwd\" target=\"_blank\" rel=\"nofollow\">\n                                    @reformandflow_lwd                                <\/a>\n                            <\/div>\n                                            <\/div>\n                    \n                                    <\/div>\n                \n                                <div class=\"ryb-partner-image\">\n                    <img decoding=\"async\" src=\"https:\/\/www.rybreformer.com\/wp-content\/uploads\/2026\/02\/reform-and-flow-1024x683.webp\" alt=\"REFORM &amp; FLOW \u2013 Studiopartner\">\n                <\/div>\n                            <\/div>\n            \n                        \n            <div class=\"ryb-partner-item\">\n                <div class=\"ryb-partner-info\">\n                    <h3 class=\"ryb-partner-title\">Ama Beyoustudio<\/h3>\n                    \n                    <div class=\"ryb-partner-meta\">\n                        <span class=\"ryb-loc-item\">Castelfranco Veneto<\/span>                        <span class=\"ryb-loc-item\"> (FERNSEHER)<\/span>                        <br><span class=\"ryb-loc-country\">Italien<\/span>                        \n                                                    <div class=\"ryb-instagram-row\">\n                                <a href=\"https:\/\/instagram.com\/ama_beyoustudio\" target=\"_blank\" rel=\"nofollow\">\n                                    @ama_beyoustudio                                <\/a>\n                            <\/div>\n                                            <\/div>\n                    \n                                    <\/div>\n                \n                                <div class=\"ryb-partner-image\">\n                    <img decoding=\"async\" src=\"https:\/\/www.rybreformer.com\/wp-content\/uploads\/2026\/02\/ama-studio-279-1024x683.jpg\" alt=\"Love Beyoustudio \u2013 Studiopartner\">\n                <\/div>\n                            <\/div>\n            \n                        \n            <div class=\"ryb-partner-item\">\n                <div class=\"ryb-partner-info\">\n                    <h3 class=\"ryb-partner-title\">Fusion Pilates Dante<\/h3>\n                    \n                    <div class=\"ryb-partner-meta\">\n                        <span class=\"ryb-loc-item\">Bergamo<\/span>                        <span class=\"ryb-loc-item\"> (BG)<\/span>                        <br><span class=\"ryb-loc-country\">Italien<\/span>                        \n                                                    <div class=\"ryb-instagram-row\">\n                                <a href=\"https:\/\/instagram.com\/fusion_pilates_bergamo\" target=\"_blank\" rel=\"nofollow\">\n                                    @fusion_pilates_bergamo                                <\/a>\n                            <\/div>\n                                            <\/div>\n                    \n                                    <\/div>\n                \n                                <div class=\"ryb-partner-image\">\n                    <img decoding=\"async\" src=\"https:\/\/www.rybreformer.com\/wp-content\/uploads\/2026\/02\/ryb-consulting-scaled-1-1024x631.webp\" alt=\"Fusion Pilates Dante \u2013 Studiopartner\">\n                <\/div>\n                            <\/div>\n            \n                        \n            <div class=\"ryb-partner-item\">\n                <div class=\"ryb-partner-info\">\n                    <h3 class=\"ryb-partner-title\">Niva Studio<\/h3>\n                    \n                    <div class=\"ryb-partner-meta\">\n                        <span class=\"ryb-loc-item\">Madonna di Campiglio<\/span>                        <span class=\"ryb-loc-item\"> (TN)<\/span>                        <br><span class=\"ryb-loc-country\">Italien<\/span>                        \n                                                    <div class=\"ryb-instagram-row\">\n                                <a href=\"https:\/\/instagram.com\/niva.popup\" target=\"_blank\" rel=\"nofollow\">\n                                    @niva.popup                                <\/a>\n                            <\/div>\n                                            <\/div>\n                    \n                                    <\/div>\n                \n                                <div class=\"ryb-partner-image\">\n                    <img decoding=\"async\" src=\"https:\/\/www.rybreformer.com\/wp-content\/uploads\/2026\/01\/niva-studio-1024x768.webp\" alt=\"Niva Studio \u2013 Studiopartner\">\n                <\/div>\n                            <\/div>\n            \n                        \n            <div class=\"ryb-partner-item\">\n                <div class=\"ryb-partner-info\">\n                    <h3 class=\"ryb-partner-title\">Odette<\/h3>\n                    \n                    <div class=\"ryb-partner-meta\">\n                        <span class=\"ryb-loc-item\">Bogen<\/span>                        <span class=\"ryb-loc-item\"> (TN)<\/span>                        <br><span class=\"ryb-loc-country\">Italien<\/span>                        \n                                                    <div class=\"ryb-instagram-row\">\n                                <a href=\"https:\/\/instagram.com\/odette_pilates_reformer\" target=\"_blank\" rel=\"nofollow\">\n                                    @odette_pilates_reformer                                <\/a>\n                            <\/div>\n                                            <\/div>\n                    \n                                    <\/div>\n                \n                                <div class=\"ryb-partner-image\">\n                    <img decoding=\"async\" src=\"https:\/\/www.rybreformer.com\/wp-content\/uploads\/2026\/01\/studio-odette-1024x683.webp\" alt=\"Odette \u2013 Studiopartnerin\">\n                <\/div>\n                            <\/div>\n            \n                        \n            <div class=\"ryb-partner-item\">\n                <div class=\"ryb-partner-info\">\n                    <h3 class=\"ryb-partner-title\">Alma Der Club<\/h3>\n                    \n                    <div class=\"ryb-partner-meta\">\n                        <span class=\"ryb-loc-item\">Orbassano<\/span>                        <span class=\"ryb-loc-item\"> (Zu)<\/span>                        <br><span class=\"ryb-loc-country\">Italien<\/span>                        \n                                                    <div class=\"ryb-instagram-row\">\n                                <a href=\"https:\/\/instagram.com\/almatheclub_orbassano\" target=\"_blank\" rel=\"nofollow\">\n                                    @almatheclub_orbassano                                <\/a>\n                            <\/div>\n                                            <\/div>\n                    \n                                        <div class=\"ryb-partner-description\">\n                        <p>Ich habe mich f\u00fcr das h\u00f6lzerne RYB Element entschieden, weil unser Club \u00fcber 5 Reformer verf\u00fcgt und Holz eine warme und einladende Atmosph\u00e4re schafft.\t<\/p>\n                    <\/div>\n                                    <\/div>\n                \n                                <div class=\"ryb-partner-image\">\n                    <img decoding=\"async\" src=\"https:\/\/www.rybreformer.com\/wp-content\/uploads\/2026\/01\/ryb-almatheclub-orbassano-1024x928.webp\" alt=\"Alma The Club \u2013 Studiopartner\">\n                <\/div>\n                            <\/div>\n            \n                        \n            <div class=\"ryb-partner-item\">\n                <div class=\"ryb-partner-info\">\n                    <h3 class=\"ryb-partner-title\">SABRINA MICHELI FITCORE<\/h3>\n                    \n                    <div class=\"ryb-partner-meta\">\n                        <span class=\"ryb-loc-item\">Ich glaube<\/span>                        <span class=\"ryb-loc-item\"> (BG)<\/span>                        <br><span class=\"ryb-loc-country\">Italien<\/span>                        \n                                                    <div class=\"ryb-instagram-row\">\n                                <a href=\"https:\/\/instagram.com\/fitcorepilatesstudio\" target=\"_blank\" rel=\"nofollow\">\n                                    @fitcorepilatesstudio                                <\/a>\n                            <\/div>\n                                            <\/div>\n                    \n                                        <div class=\"ryb-partner-description\">\n                        <p>Leichtes, modernes Leistungsverm\u00f6gen!\t<\/p>\n                    <\/div>\n                                    <\/div>\n                \n                                <div class=\"ryb-partner-image\">\n                    <img decoding=\"async\" src=\"https:\/\/www.rybreformer.com\/wp-content\/uploads\/2026\/01\/ryb-fitcore-credaro-1024x1017.webp\" alt=\"SABRINA MICHELI FITCORE \u2013 Studiopartnerin\">\n                <\/div>\n                            <\/div>\n            \n                        \n            <div class=\"ryb-partner-item\">\n                <div class=\"ryb-partner-info\">\n                    <h3 class=\"ryb-partner-title\">Asd Fv Funktionelles Pilates<\/h3>\n                    \n                    <div class=\"ryb-partner-meta\">\n                                                                                                \n                                                    <div class=\"ryb-instagram-row\">\n                                <a href=\"https:\/\/instagram.com\/fv_functional_pilates\" target=\"_blank\" rel=\"nofollow\">\n                                    @fv_functional_pilates                                <\/a>\n                            <\/div>\n                                            <\/div>\n                    \n                                        <div class=\"ryb-partner-description\">\n                        <p>Wir haben uns f\u00fcr die Reformer von Reform Your Body entschieden, weil sie im Vergleich zu anderen Ger\u00e4ten effizienter und vielseitiger sind. Wir sind sehr zufrieden damit; wir haben bereits vier davon, hoffen aber, bald weitere bestellen zu k\u00f6nnen!<\/p>\n                    <\/div>\n                                    <\/div>\n                \n                                <div class=\"ryb-partner-image\">\n                    <img decoding=\"async\" src=\"https:\/\/www.rybreformer.com\/wp-content\/uploads\/2026\/01\/ryb-asd-1024x768.webp\" alt=\"Asd Fv Functional Pilates - Studiopartner\">\n                <\/div>\n                            <\/div>\n            \n                        \n            <div class=\"ryb-partner-item\">\n                <div class=\"ryb-partner-info\">\n                    <h3 class=\"ryb-partner-title\">Bereit f\u00fcr Pilates?<\/h3>\n                    \n                    <div class=\"ryb-partner-meta\">\n                        <span class=\"ryb-loc-item\">Cuckfield, West Sussex<\/span>                                                <br><span class=\"ryb-loc-country\">Vereinigtes K\u00f6nigreich<\/span>                        \n                                                    <div class=\"ryb-instagram-row\">\n                                <a href=\"https:\/\/instagram.com\/pilateskirstin\" target=\"_blank\" rel=\"nofollow\">\n                                    @pilateskirstin                                <\/a>\n                            <\/div>\n                                            <\/div>\n                    \n                                        <div class=\"ryb-partner-description\">\n                        <p>Entscheiden Sie sich f\u00fcr RYB \u2013 f\u00fcr Qualit\u00e4t und Kundenservice.<\/p>\n                    <\/div>\n                                    <\/div>\n                \n                                <div class=\"ryb-partner-image\">\n                    <img decoding=\"async\" src=\"https:\/\/www.rybreformer.com\/wp-content\/uploads\/2026\/01\/ryb-pretapilates-london-1024x768.webp\" alt=\"Pr\u00eat a Pilates - Studiopartner\">\n                <\/div>\n                            <\/div>\n            \n                        \n            <div class=\"ryb-partner-item\">\n                <div class=\"ryb-partner-info\">\n                    <h3 class=\"ryb-partner-title\">Pilates Reformer Studio Arena4 c\/o Arena4 Sports Center<\/h3>\n                    \n                    <div class=\"ryb-partner-meta\">\n                        <span class=\"ryb-loc-item\">Grandate<\/span>                        <span class=\"ryb-loc-item\"> (CO)<\/span>                        <br><span class=\"ryb-loc-country\">Italien<\/span>                        \n                                                    <div class=\"ryb-instagram-row\">\n                                <a href=\"https:\/\/instagram.com\/arena4_grandate\" target=\"_blank\" rel=\"nofollow\">\n                                    @arena4_grandate                                <\/a>\n                            <\/div>\n                                            <\/div>\n                    \n                                        <div class=\"ryb-partner-description\">\n                        <p>Wir haben uns f\u00fcr RYB entschieden, weil uns die Art der Betten, deren \u00c4sthetik und die M\u00f6glichkeit der kontinuierlichen Weiterbildung durch Ihre Akademie wichtig sind.\t<\/p>\n                    <\/div>\n                                    <\/div>\n                \n                                <div class=\"ryb-partner-image\">\n                    <img decoding=\"async\" src=\"https:\/\/www.rybreformer.com\/wp-content\/uploads\/2026\/01\/ryb-arena4-grandate-975x1024.webp\" alt=\"Pilates Reformer Studio Arena4 c\/o Arena4 Sports Center - Studiopartner\">\n                <\/div>\n                            <\/div>\n            \n                        \n            <div class=\"ryb-partner-item\">\n                <div class=\"ryb-partner-info\">\n                    <h3 class=\"ryb-partner-title\">Flexelle Pilates Reformer Studio Ltd<\/h3>\n                    \n                    <div class=\"ryb-partner-meta\">\n                        <span class=\"ryb-loc-item\">Clonmel<\/span>                        <span class=\"ryb-loc-item\"> (County Tipperary)<\/span>                        <br><span class=\"ryb-loc-country\">Irland<\/span>                        \n                                                    <div class=\"ryb-instagram-row\">\n                                <a href=\"https:\/\/instagram.com\/flexellepilatesreformer\" target=\"_blank\" rel=\"nofollow\">\n                                    @flexellepilatesreformer                                <\/a>\n                            <\/div>\n                                            <\/div>\n                    \n                                        <div class=\"ryb-partner-description\">\n                        <p>Ich habe diese Reformer zum ersten Mal im RYB-Flagship-Studio in Bergamo ausprobiert und war sofort begeistert. Sie sind nicht nur geschmeidig, elegant und stilvoll, sondern auch unglaublich leise. Der Schlitten gleitet m\u00fchelos und bietet ein super komfortables und nahtloses Trainingserlebnis.<br \/>\nSie sind einfach zu bedienen, sehen im Studio fantastisch aus und \u2013 was am wichtigsten ist \u2013 meine Kunden lieben sie auch.<\/p>\n                    <\/div>\n                                    <\/div>\n                \n                                <div class=\"ryb-partner-image\">\n                    <img decoding=\"async\" src=\"https:\/\/www.rybreformer.com\/wp-content\/uploads\/2026\/01\/ryb-flexelle-ireland-1024x478.webp\" alt=\"Flexelle Pilates Reformer Studio Ltd - Studiopartner\">\n                <\/div>\n                            <\/div>\n            \n                        \n            <div class=\"ryb-partner-item\">\n                <div class=\"ryb-partner-info\">\n                    <h3 class=\"ryb-partner-title\">IDF Studio \u2013 Imperial Dance Fitness<\/h3>\n                    \n                    <div class=\"ryb-partner-meta\">\n                        <span class=\"ryb-loc-item\">Fagnano Olona<\/span>                        <span class=\"ryb-loc-item\"> (VA)<\/span>                        <br><span class=\"ryb-loc-country\">Italien<\/span>                        \n                                                    <div class=\"ryb-instagram-row\">\n                                <a href=\"https:\/\/instagram.com\/idf_studio_imperial\" target=\"_blank\" rel=\"nofollow\">\n                                    @idf_studio_imperial                                <\/a>\n                            <\/div>\n                                            <\/div>\n                    \n                                    <\/div>\n                \n                                <div class=\"ryb-partner-image\">\n                    <img decoding=\"async\" src=\"https:\/\/www.rybreformer.com\/wp-content\/uploads\/2026\/01\/ryb-idf-fagnano-1024x768.webp\" alt=\"IDF Studio \u2013 Imperial Dance Fitness \u2013 Studiopartner\">\n                <\/div>\n                            <\/div>\n            \n                        \n            <div class=\"ryb-partner-item\">\n                <div class=\"ryb-partner-info\">\n                    <h3 class=\"ryb-partner-title\">STAYSALTY \u2013 Pilates und Ern\u00e4hrung<\/h3>\n                    \n                    <div class=\"ryb-partner-meta\">\n                        <span class=\"ryb-loc-item\">Ruggell<\/span>                                                <br><span class=\"ryb-loc-country\">Liechtenstein<\/span>                        \n                                                    <div class=\"ryb-instagram-row\">\n                                <a href=\"https:\/\/instagram.com\/staysaltyclub\" target=\"_blank\" rel=\"nofollow\">\n                                    @staysaltyclub                                <\/a>\n                            <\/div>\n                                            <\/div>\n                    \n                                    <\/div>\n                \n                                <div class=\"ryb-partner-image\">\n                    <img decoding=\"async\" src=\"https:\/\/www.rybreformer.com\/wp-content\/uploads\/2026\/01\/ryb-staysalty-1024x575.webp\" alt=\"STAYSALTY \u2013 Pilates und Training \u2013 Studiopartner\">\n                <\/div>\n                            <\/div>\n            \n                        \n            <div class=\"ryb-partner-item\">\n                <div class=\"ryb-partner-info\">\n                    <h3 class=\"ryb-partner-title\">IDM PILATES<\/h3>\n                    \n                    <div class=\"ryb-partner-meta\">\n                        <span class=\"ryb-loc-item\">Pistoia<\/span>                        <span class=\"ryb-loc-item\"> (PT)<\/span>                        <br><span class=\"ryb-loc-country\">Italien<\/span>                        \n                                                    <div class=\"ryb-instagram-row\">\n                                <a href=\"https:\/\/instagram.com\/idm_pilates\" target=\"_blank\" rel=\"nofollow\">\n                                    @idm_pilates                                <\/a>\n                            <\/div>\n                                            <\/div>\n                    \n                                        <div class=\"ryb-partner-description\">\n                        <p>Wegen der gelungenen Kombination aus \u00c4sthetik, Praktikabilit\u00e4t und Funktionalit\u00e4t des Reformers.<\/p>\n                    <\/div>\n                                    <\/div>\n                \n                                <div class=\"ryb-partner-image\">\n                    <img decoding=\"async\" src=\"https:\/\/www.rybreformer.com\/wp-content\/uploads\/2026\/01\/ryb-idmpilates-pistoia-1012x1024.webp\" alt=\"IDM PILATES - Studiopartner\">\n                <\/div>\n                            <\/div>\n            \n                        \n            <div class=\"ryb-partner-item\">\n                <div class=\"ryb-partner-info\">\n                    <h3 class=\"ryb-partner-title\">YouPilates<\/h3>\n                    \n                    <div class=\"ryb-partner-meta\">\n                        <span class=\"ryb-loc-item\">Milano<\/span>                                                <br><span class=\"ryb-loc-country\">Italien<\/span>                        \n                                                    <div class=\"ryb-instagram-row\">\n                                <a href=\"https:\/\/instagram.com\/youpilates__\" target=\"_blank\" rel=\"nofollow\">\n                                    @youpilates__                                <\/a>\n                            <\/div>\n                                            <\/div>\n                    \n                                        <div class=\"ryb-partner-description\">\n                        <p>Wir haben uns f\u00fcr RYB entschieden, weil uns die Produktqualit\u00e4t und das unmittelbare Gef\u00fchl f\u00fcr die Maschinen \u00fcberzeugt haben.<\/p>\n                    <\/div>\n                                    <\/div>\n                \n                                <div class=\"ryb-partner-image\">\n                    <img decoding=\"async\" src=\"https:\/\/www.rybreformer.com\/wp-content\/uploads\/2026\/01\/ryb-youpilates-milano-1024x961.webp\" alt=\"YouPilates - Studiopartner\">\n                <\/div>\n                            <\/div>\n            \n                    <\/div>\n    \n<\/div>\n<\/div>\n<\/div>\n<\/div>\n\n\n\n<div class=\"stats-achievements\">\n<div class=\"gb-element-e03a61b9 sezione-numeri\">\n<div class=\"gb-element-262327e1\"><\/div>\n\n\n\n<div class=\"gb-element-8f7c768d sezione-numeri\">\n<h3 class=\"gb-text h3-stats-achievements animate__backInUp\">RYB Consulting<\/h3>\n\n\n\n<p class=\"gb-text txt-stats-achievements animate__backInUp translation-block\">Jedes Studio hat seine eigene Seele.\nAus diesem Grund bieten wir einen <strong>ma\u00dfgeschneiderten Service:<\/strong> Wir passen Maschinen, Requisiten und Layout an Ihre Bed\u00fcrfnisse an, um jeden Raum funktional, sch\u00f6n und im Einklang mit Ihrer Methode zu gestalten.<\/p>\n\n\n\n<a class=\"gb-text gb-text-db6c4339 btn-hero-main animate__fadeIn\" href=\"https:\/\/www.rybreformer.com\/de\/ryb-consulting\/\">Erfahren Sie mehr \u00fcber den Service.<\/a>\n<\/div>\n\n\n\n<div class=\"gb-element-c4633238\"><\/div>\n<\/div>\n<\/div>","protected":false},"excerpt":{"rendered":"<p>Il tuo browser non supporta il tag video. Diventa RYB partner Costruisci il tuo studio pilates o la tua palestra insieme a noi Oltre il macchinario Siamo partner, non solo fornitori. La nostra missione \u00e8 aiutarti a far crescere il tuo studio di pilates con una strategia che unisce macchinari top di gamma, esperienza reale &#8230; <a title=\"YouPilates\" class=\"read-more\" href=\"https:\/\/www.rybreformer.com\/de\/ryb-partner\/youpilates\/\" aria-label=\"Mehr Informationen zu YouPilates\">Mehr lesen<\/a><\/p>","protected":false},"author":6,"featured_media":0,"parent":0,"menu_order":0,"comment_status":"closed","ping_status":"closed","template":"","meta":{"_acf_changed":false,"_joinchat":[],"footnotes":""},"class_list":["post-562","page","type-page","status-publish","hentry"],"acf":[],"_links":{"self":[{"href":"https:\/\/www.rybreformer.com\/de\/wp-json\/wp\/v2\/pages\/562","targetHints":{"allow":["GET"]}}],"collection":[{"href":"https:\/\/www.rybreformer.com\/de\/wp-json\/wp\/v2\/pages"}],"about":[{"href":"https:\/\/www.rybreformer.com\/de\/wp-json\/wp\/v2\/types\/page"}],"author":[{"embeddable":true,"href":"https:\/\/www.rybreformer.com\/de\/wp-json\/wp\/v2\/users\/6"}],"replies":[{"embeddable":true,"href":"https:\/\/www.rybreformer.com\/de\/wp-json\/wp\/v2\/comments?post=562"}],"version-history":[{"count":3,"href":"https:\/\/www.rybreformer.com\/de\/wp-json\/wp\/v2\/pages\/562\/revisions"}],"predecessor-version":[{"id":2003,"href":"https:\/\/www.rybreformer.com\/de\/wp-json\/wp\/v2\/pages\/562\/revisions\/2003"}],"wp:attachment":[{"href":"https:\/\/www.rybreformer.com\/de\/wp-json\/wp\/v2\/media?parent=562"}],"curies":[{"name":"wp","href":"https:\/\/api.w.org\/{rel}","templated":true}]}}