{"id":635,"date":"2026-01-27T14:31:08","date_gmt":"2026-01-27T13:31:08","guid":{"rendered":"http:\/\/www.rybreformer.com\/?page_id=635"},"modified":"2026-03-13T15:01:54","modified_gmt":"2026-03-13T14:01:54","slug":"ryb-consulting","status":"publish","type":"page","link":"https:\/\/www.rybreformer.com\/de\/ryb-consulting\/","title":{"rendered":"RYB Consulting"},"content":{"rendered":"<div class=\"hero-simple opacity-background\">\n<video autoplay muted loop playsinline class=\"video-background\">\n  <source src=\"http:\/\/www.rybreformer.com\/wp-content\/uploads\/2026\/01\/studio-reformer-ryb.mp4\" type=\"video\/mp4\">\n  Ihr Browser unterst\u00fctzt das Video-Tag nicht.\n<\/video>\n\n\n\n<div class=\"inner-hero-simple\">\n<h1 class=\"gb-text hero-title-page animate__zoomInUp\">Reform <br>Ihr Studio<\/h1>\n\n\n\n<h2 class=\"gb-text hero-subtitle-page animate__zoomInUp\">Beratungen f\u00fcr Pilates-Studios. <br>Gesch\u00e4ftsstrategie, Raumplanung und Maschinenauswahl.<\/h2>\n<\/div>\n<\/div>\n\n\n\n<div class=\"spotlight-section-dark\">\n<div class=\"inner-spotlight-section-dark\">\n<h3 class=\"gb-text big-title-section-header animate__zoomInUp\">Was bieten wir an?<\/h3>\n\n\n\n<p class=\"gb-text txt-section-header animate__zoomInUp\">Ein kompetenter und souver\u00e4ner Leitfaden f\u00fcr Ihr skalierbares, wissenschaftliches und ertragreiches Gesch\u00e4ftsmodell<br><br>In&nbsp;<strong>FORMULIERE DEINEN K\u00d6RPER<\/strong>&nbsp;Wir sind \u00fcberzeugt, dass hochwertige Maschinen, jahrelange Erfahrung und eine zielgerichtete Gesch\u00e4ftsstrategie den Unterschied f\u00fcr uns und unsere Partner ausmachen k\u00f6nnen.<br><br>Deshalb verkaufen wir nicht nur Maschinen, sondern bieten Ihnen auch eine individuelle Beratung, die Ihnen hilft, einen Raum zu gestalten, der Ihre Vision und Ziele optimal widerspiegelt.<\/p>\n<\/div>\n<\/div>\n\n\n\n<div class=\"double-image\">\n<div class=\"inner-double-image\">\n<div class=\"gb-element-131dad5c grid-double-image\">\n<div class=\"gb-element-e0467542 img-bg-content\">\n<h2 class=\"gb-text title-bg-content\">Beratung <br>ma\u00dfgeschneidert<\/h2>\n\n\n\n<p class=\"gb-text txt-bg-content\">Wir analysieren die spezifischen Bed\u00fcrfnisse Ihrer Praxis und helfen Ihnen bei der Auswahl der besten L\u00f6sungen f\u00fcr Ihre R\u00e4umlichkeiten und die Art der Praxis, die Sie Ihren Klienten anbieten.<\/p>\n<\/div>\n\n\n\n<div class=\"gb-element-c302d503 img-bg-content\">\n<h2 class=\"gb-text title-bg-content\">Optimierung <br>der R\u00e4ume<\/h2>\n\n\n\n<p class=\"gb-text txt-bg-content\">Wir entwerfen funktionale und ausgewogene Umgebungen, die das Kundenerlebnis verbessern und die t\u00e4gliche Arbeit des Teams vereinfachen, ohne dabei \u00c4sthetik und Komfort zu beeintr\u00e4chtigen.<\/p>\n<\/div>\n<\/div>\n<\/div>\n<\/div>\n\n\n\n<div class=\"perche-ryb-consulting\">\n<div class=\"inner-perche-ryb-consulting\">\n<div class=\"gb-element-cc03b68c grid-perche-ryb-consulting\">\n<div class=\"gb-element-bba20bef content-tit-ryb-consulting opacity-background\">\n<h2 class=\"gb-text title-ryb-consulting\">Warum zusammenarbeiten <br>mit uns?<\/h2>\n<\/div>\n\n\n\n<div class=\"content-ryb-consulting\">\n<h3 class=\"gb-text\">Erfahrung im Sektor<\/h3>\n\n\n\n<p class=\"gb-text\">Wir arbeiten mit Studios und Fitnessstudios jeder Gr\u00f6\u00dfe zusammen und bieten Ausr\u00fcstung und individuelle Beratung, die f\u00fcr Fitnessprofis einen echten Mehrwert darstellt.<\/p>\n\n\n\n<h3 class=\"gb-text\">Qualit\u00e4t und Sicherheit<\/h3>\n\n\n\n<p class=\"gb-text\">Unsere Maschinen sind so konstruiert, dass sie \u00fcber lange Zeit eine hohe Leistung gew\u00e4hrleisten und gleichzeitig h\u00f6chste Sicherheitsstandards f\u00fcr den kompromisslosen t\u00e4glichen Einsatz erf\u00fcllen.<\/p>\n\n\n\n<h3 class=\"gb-text\">Langfristiger Ansatz<\/h3>\n\n\n\n<p class=\"gb-text\">Wir sind mehr als nur Lieferanten. Wir m\u00f6chten Ihnen auch nach dem Kauf als st\u00e4ndiger Ansprechpartner zur Seite stehen und Sie mit Unterst\u00fctzung und L\u00f6sungen begleiten, damit Ihre Praxis kontinuierlich w\u00e4chst und sich verbessert.<\/p>\n<\/div>\n<\/div>\n<\/div>\n<\/div>\n\n\n\n<div class=\"stats-achievements\">\n<div class=\"gb-element-e03a61b9 sezione-numeri\">\n<div class=\"gb-element-262327e1\"><\/div>\n\n\n\n<div class=\"gb-element-8f7c768d sezione-numeri\">\n<h3 class=\"gb-text h3-stats-achievements animate__backInUp\">RYB-Partner<\/h3>\n\n\n\n<p class=\"gb-text txt-stats-achievements animate__backInUp translation-block\">Vom Boutique-Studio bis zum gro\u00dfen Fitnessstudio \u2013 jeder Raum hat in unseren Ger\u00e4ten einen <strong>starken Verb\u00fcndeten f\u00fcr die Weiterentwicklung gefunden.<\/strong><br> Sie sind nicht einfach nur Kunden.<br> <strong>Ich bin ein Partner in einer stillen, soliden und eleganten Revolution.<\/strong><br> Genau wie ein RYB Reformer.<\/p>\n\n\n\n<a class=\"gb-text gb-text-db6c4339 btn-hero-main animate__fadeIn\" href=\"https:\/\/www.rybreformer.com\/de\/ryb-partner\/\">Entdecken Sie die RYB-Partner<\/a>\n<\/div>\n\n\n\n<div class=\"gb-element-c4633238\"><\/div>\n<\/div>\n<\/div>","protected":false},"excerpt":{"rendered":"<p>Il tuo browser non supporta il tag video. Reform Your Studio Consulenze per studi di pilates. Business strategy, progettazione spazi e scelta dei macchinari. Cosa offriamo? Una guida esperta e sicura per il tuo modello di business, scalabile, scientifico, ad alto rendimento In&nbsp;REFORM YOUR BODY&nbsp;crediamo che macchinari di alta qualit\u00e0, anni di esperienza e una &#8230; <a title=\"RYB Consulting\" class=\"read-more\" href=\"https:\/\/www.rybreformer.com\/de\/ryb-consulting\/\" aria-label=\"Weitere Informationen zu RYB Consulting\">Mehr lesen<\/a><\/p>","protected":false},"author":6,"featured_media":0,"parent":0,"menu_order":0,"comment_status":"closed","ping_status":"closed","template":"","meta":{"_acf_changed":false,"_joinchat":[],"footnotes":""},"class_list":["post-635","page","type-page","status-publish"],"acf":[],"_links":{"self":[{"href":"https:\/\/www.rybreformer.com\/de\/wp-json\/wp\/v2\/pages\/635","targetHints":{"allow":["GET"]}}],"collection":[{"href":"https:\/\/www.rybreformer.com\/de\/wp-json\/wp\/v2\/pages"}],"about":[{"href":"https:\/\/www.rybreformer.com\/de\/wp-json\/wp\/v2\/types\/page"}],"author":[{"embeddable":true,"href":"https:\/\/www.rybreformer.com\/de\/wp-json\/wp\/v2\/users\/6"}],"replies":[{"embeddable":true,"href":"https:\/\/www.rybreformer.com\/de\/wp-json\/wp\/v2\/comments?post=635"}],"version-history":[{"count":3,"href":"https:\/\/www.rybreformer.com\/de\/wp-json\/wp\/v2\/pages\/635\/revisions"}],"predecessor-version":[{"id":2005,"href":"https:\/\/www.rybreformer.com\/de\/wp-json\/wp\/v2\/pages\/635\/revisions\/2005"}],"wp:attachment":[{"href":"https:\/\/www.rybreformer.com\/de\/wp-json\/wp\/v2\/media?parent=635"}],"curies":[{"name":"wp","href":"https:\/\/api.w.org\/{rel}","templated":true}]}}