{"id":735,"date":"2026-01-28T10:08:18","date_gmt":"2026-01-28T09:08:18","guid":{"rendered":"http:\/\/www.rybreformer.com\/?page_id=735"},"modified":"2026-03-26T08:46:57","modified_gmt":"2026-03-26T07:46:57","slug":"pilates-reformer-geraete","status":"publish","type":"page","link":"https:\/\/www.rybreformer.com\/de\/macchine-pilates-reformer\/","title":{"rendered":"\u00dcber uns"},"content":{"rendered":"<div class=\"hero-simple opacity-background\">\n<video autoplay muted loop playsinline class=\"video-background\">\n  <source src=\"http:\/\/www.rybreformer.com\/wp-content\/uploads\/2026\/01\/00_video_header_chisiamo.mp4\" type=\"video\/mp4\">\n  Ihr Browser unterst\u00fctzt das Video-Tag nicht.\n<\/video>\n\n\n\n<div class=\"inner-hero-simple\">\n<h2 class=\"gb-text hero-title-page animate__zoomInUp\">entworfen <br>von demjenigen, der unterrichtet<\/h2>\n\n\n\n<h1 class=\"gb-text hero-subtitle-page animate__zoomInUp\">Eine Reihe von Reformermaschinen <br>f\u00fcr Fachleute und dar\u00fcber hinaus<\/h1>\n<\/div>\n<\/div>\n\n\n\n<div class=\"spotlight-section\">\n<div class=\"inner-spotlight-section\">\n<h3 class=\"gb-text title-section-header animate__zoomInUp\">Lasst uns Pilates auf ein neues Niveau heben. <br>Durch die Form. Durch die Kraft.<\/h3>\n\n\n\n<p class=\"gb-text txt-section-header animate__zoomInUp translation-block\"><strong>REFORM YOUR BODY<\/strong> ist das Ergebnis des gemeinsamen Bestrebens <strong>, die Standards von Pilates durch Hochleistungsger\u00e4te zu erh\u00f6hen<\/strong> , die die Sch\u00f6nheit, Pr\u00e4zision und Kraft dieser zeitlosen Disziplin widerspiegeln. Aus der Erfahrung von <strong>Claudia<\/strong> , Gr\u00fcnderin der <strong>Fusion Pilates-<\/strong> Zentren, und der unternehmerischen Vision von <strong>Mario<\/strong> entstand eine Reihe <strong>innovativer, eleganter und technologisch fortschrittlicher<\/strong> Reformer.<\/p>\n\n\n\n<img loading=\"lazy\" decoding=\"async\" width=\"2180\" height=\"1092\" class=\"gb-media-229fa6b9 img-section-header animate__zoomInUp\" alt=\"Fusion Pilates Bergamo\" title=\"Fusion Pilates Bergamo\" src=\"http:\/\/www.rybreformer.com\/wp-content\/uploads\/2026\/01\/fusioneee-1.webp\" srcset=\"https:\/\/www.rybreformer.com\/wp-content\/uploads\/2026\/01\/fusioneee-1.webp 2180w, https:\/\/www.rybreformer.com\/wp-content\/uploads\/2026\/01\/fusioneee-1-300x150.webp 300w, https:\/\/www.rybreformer.com\/wp-content\/uploads\/2026\/01\/fusioneee-1-1024x513.webp 1024w, https:\/\/www.rybreformer.com\/wp-content\/uploads\/2026\/01\/fusioneee-1-768x385.webp 768w, https:\/\/www.rybreformer.com\/wp-content\/uploads\/2026\/01\/fusioneee-1-1536x769.webp 1536w, https:\/\/www.rybreformer.com\/wp-content\/uploads\/2026\/01\/fusioneee-1-2048x1026.webp 2048w\" sizes=\"auto, (max-width: 2180px) 100vw, 2180px\" \/>\n<\/div>\n<\/div>\n\n\n\n<div class=\"feature-split\">\n<div class=\"inner-feature-split\">\n<div class=\"gb-element-ff1388ec grid-feature-split\">\n<div class=\"feature-split-media\">\n<img loading=\"lazy\" decoding=\"async\" width=\"1374\" height=\"2058\" class=\"gb-media-2d890780 feature-split-img animate__zoomInUp\" alt=\"Entworfen f\u00fcr die K\u00f6rper von heute\" title=\"Entworfen f\u00fcr die K\u00f6rper von heute\" src=\"http:\/\/www.rybreformer.com\/wp-content\/uploads\/2026\/01\/progettati-per-i-corpi-di-oggi.webp\" srcset=\"https:\/\/www.rybreformer.com\/wp-content\/uploads\/2026\/01\/progettati-per-i-corpi-di-oggi.webp 1374w, https:\/\/www.rybreformer.com\/wp-content\/uploads\/2026\/01\/progettati-per-i-corpi-di-oggi-200x300.webp 200w, https:\/\/www.rybreformer.com\/wp-content\/uploads\/2026\/01\/progettati-per-i-corpi-di-oggi-684x1024.webp 684w, https:\/\/www.rybreformer.com\/wp-content\/uploads\/2026\/01\/progettati-per-i-corpi-di-oggi-768x1150.webp 768w, https:\/\/www.rybreformer.com\/wp-content\/uploads\/2026\/01\/progettati-per-i-corpi-di-oggi-1025x1536.webp 1025w, https:\/\/www.rybreformer.com\/wp-content\/uploads\/2026\/01\/progettati-per-i-corpi-di-oggi-1367x2048.webp 1367w\" sizes=\"auto, (max-width: 1374px) 100vw, 1374px\" \/>\n<\/div>\n\n\n\n<div class=\"feature-split-content\">\n<h4 class=\"gb-text title-feature-split animate__zoomInUp\">Entworfen<br>f\u00fcr die K\u00f6rper von heute.<\/h4>\n\n\n\n<p class=\"gb-text txt-feature-split animate__zoomInUp translation-block\">Dank st\u00e4ndiger Forschung und Experimente hat das Fusion Pilates-Instruktorenteam die besten Praktiken aus diesem Bereich in die Entwicklung der Ger\u00e4te integriert und so sichere, funktionelle und leistungsstarke Reformer geschaffen.<br><br> F\u00dcR ALLE, DIE LEHREN. F\u00dcR ALLE, DIE TRAINIEREN. F\u00dcR ALLE.<\/p>\n\n\n\n<a class=\"gb-text gb-text-1015b367 btn-white-main animate__zoomInDown\" href=\"https:\/\/www.rybreformer.com\/de\/produkte\/\">Entdecken Sie das gesamte Sortiment<\/a>\n<\/div>\n<\/div>\n<\/div>\n<\/div>\n\n\n\n<div class=\"gb-element-dd018bd7 banner-quote\">\n<div class=\"inner-banner-quote\"><\/div>\n<\/div>\n\n\n\n<div class=\"feature-split\">\n<div class=\"inner-feature-split\">\n<div class=\"gb-element-aa626182 grid-feature-split\">\n<div class=\"feature-split-content\">\n<h4 class=\"gb-text title-feature-split animate__zoomInUp translation-block\">Eine neue Sprache<br> f\u00fcr Pilates<\/h4>\n\n\n\n<h5 class=\"gb-text sub-title-feature-split animate__zoomInUp translation-block\">CONTEMPORARY BY NATURE.<br>\nEVOLVED BY EXPERIENCE.<\/h5>\n\n\n\n<p class=\"gb-text txt-feature-split animate__zoomInUp\">Die REFORM YOUR BODY-Methode ist aus der Kombination von t\u00e4glicher Praxis und einer internationalen Vision entstanden. Ein Team von Trainern lebt Pilates jeden Tag und erforscht dessen Weiterentwicklung j\u00e4hrlich durch Fortbildungen und Meisterklassen an Londons renommiertesten Ausbildungsst\u00e4tten.<br><br>WIR FOLGEN NICHT DEM WANDEL. WIR ERSCHAFFEN IHN.<br><br>Das Ergebnis ist ein zeitgem\u00e4\u00dfer Ansatz f\u00fcr Pilates: anspruchsvoll, dynamisch, leistungsstark.<\/p>\n\n\n\n<a class=\"gb-text gb-text-afd768ee btn-white-main animate__zoomInDown\" href=\"https:\/\/www.rybreformer.com\/de\/ryb-academy\/\">Werde auch Pilates-Lehrer\/in!<\/a>\n<\/div>\n\n\n\n<div class=\"feature-split-media-video\">\n<video autoplay muted loop playsinline class=\"video-feature-split animate__zoomInUp\">\n  <source src=\"http:\/\/www.rybreformer.com\/wp-content\/uploads\/2026\/02\/progetto-senza-titolo.mp4\" type=\"video\/mp4\">\n  Ihr Browser unterst\u00fctzt das Video-Tag nicht.\n<\/video>\n<\/div>\n<\/div>\n<\/div>\n<\/div>","protected":false},"excerpt":{"rendered":"<p>Il tuo browser non supporta il tag video. progettati da chi insegna Una gamma di macchinari reformer per professionisti e non solo Eleviamo il Pilates. Attraverso la forma. Attraverso la potenza. REFORM YOUR BODY \u00e8 il risultato di un impegno collettivo per alzare gli standard del Pilates, attraverso macchinari altamente performanti che riflettono la bellezza, &#8230; <a title=\"\u00dcber uns\" class=\"read-more\" href=\"https:\/\/www.rybreformer.com\/de\/macchine-pilates-reformer\/\" aria-label=\"Mehr Informationen \u00fcber uns\">Mehr lesen<\/a><\/p>","protected":false},"author":6,"featured_media":0,"parent":0,"menu_order":0,"comment_status":"closed","ping_status":"closed","template":"","meta":{"_acf_changed":false,"_joinchat":[],"footnotes":""},"class_list":["post-735","page","type-page","status-publish"],"acf":[],"_links":{"self":[{"href":"https:\/\/www.rybreformer.com\/de\/wp-json\/wp\/v2\/pages\/735","targetHints":{"allow":["GET"]}}],"collection":[{"href":"https:\/\/www.rybreformer.com\/de\/wp-json\/wp\/v2\/pages"}],"about":[{"href":"https:\/\/www.rybreformer.com\/de\/wp-json\/wp\/v2\/types\/page"}],"author":[{"embeddable":true,"href":"https:\/\/www.rybreformer.com\/de\/wp-json\/wp\/v2\/users\/6"}],"replies":[{"embeddable":true,"href":"https:\/\/www.rybreformer.com\/de\/wp-json\/wp\/v2\/comments?post=735"}],"version-history":[{"count":3,"href":"https:\/\/www.rybreformer.com\/de\/wp-json\/wp\/v2\/pages\/735\/revisions"}],"predecessor-version":[{"id":2014,"href":"https:\/\/www.rybreformer.com\/de\/wp-json\/wp\/v2\/pages\/735\/revisions\/2014"}],"wp:attachment":[{"href":"https:\/\/www.rybreformer.com\/de\/wp-json\/wp\/v2\/media?parent=735"}],"curies":[{"name":"wp","href":"https:\/\/api.w.org\/{rel}","templated":true}]}}