{"id":1067,"date":"2026-01-30T08:45:56","date_gmt":"2026-01-30T07:45:56","guid":{"rendered":"https:\/\/www.rybreformer.com\/?page_id=1067"},"modified":"2026-02-25T13:15:41","modified_gmt":"2026-02-25T12:15:41","slug":"ryb-care","status":"publish","type":"page","link":"https:\/\/www.rybreformer.com\/fr\/ryb-care\/","title":{"rendered":"Soins RYB"},"content":{"rendered":"<div class=\"gb-element-c5e6a8cb hero-simple opacity-background\">\n<div class=\"inner-hero-simple\">\n<h1 class=\"gb-text hero-title-page animate__zoomInUp\">RYB care<\/h1>\n\n\n\n<h2 class=\"gb-text hero-subtitle-page animate__zoomInUp translation-block\">Conseils simples pour garder votre REFORM YOUR BODY en excellent \u00e9tat<\/h2>\n<\/div>\n<\/div>\n\n\n\n<div class=\"ryb-care\">\n<div class=\"inner-ryb-care\">\n<div class=\"gb-element-988f22be grid-ryb-care\">\n<div class=\"content-ryb-care\">\n<div class=\"box-care\">\n<p class=\"gb-text testo-box-care\">Prot\u00e9gez-le des \u00e9l\u00e9ments.<\/p>\n\n\n\n<img loading=\"lazy\" decoding=\"async\" width=\"755\" height=\"512\" class=\"gb-media-2c658c2c ico-box-care\" alt=\"R\u00e9formateur Ryb\" title=\"R\u00e9formateur Ryb\" src=\"https:\/\/www.rybreformer.com\/wp-content\/uploads\/2026\/01\/ryb-reformer.webp\" srcset=\"https:\/\/www.rybreformer.com\/wp-content\/uploads\/2026\/01\/ryb-reformer.webp 755w, https:\/\/www.rybreformer.com\/wp-content\/uploads\/2026\/01\/ryb-reformer-300x203.webp 300w\" sizes=\"auto, (max-width: 755px) 100vw, 755px\" \/>\n<\/div>\n\n\n\n<div class=\"box-care\">\n<p class=\"gb-text testo-box-care\">Ne pas manger ou boire sur le reformeur !<\/p>\n\n\n\n<img loading=\"lazy\" decoding=\"async\" width=\"512\" height=\"512\" class=\"gb-media-0688b038 ico-box-care\" alt=\"Ryb sans nourriture\" title=\"Ryb sans nourriture\" src=\"http:\/\/www.rybreformer.com\/wp-content\/uploads\/2026\/01\/ryb-no-food.webp\" srcset=\"https:\/\/www.rybreformer.com\/wp-content\/uploads\/2026\/01\/ryb-no-food.webp 512w, https:\/\/www.rybreformer.com\/wp-content\/uploads\/2026\/01\/ryb-no-food-300x300.webp 300w, https:\/\/www.rybreformer.com\/wp-content\/uploads\/2026\/01\/ryb-no-food-150x150.webp 150w\" sizes=\"auto, (max-width: 512px) 100vw, 512px\" \/>\n<\/div>\n\n\n\n<div class=\"box-care\">\n<p class=\"gb-text testo-box-care\">Nettoyer\/s\u00e9cher les rails une fois par semaine pour conserver sa fluidit\u00e9 dans le temps.<\/p>\n\n\n\n<img loading=\"lazy\" decoding=\"async\" width=\"512\" height=\"512\" class=\"gb-media-2106cd95 ico-box-care\" alt=\"Ryb Sparkle\" title=\"Ryb Sparkle\" src=\"http:\/\/www.rybreformer.com\/wp-content\/uploads\/2026\/01\/ryb-sparkle.webp\" srcset=\"https:\/\/www.rybreformer.com\/wp-content\/uploads\/2026\/01\/ryb-sparkle.webp 512w, https:\/\/www.rybreformer.com\/wp-content\/uploads\/2026\/01\/ryb-sparkle-300x300.webp 300w, https:\/\/www.rybreformer.com\/wp-content\/uploads\/2026\/01\/ryb-sparkle-150x150.webp 150w\" sizes=\"auto, (max-width: 512px) 100vw, 512px\" \/>\n<\/div>\n\n\n\n<div class=\"box-care\">\n<p class=\"gb-text testo-box-care\">Utilisez des produits d'entretien non agressifs et un chiffon humide pour nettoyer les parties fixes.<\/p>\n\n\n\n<img loading=\"lazy\" decoding=\"async\" width=\"512\" height=\"512\" class=\"gb-media-cf7a4fb9 ico-box-care\" alt=\"Nettoyage Ryb\" title=\"Nettoyage Ryb\" src=\"http:\/\/www.rybreformer.com\/wp-content\/uploads\/2026\/01\/ryb-cleaning.webp\" srcset=\"https:\/\/www.rybreformer.com\/wp-content\/uploads\/2026\/01\/ryb-cleaning.webp 512w, https:\/\/www.rybreformer.com\/wp-content\/uploads\/2026\/01\/ryb-cleaning-300x300.webp 300w, https:\/\/www.rybreformer.com\/wp-content\/uploads\/2026\/01\/ryb-cleaning-150x150.webp 150w\" sizes=\"auto, (max-width: 512px) 100vw, 512px\" \/>\n<\/div>\n\n\n\n<div class=\"box-care\">\n<p class=\"gb-text testo-box-care\">Si vous d\u00e9cidez de laver vos sangles pour les mains et les pieds, placez-les dans un sac \u00e0 lingerie dans la machine \u00e0 laver au cycle d\u00e9licat et suspendez-les au soleil pour les faire s\u00e9cher.<\/p>\n\n\n\n<img loading=\"lazy\" decoding=\"async\" width=\"512\" height=\"512\" class=\"gb-media-4d3db184 ico-box-care\" alt=\"Ryb Wash\" title=\"Ryb Wash\" src=\"http:\/\/www.rybreformer.com\/wp-content\/uploads\/2026\/01\/ryb-wash.webp\" srcset=\"https:\/\/www.rybreformer.com\/wp-content\/uploads\/2026\/01\/ryb-wash.webp 512w, https:\/\/www.rybreformer.com\/wp-content\/uploads\/2026\/01\/ryb-wash-300x300.webp 300w, https:\/\/www.rybreformer.com\/wp-content\/uploads\/2026\/01\/ryb-wash-150x150.webp 150w\" sizes=\"auto, (max-width: 512px) 100vw, 512px\" \/>\n<\/div>\n\n\n\n<div class=\"box-care\">\n<p class=\"gb-text testo-box-care\">Laissez toujours les ressorts d\u00e9croch\u00e9s, afin qu'ils ne s'usent pas et ne perdent pas leur force. Cependant, nous vous recommandons de remplacer les ressorts, si vous utilisez votre machine quotidiennement, tous les 24 mois. Vous pouvez acheter des ressorts individuels directement chez nous!<\/p>\n\n\n\n<img loading=\"lazy\" decoding=\"async\" width=\"512\" height=\"512\" class=\"gb-media-48d26b09 ico-box-care\" alt=\"Ressort en acier Ryb\" title=\"Ressort en acier Ryb\" src=\"http:\/\/www.rybreformer.com\/wp-content\/uploads\/2026\/01\/ryb-steel-sping.webp\" srcset=\"https:\/\/www.rybreformer.com\/wp-content\/uploads\/2026\/01\/ryb-steel-sping.webp 512w, https:\/\/www.rybreformer.com\/wp-content\/uploads\/2026\/01\/ryb-steel-sping-300x300.webp 300w, https:\/\/www.rybreformer.com\/wp-content\/uploads\/2026\/01\/ryb-steel-sping-150x150.webp 150w\" sizes=\"auto, (max-width: 512px) 100vw, 512px\" \/>\n<\/div>\n<\/div>\n\n\n\n<div class=\"image-ryb-care\">\n<img loading=\"lazy\" decoding=\"async\" width=\"1290\" height=\"1940\" class=\"gb-media-d0e40ae5\" alt=\"Ryb Care Prot\u00e9gez-le des intemp\u00e9ries\" title=\"Ryb Care Prot\u00e9gez-le des intemp\u00e9ries\" src=\"http:\/\/www.rybreformer.com\/wp-content\/uploads\/2026\/02\/ryb-care-proteggilo-dagli-agenti-atmosferici.webp\" srcset=\"https:\/\/www.rybreformer.com\/wp-content\/uploads\/2026\/02\/ryb-care-proteggilo-dagli-agenti-atmosferici.webp 1290w, https:\/\/www.rybreformer.com\/wp-content\/uploads\/2026\/02\/ryb-care-proteggilo-dagli-agenti-atmosferici-199x300.webp 199w, https:\/\/www.rybreformer.com\/wp-content\/uploads\/2026\/02\/ryb-care-proteggilo-dagli-agenti-atmosferici-681x1024.webp 681w, https:\/\/www.rybreformer.com\/wp-content\/uploads\/2026\/02\/ryb-care-proteggilo-dagli-agenti-atmosferici-768x1155.webp 768w, https:\/\/www.rybreformer.com\/wp-content\/uploads\/2026\/02\/ryb-care-proteggilo-dagli-agenti-atmosferici-1021x1536.webp 1021w\" sizes=\"auto, (max-width: 1290px) 100vw, 1290px\" \/>\n<\/div>\n<\/div>\n<\/div>\n<\/div>","protected":false},"excerpt":{"rendered":"<p>Entretien du RYB\u00a0: Conseils simples pour garder votre Reform Your Body en parfait \u00e9tat. Prot\u00e9gez-le des intemp\u00e9ries. Il est interdit de manger ou de boire sur le reformer\u00a0! Nettoyez et s\u00e9chez les rails une fois par semaine pour pr\u00e9server leur fluidit\u00e9. Utilisez des produits nettoyants non agressifs et un chiffon humide pour nettoyer les parties fixes. Si vous d\u00e9cidez de laver le\u2026 <a title=\"Soins RYB\" class=\"read-more\" href=\"https:\/\/www.rybreformer.com\/fr\/ryb-care\/\" aria-label=\"Apprenez-en davantage sur RYB Care\">En savoir plus<\/a><\/p>","protected":false},"author":2,"featured_media":0,"parent":0,"menu_order":0,"comment_status":"closed","ping_status":"closed","template":"","meta":{"_acf_changed":false,"_joinchat":[],"footnotes":""},"class_list":["post-1067","page","type-page","status-publish"],"acf":[],"_links":{"self":[{"href":"https:\/\/www.rybreformer.com\/fr\/wp-json\/wp\/v2\/pages\/1067","targetHints":{"allow":["GET"]}}],"collection":[{"href":"https:\/\/www.rybreformer.com\/fr\/wp-json\/wp\/v2\/pages"}],"about":[{"href":"https:\/\/www.rybreformer.com\/fr\/wp-json\/wp\/v2\/types\/page"}],"author":[{"embeddable":true,"href":"https:\/\/www.rybreformer.com\/fr\/wp-json\/wp\/v2\/users\/2"}],"replies":[{"embeddable":true,"href":"https:\/\/www.rybreformer.com\/fr\/wp-json\/wp\/v2\/comments?post=1067"}],"version-history":[{"count":1,"href":"https:\/\/www.rybreformer.com\/fr\/wp-json\/wp\/v2\/pages\/1067\/revisions"}],"predecessor-version":[{"id":1666,"href":"https:\/\/www.rybreformer.com\/fr\/wp-json\/wp\/v2\/pages\/1067\/revisions\/1666"}],"wp:attachment":[{"href":"https:\/\/www.rybreformer.com\/fr\/wp-json\/wp\/v2\/media?parent=1067"}],"curies":[{"name":"wp","href":"https:\/\/api.w.org\/{rel}","templated":true}]}}