{"id":1406,"date":"2026-02-04T15:14:20","date_gmt":"2026-02-04T14:14:20","guid":{"rendered":"https:\/\/www.rybreformer.com\/?page_id=1406"},"modified":"2026-02-04T18:11:22","modified_gmt":"2026-02-04T17:11:22","slug":"f-a-q","status":"publish","type":"page","link":"https:\/\/www.rybreformer.com\/fr\/f-a-q\/","title":{"rendered":"F.A.Q."},"content":{"rendered":"<div class=\"faq-prodotti\">\n<div class=\"inner-faq-prodotti\">\n<div class=\"gb-element-25d5cb1e grid-faq-prodotti\">\n<div>\n<h4 class=\"gb-text title-faq\">Questions fr\u00e9quentes<\/h4>\n\n\n\n<p>Si vous ne trouvez pas la r\u00e9ponse que vous cherchez, contactez-nous.<br>Notre \u00e9quipe est \u00e0 votre disposition pour vous proposer ses services. <strong>soutien direct et conseils personnalis\u00e9s<\/strong>.<\/p>\n\n\n\n<div class=\"gb-accordion faq-accordion-macchinari\">\n<div class=\"gb-accordion__item gb-accordion__item-2d597314\" data-gb-overlay-close=\"\" data-transition=\"slide\">\n<div role=\"button\" tabindex=\"0\" class=\"gb-accordion__toggle gb-accordion__toggle-ad53453d\" id=\"gb-accordion-toggle-ad53453d\">\n<span class=\"gb-text\"><strong><strong>Qui est REFORM YOUR BODY ?<\/strong><\/strong><\/span>\n\n\n\n<span class=\"gb-accordion__toggle-icon gb-accordion__toggle-icon-7b4f8023\"><span class=\"gb-accordion__toggle-icon-open\"><svg aria-hidden=\"true\" viewbox=\"0 0 256 256\"><rect width=\"256\" height=\"256\" fill=\"none\"><\/rect><polyline points=\"208 96 128 176 48 96\" fill=\"none\" stroke=\"currentColor\" stroke-linecap=\"round\" stroke-linejoin=\"round\" stroke-width=\"16\"><\/polyline><\/svg><\/span><span class=\"gb-accordion__toggle-icon-close\"><svg aria-hidden=\"true\" viewbox=\"0 0 256 256\"><rect width=\"256\" height=\"256\" fill=\"none\"><\/rect><polyline points=\"48 160 128 80 208 160\" fill=\"none\" stroke=\"currentColor\" stroke-linecap=\"round\" stroke-linejoin=\"round\" stroke-width=\"16\"><\/polyline><\/svg><\/span><\/span>\n<\/div>\n\n\n\n<div class=\"gb-accordion__content\" id=\"gb-accordion-content-3617835d\">\n<div class=\"gb-element-92d3ee50\">\n<p class=\"translation-block\">RYB est une <strong>marque italienne \u00e0 vocation internationale<\/strong> qui r\u00e9invente le Pilates gr\u00e2ce \u00e0 ses machines, ses formations et ses services de conseil.<br> Machines, m\u00e9thodes et formation partagent un seul principe : <strong>CONCEPTION PAR L&#039;EXP\u00c9RIENCE<\/strong> .<\/p>\n<\/div>\n<\/div>\n<\/div>\n\n\n\n<div class=\"gb-accordion__item gb-accordion__item-0a7e6eff\" data-gb-overlay-close=\"\" data-transition=\"slide\">\n<div role=\"button\" tabindex=\"0\" class=\"gb-accordion__toggle gb-accordion__toggle-318e6ee1\" id=\"gb-accordion-toggle-318e6ee1\">\n<span class=\"gb-text\"><strong><strong>Le RYB est-il durable ?<\/strong><\/strong><\/span>\n\n\n\n<span class=\"gb-accordion__toggle-icon gb-accordion__toggle-icon-71d54057\"><span class=\"gb-accordion__toggle-icon-open\"><svg aria-hidden=\"true\" viewbox=\"0 0 256 256\"><rect width=\"256\" height=\"256\" fill=\"none\"><\/rect><polyline points=\"208 96 128 176 48 96\" fill=\"none\" stroke=\"currentColor\" stroke-linecap=\"round\" stroke-linejoin=\"round\" stroke-width=\"16\"><\/polyline><\/svg><\/span><span class=\"gb-accordion__toggle-icon-close\"><svg aria-hidden=\"true\" viewbox=\"0 0 256 256\"><rect width=\"256\" height=\"256\" fill=\"none\"><\/rect><polyline points=\"48 160 128 80 208 160\" fill=\"none\" stroke=\"currentColor\" stroke-linecap=\"round\" stroke-linejoin=\"round\" stroke-width=\"16\"><\/polyline><\/svg><\/span><\/span>\n<\/div>\n\n\n\n<div class=\"gb-accordion__content\" id=\"gb-accordion-content-83aaa7bf\">\n<div class=\"gb-element-4708ae3b\">\n<p>Oui, nous utilisons du bois provenant de for\u00eats g\u00e9r\u00e9es de mani\u00e8re responsable et des mat\u00e9riaux s\u00e9lectionn\u00e9s pour leur durabilit\u00e9 et leur faible impact environnemental.<\/p>\n<\/div>\n<\/div>\n<\/div>\n\n\n\n<div class=\"gb-accordion__item gb-accordion__item-6b14e603\" data-gb-overlay-close=\"\" data-transition=\"slide\">\n<div role=\"button\" tabindex=\"0\" class=\"gb-accordion__toggle gb-accordion__toggle-ba7bec98\" id=\"gb-accordion-toggle-ba7bec98\">\n<span class=\"gb-text\"><strong><strong>O\u00f9 se situe votre salle d&#039;exposition ?<\/strong><\/strong><\/span>\n\n\n\n<span class=\"gb-accordion__toggle-icon gb-accordion__toggle-icon-fc0b7f1b\"><span class=\"gb-accordion__toggle-icon-open\"><svg aria-hidden=\"true\" viewbox=\"0 0 256 256\"><rect width=\"256\" height=\"256\" fill=\"none\"><\/rect><polyline points=\"208 96 128 176 48 96\" fill=\"none\" stroke=\"currentColor\" stroke-linecap=\"round\" stroke-linejoin=\"round\" stroke-width=\"16\"><\/polyline><\/svg><\/span><span class=\"gb-accordion__toggle-icon-close\"><svg aria-hidden=\"true\" viewbox=\"0 0 256 256\"><rect width=\"256\" height=\"256\" fill=\"none\"><\/rect><polyline points=\"48 160 128 80 208 160\" fill=\"none\" stroke=\"currentColor\" stroke-linecap=\"round\" stroke-linejoin=\"round\" stroke-width=\"16\"><\/polyline><\/svg><\/span><\/span>\n<\/div>\n\n\n\n<div class=\"gb-accordion__content\" id=\"gb-accordion-content-f2e76432\">\n<div class=\"gb-element-427e3d48\">\n<p class=\"translation-block\">Notre showroom est situ\u00e9 <strong>en plein centre de Bergame<\/strong> , sur <strong>la Piazza Dante<\/strong> .<br> Nous accueillons <strong>sur rendez-vous<\/strong> les professionnels, les studios et les passionn\u00e9s d\u00e9sireux de d\u00e9couvrir et de tester notre mat\u00e9riel, notamment lors de cours de Pilates Reformer (r\u00e9servation obligatoire). Nous livrons dans toute l&#039;Italie.<\/p>\n<\/div>\n<\/div>\n<\/div>\n\n\n\n<div class=\"gb-accordion__item gb-accordion__item-f3d17762\" data-gb-overlay-close=\"\" data-transition=\"slide\">\n<div role=\"button\" tabindex=\"0\" class=\"gb-accordion__toggle gb-accordion__toggle-ddfb9537\" id=\"gb-accordion-toggle-ddfb9537\">\n<span class=\"gb-text\"><strong><strong>Proposez-vous des formations pour accompagner la vente de machines ?<\/strong><\/strong><\/span>\n\n\n\n<span class=\"gb-accordion__toggle-icon gb-accordion__toggle-icon-e097fca5\"><span class=\"gb-accordion__toggle-icon-open\"><svg aria-hidden=\"true\" viewbox=\"0 0 256 256\"><rect width=\"256\" height=\"256\" fill=\"none\"><\/rect><polyline points=\"208 96 128 176 48 96\" fill=\"none\" stroke=\"currentColor\" stroke-linecap=\"round\" stroke-linejoin=\"round\" stroke-width=\"16\"><\/polyline><\/svg><\/span><span class=\"gb-accordion__toggle-icon-close\"><svg aria-hidden=\"true\" viewbox=\"0 0 256 256\"><rect width=\"256\" height=\"256\" fill=\"none\"><\/rect><polyline points=\"48 160 128 80 208 160\" fill=\"none\" stroke=\"currentColor\" stroke-linecap=\"round\" stroke-linejoin=\"round\" stroke-width=\"16\"><\/polyline><\/svg><\/span><\/span>\n<\/div>\n\n\n\n<div class=\"gb-accordion__content\" id=\"gb-accordion-content-fcdb2463\">\n<div class=\"gb-element-9cf40874\">\n<p>Oui, avec la RYB Academy, nous proposons des formations avanc\u00e9es certifi\u00e9es pour les enseignants et les passionn\u00e9s, ax\u00e9es sur la s\u00e9curit\u00e9, la performance et la m\u00e9thode.<\/p>\n<\/div>\n<\/div>\n<\/div>\n\n\n\n<div class=\"gb-accordion__item gb-accordion__item-ee5954b1\" data-gb-overlay-close=\"\" data-transition=\"slide\">\n<div role=\"button\" tabindex=\"0\" class=\"gb-accordion__toggle gb-accordion__toggle-afaf2e08\" id=\"gb-accordion-toggle-afaf2e08\">\n<span class=\"gb-text\"><strong><strong>La formation est-elle r\u00e9serv\u00e9e \u00e0 ceux qui ach\u00e8tent la machine\u00a0?<\/strong><\/strong><\/span>\n\n\n\n<span class=\"gb-accordion__toggle-icon gb-accordion__toggle-icon-d615ac55\"><span class=\"gb-accordion__toggle-icon-open\"><svg aria-hidden=\"true\" viewbox=\"0 0 256 256\"><rect width=\"256\" height=\"256\" fill=\"none\"><\/rect><polyline points=\"208 96 128 176 48 96\" fill=\"none\" stroke=\"currentColor\" stroke-linecap=\"round\" stroke-linejoin=\"round\" stroke-width=\"16\"><\/polyline><\/svg><\/span><span class=\"gb-accordion__toggle-icon-close\"><svg aria-hidden=\"true\" viewbox=\"0 0 256 256\"><rect width=\"256\" height=\"256\" fill=\"none\"><\/rect><polyline points=\"48 160 128 80 208 160\" fill=\"none\" stroke=\"currentColor\" stroke-linecap=\"round\" stroke-linejoin=\"round\" stroke-width=\"16\"><\/polyline><\/svg><\/span><\/span>\n<\/div>\n\n\n\n<div class=\"gb-accordion__content\" id=\"gb-accordion-content-2f9c5a7a\">\n<div class=\"gb-element-32342c63\">\n<p class=\"translation-block\">Non, les cours sont ouverts \u00e0 tous.<br> Toutefois, ceux qui ach\u00e8tent des machines RYB peuvent b\u00e9n\u00e9ficier <strong>de conditions pr\u00e9f\u00e9rentielles et de programmes d\u00e9di\u00e9s<\/strong> .<\/p>\n<\/div>\n<\/div>\n<\/div>\n\n\n\n<div class=\"gb-accordion__item gb-accordion__item-f76478b8\" data-gb-overlay-close=\"\" data-transition=\"slide\">\n<div role=\"button\" tabindex=\"0\" class=\"gb-accordion__toggle gb-accordion__toggle-938d4724\" id=\"gb-accordion-toggle-938d4724\">\n<span class=\"gb-text\"><strong><strong>Proposez-vous des cours en ligne ou uniquement en pr\u00e9sentiel\u00a0?<\/strong><\/strong><\/span>\n\n\n\n<span class=\"gb-accordion__toggle-icon gb-accordion__toggle-icon-26cfa35e\"><span class=\"gb-accordion__toggle-icon-open\"><svg aria-hidden=\"true\" viewbox=\"0 0 256 256\"><rect width=\"256\" height=\"256\" fill=\"none\"><\/rect><polyline points=\"208 96 128 176 48 96\" fill=\"none\" stroke=\"currentColor\" stroke-linecap=\"round\" stroke-linejoin=\"round\" stroke-width=\"16\"><\/polyline><\/svg><\/span><span class=\"gb-accordion__toggle-icon-close\"><svg aria-hidden=\"true\" viewbox=\"0 0 256 256\"><rect width=\"256\" height=\"256\" fill=\"none\"><\/rect><polyline points=\"48 160 128 80 208 160\" fill=\"none\" stroke=\"currentColor\" stroke-linecap=\"round\" stroke-linejoin=\"round\" stroke-width=\"16\"><\/polyline><\/svg><\/span><\/span>\n<\/div>\n\n\n\n<div class=\"gb-accordion__content\" id=\"gb-accordion-content-0814b197\">\n<div class=\"gb-element-f7cda1ee\">\n<p>Nous proposons des cours hybrides\u00a0: en ligne, en pr\u00e9sentiel et des modules personnalisables pour ceux qui travaillent ou souhaitent \u00e9voluer sans compromis.<\/p>\n<\/div>\n<\/div>\n<\/div>\n\n\n\n<div class=\"gb-accordion__item gb-accordion__item-92f0905d\" data-gb-overlay-close=\"\" data-transition=\"slide\">\n<div role=\"button\" tabindex=\"0\" class=\"gb-accordion__toggle gb-accordion__toggle-7f3b9472\" id=\"gb-accordion-toggle-7f3b9472\">\n<span class=\"gb-text\"><strong><strong>Quel type de certification d\u00e9livrez-vous ?<\/strong><\/strong><\/span>\n\n\n\n<span class=\"gb-accordion__toggle-icon gb-accordion__toggle-icon-2977a70f\"><span class=\"gb-accordion__toggle-icon-open\"><svg aria-hidden=\"true\" viewbox=\"0 0 256 256\"><rect width=\"256\" height=\"256\" fill=\"none\"><\/rect><polyline points=\"208 96 128 176 48 96\" fill=\"none\" stroke=\"currentColor\" stroke-linecap=\"round\" stroke-linejoin=\"round\" stroke-width=\"16\"><\/polyline><\/svg><\/span><span class=\"gb-accordion__toggle-icon-close\"><svg aria-hidden=\"true\" viewbox=\"0 0 256 256\"><rect width=\"256\" height=\"256\" fill=\"none\"><\/rect><polyline points=\"48 160 128 80 208 160\" fill=\"none\" stroke=\"currentColor\" stroke-linecap=\"round\" stroke-linejoin=\"round\" stroke-width=\"16\"><\/polyline><\/svg><\/span><\/span>\n<\/div>\n\n\n\n<div class=\"gb-accordion__content\" id=\"gb-accordion-content-55a27c63\">\n<div class=\"gb-element-ceab6bac\">\n<p class=\"translation-block\">Les cours de formation de la RYB Academy d\u00e9cernent, apr\u00e8s r\u00e9ussite \u00e0 l&#039;examen final, <strong>un dipl\u00f4me d&#039;enseignant de Pilates certifi\u00e9 CONI<\/strong> .<\/p>\n\n\n\n<p><\/p>\n<\/div>\n<\/div>\n<\/div>\n\n\n\n<div class=\"gb-accordion__item gb-accordion__item-f9de162a\" data-gb-overlay-close=\"\" data-transition=\"slide\">\n<div role=\"button\" tabindex=\"0\" class=\"gb-accordion__toggle gb-accordion__toggle-cbbfa42f\" id=\"gb-accordion-toggle-cbbfa42f\">\n<span class=\"gb-text\"><strong><strong>O\u00f9 puis-je trouver des informations sur les formations ?<\/strong><\/strong><\/span>\n\n\n\n<span class=\"gb-accordion__toggle-icon gb-accordion__toggle-icon-b9341ced\"><span class=\"gb-accordion__toggle-icon-open\"><svg aria-hidden=\"true\" viewbox=\"0 0 256 256\"><rect width=\"256\" height=\"256\" fill=\"none\"><\/rect><polyline points=\"208 96 128 176 48 96\" fill=\"none\" stroke=\"currentColor\" stroke-linecap=\"round\" stroke-linejoin=\"round\" stroke-width=\"16\"><\/polyline><\/svg><\/span><span class=\"gb-accordion__toggle-icon-close\"><svg aria-hidden=\"true\" viewbox=\"0 0 256 256\"><rect width=\"256\" height=\"256\" fill=\"none\"><\/rect><polyline points=\"48 160 128 80 208 160\" fill=\"none\" stroke=\"currentColor\" stroke-linecap=\"round\" stroke-linejoin=\"round\" stroke-width=\"16\"><\/polyline><\/svg><\/span><\/span>\n<\/div>\n\n\n\n<div class=\"gb-accordion__content\" id=\"gb-accordion-content-6a60f8d8\">\n<div class=\"gb-element-358195f6\">\n<p class=\"translation-block\">Vous pouvez d\u00e9couvrir tous les programmes de la <strong>RYB Academy<\/strong> dans la section d\u00e9di\u00e9e du site web <strong><a href=\"http:\/\/www.rybreformer.com\/fr\/ryb-academy\/\" data-type=\"page\" data-id=\"456\" target=\"_self\">ici.<\/a><\/strong><\/p>\n<\/div>\n<\/div>\n<\/div>\n\n\n\n<div class=\"gb-accordion__item gb-accordion__item-8795a912\" data-gb-overlay-close=\"\" data-transition=\"slide\">\n<div role=\"button\" tabindex=\"0\" class=\"gb-accordion__toggle gb-accordion__toggle-dc443367\" id=\"gb-accordion-toggle-dc443367\">\n<span class=\"gb-text\"><strong><strong>Avez-vous votre propre gamme d&#039;accessoires ?<\/strong><\/strong><\/span>\n\n\n\n<span class=\"gb-accordion__toggle-icon gb-accordion__toggle-icon-b07c5c0e\"><span class=\"gb-accordion__toggle-icon-open\"><svg aria-hidden=\"true\" viewbox=\"0 0 256 256\"><rect width=\"256\" height=\"256\" fill=\"none\"><\/rect><polyline points=\"208 96 128 176 48 96\" fill=\"none\" stroke=\"currentColor\" stroke-linecap=\"round\" stroke-linejoin=\"round\" stroke-width=\"16\"><\/polyline><\/svg><\/span><span class=\"gb-accordion__toggle-icon-close\"><svg aria-hidden=\"true\" viewbox=\"0 0 256 256\"><rect width=\"256\" height=\"256\" fill=\"none\"><\/rect><polyline points=\"48 160 128 80 208 160\" fill=\"none\" stroke=\"currentColor\" stroke-linecap=\"round\" stroke-linejoin=\"round\" stroke-width=\"16\"><\/polyline><\/svg><\/span><\/span>\n<\/div>\n\n\n\n<div class=\"gb-accordion__content\" id=\"gb-accordion-content-e4e05cb1\">\n<div class=\"gb-element-547d540e\">\n<p>Oui, d\u00e9couvrez notre collection d&#039;accessoires dans la section d\u00e9di\u00e9e de notre site web.<\/p>\n<\/div>\n<\/div>\n<\/div>\n\n\n\n<div class=\"gb-accordion__item gb-accordion__item-e9ba3e5a\" data-gb-overlay-close=\"\" data-transition=\"slide\">\n<div role=\"button\" tabindex=\"0\" class=\"gb-accordion__toggle gb-accordion__toggle-c05c9e8f\" id=\"gb-accordion-toggle-c05c9e8f\">\n<span class=\"gb-text\"><strong><strong>Puis-je personnaliser mes accessoires ?<\/strong><\/strong><\/span>\n\n\n\n<span class=\"gb-accordion__toggle-icon gb-accordion__toggle-icon-cc3a90f7\"><span class=\"gb-accordion__toggle-icon-open\"><svg aria-hidden=\"true\" viewbox=\"0 0 256 256\"><rect width=\"256\" height=\"256\" fill=\"none\"><\/rect><polyline points=\"208 96 128 176 48 96\" fill=\"none\" stroke=\"currentColor\" stroke-linecap=\"round\" stroke-linejoin=\"round\" stroke-width=\"16\"><\/polyline><\/svg><\/span><span class=\"gb-accordion__toggle-icon-close\"><svg aria-hidden=\"true\" viewbox=\"0 0 256 256\"><rect width=\"256\" height=\"256\" fill=\"none\"><\/rect><polyline points=\"48 160 128 80 208 160\" fill=\"none\" stroke=\"currentColor\" stroke-linecap=\"round\" stroke-linejoin=\"round\" stroke-width=\"16\"><\/polyline><\/svg><\/span><\/span>\n<\/div>\n\n\n\n<div class=\"gb-accordion__content\" id=\"gb-accordion-content-b7e13276\">\n<div class=\"gb-element-98e5e9b9\">\n<p>Oui, nous pouvons les personnaliser pour des quantit\u00e9s minimales de commande avec un accompagnement personnalis\u00e9.<\/p>\n<\/div>\n<\/div>\n<\/div>\n\n\n\n<div class=\"gb-accordion__item gb-accordion__item-cc59b1e4\" data-gb-overlay-close=\"\" data-transition=\"slide\">\n<div role=\"button\" tabindex=\"0\" class=\"gb-accordion__toggle gb-accordion__toggle-4392609d\" id=\"gb-accordion-toggle-4392609d\">\n<span class=\"gb-text\"><strong><strong>Puis-je devenir distributeur RYB\u00a0?<\/strong><\/strong><\/span>\n\n\n\n<span class=\"gb-accordion__toggle-icon gb-accordion__toggle-icon-a4b85d33\"><span class=\"gb-accordion__toggle-icon-open\"><svg aria-hidden=\"true\" viewbox=\"0 0 256 256\"><rect width=\"256\" height=\"256\" fill=\"none\"><\/rect><polyline points=\"208 96 128 176 48 96\" fill=\"none\" stroke=\"currentColor\" stroke-linecap=\"round\" stroke-linejoin=\"round\" stroke-width=\"16\"><\/polyline><\/svg><\/span><span class=\"gb-accordion__toggle-icon-close\"><svg aria-hidden=\"true\" viewbox=\"0 0 256 256\"><rect width=\"256\" height=\"256\" fill=\"none\"><\/rect><polyline points=\"48 160 128 80 208 160\" fill=\"none\" stroke=\"currentColor\" stroke-linecap=\"round\" stroke-linejoin=\"round\" stroke-width=\"16\"><\/polyline><\/svg><\/span><\/span>\n<\/div>\n\n\n\n<div class=\"gb-accordion__content\" id=\"gb-accordion-content-ac18b21b\">\n<div class=\"gb-element-16a3f81f\">\n<p>Nous \u00e9tudions la possibilit\u00e9 de mettre en place un r\u00e9seau de distribution international. Prenons rendez-vous avec notre responsable des ventes pour en discuter\u00a0!<\/p>\n<\/div>\n<\/div>\n<\/div>\n<\/div>\n<\/div>\n\n\n\n<div><\/div>\n<\/div>\n<\/div>\n<\/div>","protected":false},"excerpt":{"rendered":"<p>Questions fr\u00e9quentes\u00a0: Si vous ne trouvez pas la r\u00e9ponse \u00e0 votre question, contactez-nous. Notre \u00e9quipe est \u00e0 votre disposition pour vous apporter une assistance directe et des conseils personnalis\u00e9s.<\/p>","protected":false},"author":2,"featured_media":0,"parent":0,"menu_order":0,"comment_status":"closed","ping_status":"closed","template":"","meta":{"_acf_changed":false,"_joinchat":[],"footnotes":""},"class_list":["post-1406","page","type-page","status-publish"],"acf":[],"_links":{"self":[{"href":"https:\/\/www.rybreformer.com\/fr\/wp-json\/wp\/v2\/pages\/1406","targetHints":{"allow":["GET"]}}],"collection":[{"href":"https:\/\/www.rybreformer.com\/fr\/wp-json\/wp\/v2\/pages"}],"about":[{"href":"https:\/\/www.rybreformer.com\/fr\/wp-json\/wp\/v2\/types\/page"}],"author":[{"embeddable":true,"href":"https:\/\/www.rybreformer.com\/fr\/wp-json\/wp\/v2\/users\/2"}],"replies":[{"embeddable":true,"href":"https:\/\/www.rybreformer.com\/fr\/wp-json\/wp\/v2\/comments?post=1406"}],"version-history":[{"count":0,"href":"https:\/\/www.rybreformer.com\/fr\/wp-json\/wp\/v2\/pages\/1406\/revisions"}],"wp:attachment":[{"href":"https:\/\/www.rybreformer.com\/fr\/wp-json\/wp\/v2\/media?parent=1406"}],"curies":[{"name":"wp","href":"https:\/\/api.w.org\/{rel}","templated":true}]}}