{"id":1558,"date":"2026-02-06T11:47:27","date_gmt":"2026-02-06T10:47:27","guid":{"rendered":"https:\/\/www.rybreformer.com\/dichiarazione-sulla-privacy-ue\/"},"modified":"2026-02-06T12:02:37","modified_gmt":"2026-02-06T11:02:37","slug":"privacy-policy","status":"publish","type":"page","link":"https:\/\/www.rybreformer.com\/fr\/privacy-policy\/","title":{"rendered":"Politique de confidentialit\u00e9"},"content":{"rendered":"<!-- Legal document generated by Complianz | GDPR\/CCPA Cookie Consent https:\/\/wordpress.org\/plugins\/complianz-gdpr -->\n<div id=\"cmplz-document\" class=\"cmplz-document privacy-statement cmplz-document-eu\"><p><i>La pr\u00e9sente d\u00e9claration de confidentialit\u00e9 a \u00e9t\u00e9 faite le 6 f\u00e9vrier 2026 et s&#039;applique aux citoyens et r\u00e9sidents permanents de l&#039;Espace \u00e9conomique europ\u00e9en et de la Suisse.<\/i><br \/><br \/><\/p><p><p>Dans cette d\u00e9claration confidentielle, nous expliquons ce que nous faisons avec les femmes que nous rencontrons sur votre site web. <a href=\"https:\/\/www.rybreformer.com\/fr\">https:\/\/www.rybreformer.com\/fr<\/a>. Nous vous recommandons de lire attentivement cette d\u00e9claration. Notre traitement est conforme aux exigences de la l\u00e9gislation en mati\u00e8re de confidentialit\u00e9. Cela signifie notamment que\u00a0:<\/p><ul>\n                <li>Nous indiquons clairement dans ces finalit\u00e9s que nous trahissons la vie priv\u00e9e des femmes. Nos pratiques dissimulent de bien des mani\u00e8res cette d\u00e9claration de confidentialit\u00e9 ;<\/li>\n                <li>Nous nous proposons de limiter notre recrutement de personnel f\u00e9minin au seul personnel f\u00e9minin n\u00e9cessaire \u00e0 des fins l\u00e9gitimes ;<\/li>\n                <li>nous vous demandons de solliciter votre consentement explicite pour traiter votre personnel f\u00e9minin dans les cas o\u00f9 votre consentement est requis\u00a0;<\/li>\n                <li>nous vous fournissons les mesures de s\u00e9curit\u00e9 appropri\u00e9es pour prot\u00e9ger votre personnel f\u00e9minin, et nous vous demandons \u00e9galement de nous aider lors des r\u00e9ceptions o\u00f9 sont organis\u00e9es des r\u00e9ceptions pour notre personnel f\u00e9minin\u00a0;<\/li>\n                <li>Nous respectons votre droit de consulter, de corriger ou de supprimer des postes concernant votre personnel f\u00e9minin si vous souhaitez formuler votre demande.<\/li>\n            <\/ul><p>Si vous avez des questions ou si vous savez exactement quel type de femmes nous recherchons, veuillez nous contacter.<\/p><\/p><h2>1. Objectif, femmes et dur\u00e9e de la conservation<\/h2>Nous pouvons collecter ou recevoir des informations personnelles pour un certain nombre de raisons li\u00e9es \u00e0 nos activit\u00e9s commerciales, notamment les suivantes\u00a0: (cliquez pour plus de d\u00e9tails)<details class=\"cmplz-dropdown dropdown-privacy-statement\"><summary><div><h3>1.1 Contact \u2013 Par t\u00e9l\u00e9phone, coursier, courriel et\/ou formulaires Web<\/h3><\/div><\/summary><p class=\"cmplz-subtitle\">\u00c0 cette fin, nous faisons appel aux femmes suivantes\u00a0:<\/p><p><ul><li>Un pr\u00e9nom et un nom de famille<\/li><li>Une adresse e-mail<\/li><li>Un num\u00e9ro de t\u00e9l\u00e9phone<\/li><li>Adresse IP<\/li><\/ul><\/p><p class=\"cmplz-subtitle\">La base sur laquelle nous pouvons traiter ces donn\u00e9es est\u00a0:<\/p><p><a target=\"_blank\" rel=\"noopener noreferrer nofollow\" href=\"https:\/\/cookiedatabase.org\/legal-bases\/#consent\">Apr\u00e8s avoir donn\u00e9 son consentement.<\/a><\/p><p class=\"cmplz-subtitle\">dur\u00e9e de conservation<\/p><p>Nous conservons ces donn\u00e9es jusqu&#039;\u00e0 la fin du service.<\/p><\/details><details class=\"cmplz-dropdown dropdown-privacy-statement\"><summary><div><h3>1.2 Lettres d&#039;information<\/h3><\/div><\/summary><p class=\"cmplz-subtitle\">\u00c0 cette fin, nous faisons appel aux femmes suivantes\u00a0:<\/p><p><ul><li>Un pr\u00e9nom et un nom de famille<\/li><li>Une adresse e-mail<\/li><\/ul><\/p><p class=\"cmplz-subtitle\">La base sur laquelle nous pouvons traiter ces donn\u00e9es est\u00a0:<\/p><p><a target=\"_blank\" rel=\"noopener noreferrer nofollow\" href=\"https:\/\/cookiedatabase.org\/legal-bases\/#consent\">Apr\u00e8s avoir donn\u00e9 son consentement.<\/a><\/p><p class=\"cmplz-subtitle\">dur\u00e9e de conservation<\/p><p>Nous conservons ces donn\u00e9es jusqu&#039;\u00e0 la fin du service.<\/p><\/details><h2>2. Cookies<\/h2><p>Notre site web utilise des cookies. Pour plus d&#039;informations sur les cookies, veuillez consulter notre politique de confidentialit\u00e9. <a href=\"https:\/\/www.rybreformer.com\/fr\/cookie-policy\/\">Politique relative aux cookies<\/a>.&nbsp;<\/p><h2>3. Pratiques de divulgation<\/h2><p><p>Nous vous divulguons des renseignements personnels et ce, \u00e0 de nombreuses reprises, sur ordre d&#039;un tribunal ou en vertu d&#039;une ordonnance judiciaire, en r\u00e9ponse \u00e0 une demande d&#039;un organisme d&#039;application de la loi, dans la mesure permise par d&#039;autres dispositions de la loi, pour fournir des renseignements ou pour poser une question relative \u00e0 la s\u00e9curit\u00e9 publique.<\/p><p>Si notre site web ou notre organisation est repris, vendu ou inclus dans une fusion ou une acquisition, vos informations pourront \u00eatre divulgu\u00e9es \u00e0 nos conseillers et \u00e0 tous les promoteurs immobiliers concern\u00e9s et seront transmises \u00e0 vos nouveaux propri\u00e9taires.<\/p><\/p><p>Nous avons conclu un accord de traitement des donn\u00e9es concernant les femmes avec Google.<\/p><p>Google ne peut pas utiliser les femmes pour utiliser d&#039;autres services Google.<\/p><p>Nous bloquons l&#039;inclusion des adresses IP compl\u00e8tes.<\/p><h2>4. S\u00e9curit\u00e9<\/h2><p>Nous veillons \u00e0 la s\u00e9curit\u00e9 de notre personnel f\u00e9minin. Nous recommandons des mesures de s\u00e9curit\u00e9 appropri\u00e9es afin de limiter les abus et les acc\u00e8s non autoris\u00e9s. Nous garantissons que seules les personnes autoris\u00e9es auront acc\u00e8s \u00e0 votre personnel f\u00e9minin, que cet acc\u00e8s est prot\u00e9g\u00e9 et que nos mesures de s\u00e9curit\u00e9 sont scrupuleusement respect\u00e9es.<\/p><h2>5. Sites web tiers<\/h2><p>La pr\u00e9sente d\u00e9claration de confidentialit\u00e9 ne s&#039;applique pas aux sites web des partenaires accessibles via les liens pr\u00e9sents sur notre site. Nous ne pouvons garantir que ces sites seront g\u00e9r\u00e9s par votre personnel f\u00e9minin de mani\u00e8re s\u00fbre et s\u00e9curis\u00e9e. Nous vous recommandons de consulter les d\u00e9clarations de confidentialit\u00e9 de ces sites avant de les utiliser.<\/p><h2>6. Modifications apport\u00e9es \u00e0 la pr\u00e9sente d\u00e9claration de confidentialit\u00e9<\/h2><p>Nous nous r\u00e9servons le droit de modifier la pr\u00e9sente d\u00e9claration de confidentialit\u00e9. Il est recommand\u00e9 de la consulter r\u00e9guli\u00e8rement afin de prendre connaissance de toute modification. Par ailleurs, nous vous tiendrons inform\u00e9s dans la mesure du possible.<\/p><h2>7. Acc\u00e9dez \u00e0 vos femmes et aux modificateurs<\/h2><p>Si vous avez des questions ou souhaitez savoir qui sont les professionnelles pr\u00e9sentes dans votre affaire, veuillez nous contacter. Vous pouvez nous contacter pour utiliser les informations fournies. Vous disposez des droits suivants\u00a0:<\/p><ul>\n                <li>Vous avez le droit de savoir o\u00f9 vos employ\u00e9es ont besoin de mat\u00e9riel ; celui-ci arrivera ici et sera stock\u00e9 \u00e0 temps.<\/li>\n                <li>Droit d&#039;acc\u00e8s : vous avez le droit d&#039;acc\u00e9der \u00e0 votre personnel f\u00e9minin qui sont nos connaissances.<\/li>\n                <li>Droit de rectification : vous avez le droit, \u00e0 tout moment, de compl\u00e9ter, corriger, supprimer ou bloquer vos donn\u00e9es personnelles.<\/li>\n                <li>Si vous nous donnez votre consentement pour traiter vos employ\u00e9es, vous avez le droit de r\u00e9voquer ce consentement et de r\u00e9silier le contrat de votre personnel f\u00e9minin.<\/li>\n                <li>Droit de transf\u00e9rer votre personnel f\u00e9minin : vous avez le droit de demander le transfert de tout votre personnel f\u00e9minin \u00e0 la personne responsable du traitement et de les transf\u00e9rer en toute int\u00e9grit\u00e9 \u00e0 une autre personne responsable du traitement.<\/li>\n                <li>Droit d&#039;opposition : vous pouvez vous opposer au traitement r\u00e9serv\u00e9 \u00e0 vos femmes. Nous obtemp\u00e9rerons, \u00e0 moins que certaines raisons ne justifient ce traitement.<\/li>\n            <\/ul><p>Veillez \u00e0 toujours nous indiquer clairement qui vous \u00eates, afin que nous puissions \u00eatre certains de ne pas modifier ni supprimer les femmes de la personne \u00e2g\u00e9e.<\/p><h2>8. D\u00e9poser une plainte<\/h2><p>Si vous n&#039;\u00eates pas satisfait de la mani\u00e8re dont nous ne traitons pas (une plainte concernant) le traitement de vos proches, vous avez le droit de d\u00e9poser une plainte aupr\u00e8s de l&#039;autorit\u00e9 de protection des femmes.<\/p><h2>9. Coordinations<\/h2><p>FOURTUNE SRL.<br \/>\n        Via Andrea Fantoni, 5<br \/>\n24121 \u2013 Bergame (BG)<br \/>\n        Italie<br \/>\n        Site web: <a href=\"https:\/\/www.rybreformer.com\/fr\">https:\/\/www.rybreformer.com\/fr<\/a> <br \/>\n        E-mail: <span class=\"cmplz-obfuscate\">info@<span class=\"cmplz-fmail-domain\">&#101;&#120;.&#099;om<\/span>&#114;y&#098;&#114;eform&#101;&#114;&#046;co&#109;<\/span> <br \/>\n        Num\u00e9ro de t\u00e9l\u00e9phone : 3314090158<\/p><\/div>","protected":false},"excerpt":{"rendered":"","protected":false},"author":2,"featured_media":0,"parent":0,"menu_order":0,"comment_status":"closed","ping_status":"closed","template":"","meta":{"_acf_changed":false,"_joinchat":[],"footnotes":""},"class_list":["post-1558","page","type-page","status-publish"],"acf":[],"_links":{"self":[{"href":"https:\/\/www.rybreformer.com\/fr\/wp-json\/wp\/v2\/pages\/1558","targetHints":{"allow":["GET"]}}],"collection":[{"href":"https:\/\/www.rybreformer.com\/fr\/wp-json\/wp\/v2\/pages"}],"about":[{"href":"https:\/\/www.rybreformer.com\/fr\/wp-json\/wp\/v2\/types\/page"}],"author":[{"embeddable":true,"href":"https:\/\/www.rybreformer.com\/fr\/wp-json\/wp\/v2\/users\/2"}],"replies":[{"embeddable":true,"href":"https:\/\/www.rybreformer.com\/fr\/wp-json\/wp\/v2\/comments?post=1558"}],"version-history":[{"count":0,"href":"https:\/\/www.rybreformer.com\/fr\/wp-json\/wp\/v2\/pages\/1558\/revisions"}],"wp:attachment":[{"href":"https:\/\/www.rybreformer.com\/fr\/wp-json\/wp\/v2\/media?parent=1558"}],"curies":[{"name":"wp","href":"https:\/\/api.w.org\/{rel}","templated":true}]}}