{"id":1559,"date":"2026-02-06T12:01:43","date_gmt":"2026-02-06T11:01:43","guid":{"rendered":"https:\/\/www.rybreformer.com\/?page_id=1559"},"modified":"2026-02-06T12:18:23","modified_gmt":"2026-02-06T11:18:23","slug":"conditions-generales","status":"publish","type":"page","link":"https:\/\/www.rybreformer.com\/fr\/termini-e-condizioni\/","title":{"rendered":"Termes et conditions"},"content":{"rendered":"<h2 class=\"wp-block-heading\"><strong>Conditions g\u00e9n\u00e9rales de vente en ligne<\/strong><\/h2>\n\n\n\n<p>Les pr\u00e9sentes conditions g\u00e9n\u00e9rales de vente r\u00e9gissent la vente entre&nbsp;<strong>Fortune Srl.&nbsp;<\/strong>\u2013 Si\u00e8ge social : Via Andrea Fantoni, 5, 24121, Bergame (BG), num\u00e9ro de TVA : 04470310162 \u2013 et le Client en relation avec les Produits commercialis\u00e9s par le Vendeur sur le Site Web.<\/p>\n\n\n\n<p>Si le Client souhaite acheter des Produits, il est invit\u00e9 \u00e0 lire attentivement les pr\u00e9sentes Conditions G\u00e9n\u00e9rales de Vente avant tout achat sur le Site. En achetant des Produits via le Site, le Client d\u00e9clare avoir pris connaissance des pr\u00e9sentes Conditions G\u00e9n\u00e9rales de Vente et les accepter express\u00e9ment. La description du Produit figure sur sa fiche technique publi\u00e9e sur le Site. Nous recommandons d&#039;imprimer et\/ou de conserver une copie des pr\u00e9sentes Conditions G\u00e9n\u00e9rales de Vente.<\/p>\n\n\n\n<p><strong>1. D\u00e9finitions<\/strong><\/p>\n\n\n\n<p>1.1. Aux fins des pr\u00e9sentes Conditions G\u00e9n\u00e9rales de Contrat, les termes suivants ont la signification qui leur est attribu\u00e9e ci-dessous\u00a0:<\/p>\n\n\n\n<ul class=\"wp-block-list\">\n<li><strong>Vendeur<\/strong>: Fortune Srl, dont le si\u00e8ge social est \u00e0 (24121) Bergame, via Andrea Fantoni n. 5.<\/li>\n\n\n\n<li><strong>Consommateur<\/strong>: toute personne physique qui ach\u00e8te les Produits \u00e0 des fins non li\u00e9es \u00e0 une activit\u00e9 commerciale, entrepreneuriale ou professionnelle exerc\u00e9e.<\/li>\n\n\n\n<li><strong>Client<\/strong>: la personne qui ach\u00e8te les Produits aupr\u00e8s du Vendeur, qu&#039;il s&#039;agisse d&#039;un Consommateur ou d&#039;un professionnel.<\/li>\n\n\n\n<li><strong>Produits<\/strong>Machines et \u00e9quipements de Pilates vendus sur le canal de commerce \u00e9lectronique du site Web.<\/li>\n\n\n\n<li><strong>Site web<\/strong>: le site web\u00a0<a href=\"https:\/\/eur02.safelinks.protection.outlook.com\/?url=http:\/\/www.rybreformer.com\/&amp;data=05%257C02%257CMarta.Pezzera@clydeco.com%257C6fe9a6f9db5f45f1604708dcdd1db475%257Ceb5e156e540c42da8f8c0cd5639f036a%257C0%257C1%257C638628366915652924%257CUnknown%257CTWFpbGZsb3d8eyJWIjoiMC4wLjAwMDAiLCJQIjoiV2luMzIiLCJBTiI6Ik1haWwiLCJXVCI6Mn0=%257C0%257C%257C%257C&amp;sdata=N4ZPg6AXzZPHpl2LWxoQQIjYboR7rQfNe6hu7NVxq78=&amp;reserved=0\">www.rybreformer.com<\/a>\u00a0 et\/ou par l&#039;interm\u00e9diaire duquel la vente en ligne des Produits a lieu.<\/li>\n<\/ul>\n\n\n\n<p><strong>2. Objet du contrat<\/strong><\/p>\n\n\n\n<p>2.1. Les pr\u00e9sentes Conditions G\u00e9n\u00e9rales de Contrat r\u00e9gissent la vente des Produits via le Site Web par le Vendeur aux Clients.<\/p>\n\n\n\n<p><strong>3. Acceptation des conditions g\u00e9n\u00e9rales<\/strong><\/p>\n\n\n\n<p>3.1. Le fait de passer une commande via le Site Web implique l\u2019acceptation pleine et enti\u00e8re des pr\u00e9sentes Conditions G\u00e9n\u00e9rales.<\/p>\n\n\n\n<p>3.2. Le Client est tenu de lire attentivement les Conditions G\u00e9n\u00e9rales disponibles sur le Site Web avant de passer une commande.<\/p>\n\n\n\n<p><strong>4. Modalit\u00e9s d&#039;achat et conclusion du contrat<\/strong><\/p>\n\n\n\n<p>4.1. Le Client s\u00e9lectionne les Produits via le Site Web et les ajoute au panier virtuel.<\/p>\n\n\n\n<p>4.2. Une fois la commande pass\u00e9e et le paiement confirm\u00e9, le Client recevra un courriel de confirmation du Vendeur. Ce courriel vaut acceptation de la commande et conclusion du contrat de vente.<\/p>\n\n\n\n<p><strong>5. Prix et paiements<\/strong><\/p>\n\n\n\n<p>5.1. Tous les prix affich\u00e9s sur le site Web sont en euros et incluent la TVA applicable.<\/p>\n\n\n\n<p>5.2. Les frais d&#039;exp\u00e9dition, le cas \u00e9ch\u00e9ant, sont indiqu\u00e9s s\u00e9par\u00e9ment lors du processus d&#039;achat.<\/p>\n\n\n\n<p>5.3. Le paiement peut \u00eatre effectu\u00e9 par carte de cr\u00e9dit, PayPal, virement bancaire ou autres m\u00e9thodes indiqu\u00e9es sur le site Web.<\/p>\n\n\n\n<p>5.4. Le paiement peut \u00eatre effectu\u00e9 en deux versements de 50% chacun, le premier devant \u00eatre pay\u00e9 \u00e0 la confirmation de la commande et le second avant l&#039;exp\u00e9dition des produits achet\u00e9s.<\/p>\n\n\n\n<p><strong>6. Livraison des produits<\/strong><\/p>\n\n\n\n<p>6.1. Les Produits seront livr\u00e9s \u00e0 l&#039;entrep\u00f4t du Vendeur, ou \u00e0 l&#039;adresse indiqu\u00e9e par le Client au moment de la commande, d\u00e9part usine ; par cons\u00e9quent, les Produits voyagent aux risques du Client d\u00e8s le moment o\u00f9 ils sont mis \u00e0 disposition pour le transport dans les entrep\u00f4ts du Vendeur ;<\/p>\n\n\n\n<p>6.2. Les d\u00e9lais de livraison sont indiqu\u00e9s lors de la phase d&#039;achat du Produit et peuvent varier en fonction de la disponibilit\u00e9 du Produit et de la destination.<\/p>\n\n\n\n<p>6.3. Le vendeur ne sera pas responsable des retards ind\u00e9pendants de sa volont\u00e9 ou dus \u00e0 un cas de force majeure.<\/p>\n\n\n\n<p>6.4. Les produits seront livr\u00e9s en caisses de bois et seront semi-assembl\u00e9s ou enti\u00e8rement assembl\u00e9s selon le mod\u00e8le. Dans le premier cas, le client sera responsable du montage, qui sera effectu\u00e9 \u00e0 l&#039;aide d&#039;un kit. Des tutoriels vid\u00e9o de montage seront disponibles sur le site web.<\/p>\n\n\n\n<p>6.5. \u00c0 r\u00e9ception de la marchandise, il appartient au Client de v\u00e9rifier l&#039;int\u00e9grit\u00e9 de l&#039;emballage et de s&#039;assurer que le nombre de colis correspond \u00e0 celui indiqu\u00e9 sur le bon de livraison. Si les colis apparaissent endommag\u00e9s ou en nombre insuffisant, le destinataire doit formuler des r\u00e9serves \u00e9crites au transporteur sur le bon de livraison.<\/p>\n\n\n\n<p><strong>7. Utilisation des machines<\/strong><\/p>\n\n\n\n<p>7.1. Il est recommand\u00e9 d&#039;utiliser les produits pieds nus et exclusivement par des personnes form\u00e9es \u00e0 la m\u00e9thode Pilates ou, \u00e0 d\u00e9faut de certification et de formation professionnelle, sous la supervision constante d&#039;un instructeur qualifi\u00e9, car le mat\u00e9riel a \u00e9t\u00e9 con\u00e7u exclusivement pour cette m\u00e9thode. Toute autre utilisation est donc exclue, et le client sera seul responsable de toutes les cons\u00e9quences, y compris les dommages.<\/p>\n\n\n\n<p><strong>8. Garantie de conformit\u00e9<\/strong><\/p>\n\n\n\n<p>8.1. Sans pr\u00e9judice de la garantie l\u00e9gale de conformit\u00e9 pr\u00e9vue aux articles 128 et suivants du Code de la consommation (qui, naturellement, ne s&#039;applique pas aux produits d&#039;usure, tels que les roues, les ressorts, les rembourrages, les pi\u00e8ces en caoutchouc et en plastique), le Vendeur, afin de t\u00e9moigner de la haute qualit\u00e9 de ses Produits, offre au Client une garantie standard de cinq ans sur toutes les pi\u00e8ces non soumises \u00e0 l&#039;usure (telles que les cadres en bois, les cadres en aluminium, le chariot, la tour, la barre d&#039;appui, le tremplin, les repose-\u00e9paules, etc.). En cons\u00e9quence, toutes les pi\u00e8ces d&#039;usure (telles que les roues, les ressorts, les rembourrages, les pi\u00e8ces en caoutchouc et en plastique) sont express\u00e9ment exclues de cette garantie de cinq ans.<\/p>\n\n\n\n<p>8.2. La garantie sera annul\u00e9e si le Client omet de signaler tout d\u00e9faut de conformit\u00e9 au Vendeur par courriel et\/ou lettre recommand\u00e9e dans un d\u00e9lai de cinq jours pour les clients non consommateurs et de deux mois pour les clients consommateurs, \u00e0 compter de la date de d\u00e9couverte du d\u00e9faut. Il est strictement interdit au Client de faire intervenir des techniciens non agr\u00e9\u00e9s par le Vendeur sur le Produit, sous peine d&#039;annulation de la garantie.;<\/p>\n\n\n\n<p>8.3. La garantie couvre uniquement les d\u00e9fauts de fabrication du mat\u00e9riel et n&#039;inclut aucune intervention sur site\u00a0; elle ne couvre pas les dommages caus\u00e9s par une utilisation inappropri\u00e9e autre que celle indiqu\u00e9e \u00e0 l&#039;article 7, les modifications, un entretien inad\u00e9quat ou les dommages accidentels\u00a0; elle est valable uniquement pour l&#039;acheteur initial et n&#039;est pas cessible\u00a0; elle ne couvre pas les d\u00e9fauts dus \u00e0 des modifications ou \u00e0 un assemblage incorrect par le client\u00a0; elle ne couvre pas les frais annexes, tels que l&#039;immobilisation de la machine et\/ou autres co\u00fbts\u00a0; toute intervention technique, tout transport ou tout autre frais sont \u00e0 la charge de l&#039;acheteur.<\/p>\n\n\n\n<p><strong>9. Droit de r\u00e9tractation<\/strong><\/p>\n\n\n\n<p>9.1. Tout Client peut annuler une commande dans les 24 heures suivant sa confirmation. Dans ce cas, le Vendeur remboursera le prix d&#039;achat de 100%. Si une commande est annul\u00e9e et\/ou modifi\u00e9e dans les 24 heures suivant la commande initiale, le Vendeur remboursera le montant pay\u00e9, moins 25%, sans pr\u00e9judice des dispositions suivantes relatives aux consommateurs. Toute commande ult\u00e9rieure sera trait\u00e9e comme une commande distincte.<\/p>\n\n\n\n<p>9.2. Le consommateur a le droit de se r\u00e9tracter du contrat dans les 14 jours suivant la r\u00e9ception des produits, sans avoir \u00e0 fournir de motif.<\/p>\n\n\n\n<p>9.3. Pour exercer son droit de r\u00e9tractation, le consommateur doit en informer le vendeur par courriel ou par courrier recommand\u00e9. Le vendeur enverra ensuite un courriel de confirmation accusant r\u00e9ception de la notification de r\u00e9tractation du consommateur.<\/p>\n\n\n\n<p>9.4. Le consommateur doit retourner les produits dans leur \u00e9tat d&#039;origine, \u00e0 ses frais, dans un d\u00e9lai de 14 jours \u00e0 compter de la notification de r\u00e9tractation. Le vendeur remboursera le montant pay\u00e9, y compris les frais de livraison standard, dans un d\u00e9lai de 14 jours \u00e0 compter de la r\u00e9ception des produits retourn\u00e9s.<\/p>\n\n\n\n<p><strong>10. Limitation de responsabilit\u00e9 et indemnisation<\/strong><\/p>\n\n\n\n<p>10.1. Le vendeur ne sera pas responsable des dommages indirects, des pertes de profits ou autres pertes \u00e9conomiques d\u00e9coulant de l&#039;utilisation des produits.<\/p>\n\n\n\n<p>10.2. La responsabilit\u00e9 du vendeur est en tout \u00e9tat de cause limit\u00e9e \u00e0 la valeur du produit achet\u00e9.<\/p>\n\n\n\n<p>10.3. Le Client s&#039;engage \u00e0 prendre toutes les mesures n\u00e9cessaires sur les lieux d&#039;installation et\/ou de maintenance des Produits afin de garantir la s\u00e9curit\u00e9 des lieux et l&#039;absence de risques pour la sant\u00e9 du personnel intervenant. \u00c0 cet \u00e9gard, le Client garantit le Vendeur contre toute responsabilit\u00e9 en cas de dommages mat\u00e9riels et\/ou corporels survenus dans l&#039;environnement des interventions, sauf en cas de faute intentionnelle ou de n\u00e9gligence grave imputable au Vendeur.<\/p>\n\n\n\n<p><strong>11. Protection des donn\u00e9es personnelles<\/strong><\/p>\n\n\n\n<p>11.1. Les donn\u00e9es personnelles fournies par le Client seront trait\u00e9es conform\u00e9ment \u00e0 la l\u00e9gislation sur la protection des donn\u00e9es personnelles (R\u00e8glement UE 2016\/679 \u2013 RGPD).<\/p>\n\n\n\n<p>11.2. De plus amples informations sur le traitement des donn\u00e9es sont disponibles dans la Politique de confidentialit\u00e9 sur le site Web.<\/p>\n\n\n\n<p><strong>12. Droit applicable et juridiction comp\u00e9tente<\/strong><\/p>\n\n\n\n<p>12.1. Les pr\u00e9sentes Conditions G\u00e9n\u00e9rales de Contrat sont r\u00e9gies par le droit italien.<\/p>\n\n\n\n<p>12.2. Tout litige relatif au pr\u00e9sent contrat sera soumis \u00e0 la comp\u00e9tence des tribunaux du lieu de r\u00e9sidence ou du domicile du consommateur, si celui-ci est situ\u00e9 en Italie. Si le client n&#039;est pas un consommateur, les tribunaux de Bergame seront exclusivement comp\u00e9tents. En tout \u00e9tat de cause, le vendeur se r\u00e9serve le droit d&#039;engager une action contre le client devant les tribunaux de son domicile.<\/p>\n\n\n\n<p><strong>13. Modifications des conditions g\u00e9n\u00e9rales<\/strong><\/p>\n\n\n\n<p>13.1. Le Vendeur se r\u00e9serve le droit de modifier les pr\u00e9sentes Conditions G\u00e9n\u00e9rales \u00e0 tout moment. Ces modifications prendront effet d\u00e8s leur publication sur le Site. Elles ne s\u2019appliqueront pas aux commandes d\u00e9j\u00e0 accept\u00e9es.<\/p>\n\n\n\n<p>&nbsp;Lu, confirm\u00e9 et sign\u00e9<\/p>\n\n\n\n<p>_____________________________<\/p>\n\n\n\n<p>Conform\u00e9ment aux articles 1341, paragraphe 2, et 1342, paragraphe 2, du Code civil italien, les clauses suivantes sont express\u00e9ment approuv\u00e9es\u00a0:<\/p>\n\n\n\n<p>art. 3 \u2013 acceptation des Conditions G\u00e9n\u00e9rales<\/p>\n\n\n\n<p>art. 6 \u2013 livraison des produits<\/p>\n\n\n\n<p>art. 7 \u2013 utilisation des machines<\/p>\n\n\n\n<p>art. 8 \u2013 garantie de conformit\u00e9<\/p>\n\n\n\n<p>art. 9 \u2013 droit de r\u00e9tractation<\/p>\n\n\n\n<p>art. 10 \u2013 limitation de responsabilit\u00e9 et indemnisation<\/p>\n\n\n\n<p>art. 12 \u2013 Droit applicable et juridiction comp\u00e9tente<\/p>\n\n\n\n<p>art. 13 \u2013 modifications des conditions g\u00e9n\u00e9rales<\/p>\n\n\n\n<p>Lu, confirm\u00e9 et sign\u00e9 pour approbation sp\u00e9cifique conform\u00e9ment aux articles 1341, paragraphe 2, et 1342, paragraphe 2, du Code civil italien, des clauses indiqu\u00e9es ci-dessus.<\/p>","protected":false},"excerpt":{"rendered":"<p>Conditions g\u00e9n\u00e9rales de vente en ligne Les pr\u00e9sentes conditions g\u00e9n\u00e9rales de vente r\u00e9gissent la vente et l&#039;achat des produits commercialis\u00e9s par Fortune Srl \u2013 Si\u00e8ge social\u00a0: Via Andrea Fantoni, 5, 24121 Bergame (BG), num\u00e9ro de TVA\u00a0: 04470310162 \u2013 entre le Client et le Vendeur sur le Site Internet. Si le Client souhaite passer commande, il est invit\u00e9 \u00e0 lire attentivement les pr\u00e9sentes conditions g\u00e9n\u00e9rales\u2026 <a title=\"Termes et conditions\" class=\"read-more\" href=\"https:\/\/www.rybreformer.com\/fr\/termini-e-condizioni\/\" aria-label=\"Consultez les conditions g\u00e9n\u00e9rales pour en savoir plus.\">En savoir plus<\/a><\/p>","protected":false},"author":2,"featured_media":0,"parent":0,"menu_order":0,"comment_status":"closed","ping_status":"closed","template":"","meta":{"_acf_changed":false,"_joinchat":[],"footnotes":""},"class_list":["post-1559","page","type-page","status-publish"],"acf":[],"_links":{"self":[{"href":"https:\/\/www.rybreformer.com\/fr\/wp-json\/wp\/v2\/pages\/1559","targetHints":{"allow":["GET"]}}],"collection":[{"href":"https:\/\/www.rybreformer.com\/fr\/wp-json\/wp\/v2\/pages"}],"about":[{"href":"https:\/\/www.rybreformer.com\/fr\/wp-json\/wp\/v2\/types\/page"}],"author":[{"embeddable":true,"href":"https:\/\/www.rybreformer.com\/fr\/wp-json\/wp\/v2\/users\/2"}],"replies":[{"embeddable":true,"href":"https:\/\/www.rybreformer.com\/fr\/wp-json\/wp\/v2\/comments?post=1559"}],"version-history":[{"count":0,"href":"https:\/\/www.rybreformer.com\/fr\/wp-json\/wp\/v2\/pages\/1559\/revisions"}],"wp:attachment":[{"href":"https:\/\/www.rybreformer.com\/fr\/wp-json\/wp\/v2\/media?parent=1559"}],"curies":[{"name":"wp","href":"https:\/\/api.w.org\/{rel}","templated":true}]}}