{"id":1600,"date":"2026-02-06T14:33:52","date_gmt":"2026-02-06T13:33:52","guid":{"rendered":"https:\/\/www.rybreformer.com\/?page_id=1600"},"modified":"2026-03-06T15:23:37","modified_gmt":"2026-03-06T14:23:37","slug":"thank-you-page-form-footer-academy","status":"publish","type":"page","link":"https:\/\/www.rybreformer.com\/fr\/ryb-academy\/thank-you-page-form-footer-academy\/","title":{"rendered":"Bienvenue \u00e0 bord de l&#039;Acad\u00e9mie !"},"content":{"rendered":"<div>\n<p class=\"gb-text\">Merci d&#039;avoir rempli le formulaire.<\/p>\n\n\n\n<p class=\"gb-text\">Nous avons re\u00e7u vos donn\u00e9es.<br>Nous vous contacterons prochainement pour vous d\u00e9voiler tous les d\u00e9tails concernant notre Rybreformer Academy.<\/p>\n\n\n\n<p class=\"gb-text\">\u00c0 bient\u00f4t,<br><strong>Rybreformer<\/strong><\/p>\n<\/div>","protected":false},"excerpt":{"rendered":"<p>Merci d&#039;avoir rempli le formulaire. Nous avons bien re\u00e7u vos informations. Nous vous contacterons prochainement pour vous donner tous les d\u00e9tails concernant notre acad\u00e9mie Rybreformer. \u00c0 bient\u00f4t\u00a0! Rybreformer<\/p>","protected":false},"author":2,"featured_media":0,"parent":456,"menu_order":0,"comment_status":"closed","ping_status":"closed","template":"","meta":{"_acf_changed":false,"_joinchat":{"telephone":"393404257535"},"footnotes":""},"class_list":["post-1600","page","type-page","status-publish"],"acf":[],"_links":{"self":[{"href":"https:\/\/www.rybreformer.com\/fr\/wp-json\/wp\/v2\/pages\/1600","targetHints":{"allow":["GET"]}}],"collection":[{"href":"https:\/\/www.rybreformer.com\/fr\/wp-json\/wp\/v2\/pages"}],"about":[{"href":"https:\/\/www.rybreformer.com\/fr\/wp-json\/wp\/v2\/types\/page"}],"author":[{"embeddable":true,"href":"https:\/\/www.rybreformer.com\/fr\/wp-json\/wp\/v2\/users\/2"}],"replies":[{"embeddable":true,"href":"https:\/\/www.rybreformer.com\/fr\/wp-json\/wp\/v2\/comments?post=1600"}],"version-history":[{"count":1,"href":"https:\/\/www.rybreformer.com\/fr\/wp-json\/wp\/v2\/pages\/1600\/revisions"}],"predecessor-version":[{"id":1984,"href":"https:\/\/www.rybreformer.com\/fr\/wp-json\/wp\/v2\/pages\/1600\/revisions\/1984"}],"up":[{"embeddable":true,"href":"https:\/\/www.rybreformer.com\/fr\/wp-json\/wp\/v2\/pages\/456"}],"wp:attachment":[{"href":"https:\/\/www.rybreformer.com\/fr\/wp-json\/wp\/v2\/media?parent=1600"}],"curies":[{"name":"wp","href":"https:\/\/api.w.org\/{rel}","templated":true}]}}