{"id":1699,"date":"2026-03-04T10:36:48","date_gmt":"2026-03-04T09:36:48","guid":{"rendered":"https:\/\/www.rybreformer.com\/?page_id=1699"},"modified":"2026-04-15T11:50:56","modified_gmt":"2026-04-15T09:50:56","slug":"signature-du-reformateur-par-ryb","status":"publish","type":"page","link":"https:\/\/www.rybreformer.com\/fr\/reformer-signature-by-ryb\/","title":{"rendered":"Reformer SIGNATURE par Ryb"},"content":{"rendered":"<div class=\"gb-element-fa9f89c5\">\n<div class=\"gb-element-523d15f8\">\n<video autoplay muted loop playsinline class=\"video-background\">\n  <source src=\"https:\/\/www.rybreformer.com\/wp-content\/uploads\/2026\/04\/lancio_2_signature-169.mp4\" type=\"video\/mp4\">\n  Votre navigateur ne prend pas en charge la balise vid\u00e9o.\n<\/video>\n<\/div>\n\n\n\n<div class=\"gb-element-8f2212d5\">\n<video autoplay muted loop playsinline class=\"video-background\">\n  <source src=\"https:\/\/www.rybreformer.com\/wp-content\/uploads\/2026\/04\/lancio_2_signature2a3.mp4\" type=\"video\/mp4\">\n  Votre navigateur ne prend pas en charge la balise vid\u00e9o.\n<\/video>\n<\/div>\n\n\n\n<div class=\"gb-element-852897cd\">\n<div class=\"gb-element-952223f3\">\n<img loading=\"lazy\" decoding=\"async\" width=\"900\" height=\"341\" class=\"gb-media-92162d44\" alt=\"Logo de signature blanc\" title=\"Logo de signature blanc\" src=\"https:\/\/www.rybreformer.com\/wp-content\/uploads\/2026\/04\/logo-signature-bianco.webp\" srcset=\"https:\/\/www.rybreformer.com\/wp-content\/uploads\/2026\/04\/logo-signature-bianco.webp 900w, https:\/\/www.rybreformer.com\/wp-content\/uploads\/2026\/04\/logo-signature-bianco-300x114.webp 300w, https:\/\/www.rybreformer.com\/wp-content\/uploads\/2026\/04\/logo-signature-bianco-768x291.webp 768w, https:\/\/www.rybreformer.com\/wp-content\/uploads\/2026\/04\/logo-signature-bianco-18x7.webp 18w\" sizes=\"auto, (max-width: 900px) 100vw, 900px\" \/>\n<\/div>\n\n\n\n<div class=\"gb-element-0e98283a\">\n<a class=\"gb-text gb-text-5732c1bb btn-white-main animate__zoomInDown\" href=\"https:\/\/www.reformersignature.com\/it\/signature\" target=\"_blank\" rel=\"noopener\">D\u00e9couvrez le programme Signature RYB<\/a>\n<\/div>\n<\/div>\n<\/div>\n\n\n\n<div class=\"gb-element-d3b19028\">\n<div class=\"gb-element-e3fce592\">\n<h3 class=\"gb-text gb-text-0fc869d7 animate__zoomInUp\"><strong><strong>\u00c9CHELLE, DIFFUSION, APPRENDRE<\/strong>. <\/strong><\/h3>\n\n\n\n<h5 class=\"gb-text gb-text-a3af269f animate__zoomInUp\">plateforme num\u00e9rique tout-en-un<\/h5>\n\n\n\n<p class=\"gb-text gb-text-3a89f799 animate__zoomInUp translation-block\">Cr\u00e9\u00e9 par des professionnels du Pilates, optimis\u00e9 par l&#039;innovation num\u00e9rique.<br> Reformer Signature est une plateforme qui combine <strong>contenu num\u00e9rique, formation et outils commerciaux<\/strong> , offrant des solutions concr\u00e8tes alliant performance, e-learning et innovation num\u00e9rique. Une solution \u00e9volutive con\u00e7ue pour les studios et les salles de sport souhaitant se d\u00e9marquer par la qualit\u00e9 de leurs prestations, leur m\u00e9thode scientifique et leur approche novatrice.<\/p>\n\n\n\n<p class=\"gb-text gb-text-94ab3798 animate__zoomInUp\">Un \u00e9cosyst\u00e8me num\u00e9rique o\u00f9 vous pouvez trouver\u00a0:<\/p>\n\n\n\n<div class=\"gb-element-4bca3a00\">\n<div>\n<a class=\"gb-element-e3370ccd opacity-background animate__zoomInUp\" href=\"https:\/\/www.reformersignature.com\/it\/signature\" target=\"_blank\" rel=\"noopener\">\n<p class=\"gb-text gb-text-39980da7\">PROGRAMMES SIGNATURE<\/p>\n<\/a>\n\n\n\n<p class=\"gb-text gb-text-d612e089\">Un syst\u00e8me d&#039;entra\u00eenement Reformer \u00e9volutif et reproductible, mis \u00e0 jour toutes les 8 semaines, con\u00e7u pour structurer et valoriser votre entreprise.<\/p>\n<\/div>\n\n\n\n<div class=\"gb-element-59720002\">\n<a class=\"gb-element-1ba36d02 opacity-background animate__zoomInUp\" target=\"_blank\" rel=\"noopener\" href=\"https:\/\/www.reformersignature.com\/it\/studio-stream\">\n<p class=\"gb-text gb-text-5b5caef6\"><strong>DIFFUSION EN STUDIO<\/strong><\/p>\n<\/a>\n\n\n\n<p class=\"gb-text gb-text-4f3b184a\">Une collection de cours \u00e0 la demande con\u00e7us pour une exp\u00e9rience haut de gamme, parfaits pour un entra\u00eenement \u00e0 votre rythme.<\/p>\n<\/div>\n\n\n\n<div>\n<div class=\"gb-element-56276797 opacity-background animate__zoomInUp\">\n<p class=\"gb-text gb-text-5ee24abd\"><strong>SIGNATURE ACADEMY<\/strong><\/p>\n<\/div>\n\n\n\n<p class=\"gb-text gb-text-b40947a3\">Certification avanc\u00e9e d&#039;entra\u00eeneur de Reformer \u2014 60 heures de formation professionnelle avec des instructeurs internationaux.<\/p>\n<\/div>\n<\/div>\n<\/div>\n<\/div>\n\n\n\n<div class=\"gb-element-0bce9ab7 opacity-background\">\n<div class=\"gb-element-bc47ffc9\">\n<div class=\"gb-element-29881b30\">\n<div class=\"gb-element-532091a3\">\n<h3 class=\"gb-text gb-text-7465c4a2 animate__zoomInUp translation-block\">Tout dans une seule application\u00a0:<br> intelligent, accessible et<br> int\u00e9gr\u00e9.<\/h3>\n<\/div>\n\n\n\n<div class=\"gb-element-bbeade99\">\n<a class=\"gb-text gb-text-bca51c1d btn-white-main animate__zoomInDown\" href=\"https:\/\/www.rybreformer.com\/fr\/signature-du-reformateur-par-ryb\/#pre-footer-form\">Int\u00e9grez Signature dans votre studio d\u00e8s maintenant !<\/a>\n<\/div>\n<\/div>\n<\/div>\n<\/div>\n\n\n\n<div class=\"gb-element-63717b3b\">\n<div>\n<div class=\"gb-element-bf174912\">\n<div class=\"gb-element-71528c1f blur-background\">\n<div class=\"gb-element-89e1b1ea\">\n<a class=\"js-open-video-modal\" href=\"https:\/\/www.rybreformer.com\/wp-content\/uploads\/2026\/04\/intervista_claudia_it.mp4\">\n<img decoding=\"async\" class=\"gb-media-105ce4d1\" style=\"width:350px;height:auto;\" alt=\"Bouton de lecture\" title=\"Bouton de lecture\" src=\"https:\/\/www.rybreformer.com\/wp-content\/uploads\/2026\/04\/videoclip-play.webp\"\/>\n<\/a>\n<\/div>\n\n\n\n<a class=\"gb-text gb-text-297e2410 btn-gey-main js-open-video-modal\" href=\"https:\/\/www.rybreformer.com\/wp-content\/uploads\/2026\/04\/intervista_claudia_it.mp4\">Regardez la vid\u00e9o<\/a>\n<\/div>\n\n\n\n<div class=\"gb-element-8b5b44e0\">\n<h3 class=\"gb-text gb-text-74a46189 animate__zoomInUp\">Pourquoi choisir<br>Programmes phares RYB<\/h3>\n\n\n\n<h5 class=\"gb-text gb-text-80b18c61 animate__zoomInUp translation-block\">UN FORMAT <strong>QUI PEUT \u00caTRE REPRODUIT PARTOUT<\/strong> .<br> UNE <strong>M\u00c9THODE SP\u00c9CIALE<\/strong> .<\/h5>\n\n\n\n<p class=\"gb-text gb-text-a3a0114b animate__zoomInUp\">Pour garantir des cours de qualit\u00e9 et inclusifs, vous avez besoin d&#039;un syst\u00e8me structur\u00e9, reconnaissable et reproductible qui puisse renforcer l&#039;identit\u00e9 de votre studio.<\/p>\n\n\n\n<h5 class=\"gb-text gb-text-818d4358 animate__zoomInUp\"><strong>AVEC LES PROGRAMMES SIGNATURE, VOUS POUVEZ<\/strong><\/h5>\n\n\n\n<p class=\"gb-text gb-text-46034d6e animate__zoomInUp\">\u2022 Transformer les enseignants en coachs de haute performance&nbsp;<br>\u2022 Introduire une m\u00e9thode coh\u00e9rente et imm\u00e9diatement reconnaissable<br>\u2022 Proposer des cours clairs, professionnels et de haute qualit\u00e9<br>\u2022 Augmentez la flexibilit\u00e9 op\u00e9rationnelle et les performances globales gr\u00e2ce \u00e0 un syst\u00e8me int\u00e9gr\u00e9.<\/p>\n\n\n\n<a class=\"gb-text gb-text-c35e5960 btn-hero-main animate__fadeIn\" href=\"https:\/\/www.rybreformer.com\/fr\/signature-du-reformateur-par-ryb\/#pre-footer-form\">Parlez \u00e0 un expert RYB<\/a>\n<\/div>\n<\/div>\n<\/div>\n<\/div>\n\n\n\n<div class=\"gb-element-bb197d9c\">\n<div class=\"animate__zoomInUp\">\n<h3 class=\"gb-text gb-text-89b103ca\">CHOISISSEZ VOTRE FORFAIT<\/h3>\n\n\n\n<h5 class=\"gb-text gb-text-017db70c\">3 formules d&#039;abonnement diff\u00e9rentes avec des mises \u00e0 jour toutes les 8 semaines, directement dans votre espace r\u00e9serv\u00e9.<br><br>Vous pouvez activer\u00a0:<\/h5>\n<\/div>\n\n\n\n<div class=\"gb-element-6cab5944 animate__zoomInUp\">\n<div class=\"gb-element-b78db393\">\n<div class=\"gb-element-15dd1690\">\n<h4 class=\"gb-text gb-text-e7a110e6\"><strong>Signature Studio One<\/strong><\/h4>\n\n\n\n<h6 class=\"gb-text gb-text-ef9988c7\">1. Le\u00e7ons signature<\/h6>\n<\/div>\n\n\n\n<div class=\"gb-element-76e13c56\">\n<h4 class=\"gb-text gb-text-038e914e\">Signature Studio Plus<\/h4>\n\n\n\n<h6 class=\"gb-text gb-text-22c34bd1\">2. Le\u00e7ons signature<\/h6>\n<\/div>\n\n\n\n<div class=\"gb-element-b99511cb\">\n<h4 class=\"gb-text gb-text-b35d7b0f\"><strong>Signature Studio Pro<\/strong><\/h4>\n\n\n\n<h6 class=\"gb-text gb-text-01f3b397\">3. Le\u00e7ons signature<\/h6>\n<\/div>\n<\/div>\n<\/div>\n\n\n\n<div class=\"animate__zoomInUp\">\n<p class=\"gb-text gb-text-6fbb019f\">L\u2019adh\u00e9sion au programme Signature comprend l\u2019acc\u00e8s \u00e0 du contenu exclusif\u00a0:<br>\u2022 outils d&#039;int\u00e9gration<br>\u2022 documents techniques et approfondis<br>\u2022 Vid\u00e9os techniques et conseils de placement<br>\u2022 formation continue<br>\u2022 un guide m\u00e9thodologique efficace pour les nouveaux enseignants<br>\u2022 Mat\u00e9riel marketing pr\u00eat \u00e0 l&#039;emploi<\/p>\n<\/div>\n<\/div>\n\n\n\n<div class=\"gb-element-efda7c7c\">\n<div class=\"animate__zoomInUp\">\n<h3 class=\"gb-text gb-text-9935d6ea\">FORMATS DES PROGRAMMES PHARES<\/h3>\n<\/div>\n\n\n\n<div class=\"gb-element-bf945eb3 animate__zoomInUp\">\n<div class=\"gb-element-b45af581\">\n<div class=\"gb-element-c7dd2286\">\n<h4 class=\"gb-text gb-text-d08dfd0e\"><strong><strong>\u00c9QUILIBRE SIGNATURE<\/strong><\/strong><\/h4>\n\n\n\n<h6 class=\"gb-text gb-text-4e1b0373\"><br><strong>Objectif<\/strong>Posture | Conscience | Contr\u00f4le&nbsp;<br><strong>Niveau<\/strong>: *&nbsp;<br>Un cours lent et technique, con\u00e7u pour construire des bases solides\u00a0: alignement, contr\u00f4le et connexion avec le tronc.&nbsp;<br>Parfait pour les d\u00e9butants, en compl\u00e9ment strat\u00e9gique d&#039;autres s\u00e9ances d&#039;entra\u00eenement ou disciplines sportives, et pour ceux qui souhaitent retrouver un mouvement de qualit\u00e9.&nbsp;<br><br>\u2022 Des d\u00e9bits lents pour ma\u00eetriser la technique.&nbsp;<br>\u2022 Privil\u00e9giez l&#039;alignement et la stabilit\u00e9.&nbsp;<br>\u2022 S\u00e9quences d&#039;\u00e9tirements pour am\u00e9liorer la flexibilit\u00e9.&nbsp;<\/h6>\n<\/div>\n\n\n\n<div class=\"gb-element-90e72f5c\">\n<h4 class=\"gb-text gb-text-75a0d301\"><strong><strong>COUPE ET FLEXIBILIT\u00c9 SIGNATURE<\/strong><\/strong><\/h4>\n\n\n\n<h6 class=\"gb-text gb-text-be931af1\"><br><strong>Objectif<\/strong>Force | Mobilit\u00e9 | Tonicit\u00e9&nbsp;&nbsp;<br><strong>Niveau<\/strong>: **&nbsp;<br>Une fusion \u00e9quilibr\u00e9e de travail de force et de mobilit\u00e9, dans laquelle le corps est stimul\u00e9 de mani\u00e8re compl\u00e8te et fonctionnelle.&nbsp;<br>Les s\u00e9quences alternent des moments d&#039;activation musculaire avec des phases d&#039;\u00e9tirement, cr\u00e9ant un flux continu et dynamique.&nbsp;&nbsp;<br><br>\u2022 Transitions fluides entre force et \u00e9tirement.&nbsp;<br>\u2022 Am\u00e9liore l&#039;endurance musculaire et la mobilit\u00e9 articulaire.&nbsp;<br>\u2022 Une formation compl\u00e8te, \u00e9volutive et attrayante.&nbsp;<\/h6>\n<\/div>\n\n\n\n<div class=\"gb-element-358bd28a\">\n<h4 class=\"gb-text gb-text-b412e1ee\"><strong><strong>POUVOIR SIGNATURE<\/strong><\/strong><\/h4>\n\n\n\n<h6 class=\"gb-text gb-text-279f5cb8\"><br><strong>Objectif<\/strong>Force | Endurance | Performance fonctionnelle&nbsp;<br><strong>Niveau<\/strong>: ***<br>Le format le plus intense de la m\u00e9thode RYB.<br>Des s\u00e9quences lentes et contr\u00f4l\u00e9es am\u00e8nent le muscle \u00e0 une fatigue consciente, d\u00e9veloppant ainsi une force et une endurance profondes.&nbsp;<br><br>\u2022 Des tempos lents et des exercices isom\u00e9triques pour une activation maximale.&nbsp;<br>\u2022 Des progressions par paliers pour augmenter progressivement la difficult\u00e9.&nbsp;<br>\u2022 Des r\u00e9p\u00e9titions \u00e9lev\u00e9es pour ressentir la \u201c br\u00fblure \u201d.<\/h6>\n<\/div>\n<\/div>\n<\/div>\n<\/div>\n\n\n\n<div class=\"gb-element-c6d8025f\">\n<div>\n<div class=\"gb-element-4bee0f7c\">\n<div class=\"gb-element-814e7313 animate__zoomInUp\">\n<h3 class=\"gb-text gb-text-b15fc8f5\">POUR QUI EST LA SIGNATURE DU R\u00c9FORMATEUR\u00a0:&nbsp;<\/h3>\n\n\n\n<p class=\"gb-text gb-text-5c9da26c\">\u2022 Les studios de Pilates qui souhaitent am\u00e9liorer la qualit\u00e9 de leurs cours sur Reformer gr\u00e2ce \u00e0 une M\u00c9THODE efficace, scientifique et mesurable.&nbsp;<br>\u2022 Des enseignants certifi\u00e9s \u00e0 la recherche d&#039;outils professionnels pour se perfectionner&nbsp;<br>\u2022 Les salles de sport et les clubs de fitness qui souhaitent am\u00e9liorer leur positionnement et accro\u00eetre leur chiffre d&#039;affaires.&nbsp;&nbsp;<br><\/p>\n<\/div>\n\n\n\n<div><\/div>\n<\/div>\n<\/div>\n<\/div>","protected":false},"excerpt":{"rendered":"<p>Il tuo browser non supporta il tag video. Il tuo browser non supporta il tag video. Scopri RYB Signature Program SCALE, STREAM, LEARN. all in one digital platform Creato da professionisti del pilates, potenziato dall\u2019innovazione digitale.Reformer Signature \u00e8 una piattaforma che unisce&nbsp;contenuti digitali, formazione e strumenti di business, offrendo soluzioni concrete che combinano performance, e-learning &#8230; <a title=\"Reformer SIGNATURE par Ryb\" class=\"read-more\" href=\"https:\/\/www.rybreformer.com\/fr\/reformer-signature-by-ryb\/\" aria-label=\"En savoir plus sur Reformer SIGNATURE by Ryb\">En savoir plus<\/a><\/p>","protected":false},"author":2,"featured_media":0,"parent":0,"menu_order":0,"comment_status":"closed","ping_status":"closed","template":"","meta":{"_acf_changed":false,"_joinchat":[],"footnotes":""},"class_list":["post-1699","page","type-page","status-publish"],"acf":[],"_links":{"self":[{"href":"https:\/\/www.rybreformer.com\/fr\/wp-json\/wp\/v2\/pages\/1699","targetHints":{"allow":["GET"]}}],"collection":[{"href":"https:\/\/www.rybreformer.com\/fr\/wp-json\/wp\/v2\/pages"}],"about":[{"href":"https:\/\/www.rybreformer.com\/fr\/wp-json\/wp\/v2\/types\/page"}],"author":[{"embeddable":true,"href":"https:\/\/www.rybreformer.com\/fr\/wp-json\/wp\/v2\/users\/2"}],"replies":[{"embeddable":true,"href":"https:\/\/www.rybreformer.com\/fr\/wp-json\/wp\/v2\/comments?post=1699"}],"version-history":[{"count":3,"href":"https:\/\/www.rybreformer.com\/fr\/wp-json\/wp\/v2\/pages\/1699\/revisions"}],"predecessor-version":[{"id":2289,"href":"https:\/\/www.rybreformer.com\/fr\/wp-json\/wp\/v2\/pages\/1699\/revisions\/2289"}],"wp:attachment":[{"href":"https:\/\/www.rybreformer.com\/fr\/wp-json\/wp\/v2\/media?parent=1699"}],"curies":[{"name":"wp","href":"https:\/\/api.w.org\/{rel}","templated":true}]}}