{"id":456,"date":"2026-01-25T20:12:27","date_gmt":"2026-01-25T19:12:27","guid":{"rendered":"http:\/\/www.rybreformer.com\/?page_id=456"},"modified":"2026-04-14T14:21:01","modified_gmt":"2026-04-14T12:21:01","slug":"ryb-academy","status":"publish","type":"page","link":"https:\/\/www.rybreformer.com\/fr\/ryb-academy\/","title":{"rendered":"RYB Academy"},"content":{"rendered":"<div class=\"hero-simple opacity-background\">\n<video autoplay muted loop playsinline class=\"video-background\">\n  <source src=\"https:\/\/www.rybreformer.com\/wp-content\/uploads\/2026\/02\/editing-video-ryb-fusion.mp4\" type=\"video\/mp4\">\n  Votre navigateur ne prend pas en charge la balise vid\u00e9o.\n<\/video>\n\n\n\n<div class=\"inner-hero-simple\">\n<div class=\"gb-element-6d96bdec\">\n<div>\n<img loading=\"lazy\" decoding=\"async\" width=\"195\" height=\"198\" class=\"gb-media-6e14eb17 animate__zoomInUp hide\" alt=\"Logo de l&#039;Acad\u00e9mie Ryb\" title=\"Logo de l&#039;Acad\u00e9mie Ryb\" src=\"http:\/\/www.rybreformer.com\/wp-content\/uploads\/2026\/01\/logo-ryb-academy-1.webp\"\/>\n\n\n\n<h1 class=\"gb-text hero-title-page animate__zoomInUp translation-block\">\u00c9cole Sup\u00e9rieure <br>\nde Formation Pilates<\/h1>\n<\/div>\n\n\n\n<div class=\"area-riservata\">\n<a class=\"gb-text gb-text-db6c4339 btn-hero-main animate__fadeIn\" href=\"https:\/\/academy.rybreformer.com\/login\" target=\"_blank\" rel=\"noopener\">ZONE R\u00c9SERV\u00c9E<\/a>\n<\/div>\n<\/div>\n<\/div>\n<\/div>\n\n\n\n<div class=\"intro-value-proposition\">\n<h4 class=\"gb-text intro-claim animate__fadeIn translation-block\">Devenez instructeur de Pilates <br>\nMatwork ou Reformer<\/h4>\n\n\n\n<p class=\"gb-text txt-intro-claim animate__fadeIn translation-block\">Un hub \u00e9ducatif o\u00f9 le Pilates devient comp\u00e9tence, carri\u00e8re et identit\u00e9 professionnelle.<br>\nNous proposons des programmes de certification Matwork et Reformer, d\u00e9velopp\u00e9s en collaboration avec des formateurs internationaux, pour former des instructeurs solides, conscients et pr\u00eats \u00e0 se d\u00e9marquer.<br><br>\nNOUS NE FORMONS PAS DE SIMPLES ENSEIGNANTS. NOUS FORMONS DES PROFESSIONNELS DU MOUVEMENT.<\/p>\n\n\n\n<div class=\"gb-element-829ba118\">\n<div>\n<a class=\"gb-text gb-text-4d7cc5d6 btn-white-main animate__zoomInDown\" href=\"#percorsi-formativi\">Parcours de formation<\/a>\n<\/div>\n\n\n\n<div>\n<a class=\"gb-text gb-text-b6e571b1 btn-white-main animate__zoomInDown\" href=\"#workshop-e-masterclass\">Workshops et masterclass<\/a>\n<\/div>\n\n\n\n<div>\n<a class=\"gb-text gb-text-c35e5960 btn-hero-main animate__zoomInDown\" href=\"#pre-footer-form\">Commencez votre parcours<\/a>\n<\/div>\n<\/div>\n<\/div>\n\n\n\n<div class=\"programma-formazione\" id=\"percorsi-formativi\">\n<div class=\"inner-programma-formazione\">\n<div class=\"gb-element-184af134 grid-programma-formazione\">\n<div class=\"content-programma-formazione\">\n<h2 class=\"gb-text translation-block\">Nos parcours <br>de haute formation<\/h2>\n\n\n\n<p class=\"gb-text translation-block\">Aucun pr\u00e9requis n\u2019est n\u00e9cessaire.<br>\nIl faut de la vision, de la curiosit\u00e9, de l\u2019ambition.\nUn calendrier riche en parcours de formation, workshops et sp\u00e9cialisations con\u00e7u pour:<br><br>\n\n\u2022 Les instructeurs de Pilates et de Fitness qui souhaitent \u00e9voluer<br>\n\u2022 Les professionnels du mouvement \u00e0 la recherche d\u2019une m\u00e9thode structur\u00e9e<br>\n\u2022 Les passionn\u00e9s et d\u00e9butants pr\u00eats \u00e0 transformer une passion en comp\u00e9tence<\/p>\n\n\n\n<h5 class=\"gb-text\">Certification CONI<\/h5>\n\n\n\n<p class=\"gb-text\"><strong>Le dipl\u00f4me CONI<\/strong>\u00a0e <strong>Carte <\/strong>en tant qu&#039;instructeur <strong>ASI <\/strong>Elles s&#039;obtiennent apr\u00e8s avoir r\u00e9ussi un examen final comprenant une partie th\u00e9orique (anatomie, principes fondamentaux et r\u00e9pertoire du Pilates) et une partie pratique (d\u00e9monstration d&#039;une le\u00e7on compl\u00e8te). <\/p>\n\n\n\n<p>Une fois sa formation termin\u00e9e, il est lib\u00e9r\u00e9. <strong>le certificat international RYB<\/strong>. <\/p>\n\n\n\n<img loading=\"lazy\" decoding=\"async\" width=\"696\" height=\"234\" class=\"gb-media-d8bb6d99\" alt=\"Entra\u00eenement de haut niveau Asi Coni\" title=\"Entra\u00eenement de haut niveau Asi Coni\" src=\"https:\/\/www.rybreformer.com\/wp-content\/uploads\/2026\/01\/altaformazione-asi-coni.webp\" srcset=\"https:\/\/www.rybreformer.com\/wp-content\/uploads\/2026\/01\/altaformazione-asi-coni.webp 696w, https:\/\/www.rybreformer.com\/wp-content\/uploads\/2026\/01\/altaformazione-asi-coni-300x101.webp 300w\" sizes=\"auto, (max-width: 696px) 100vw, 696px\" \/>\n<\/div>\n\n\n\n<div class=\"corsi-programma-formazione\">\n<div><div >\n<div class=\"gb-loop-item gb-loop-item-d7d52be1 post-999 formazione-e-worksho type-formazione-e-worksho status-publish hentry category-formazione\"><\/div>\n\n<div class=\"gb-loop-item gb-loop-item-d7d52be1 post-1019 formazione-e-worksho type-formazione-e-worksho status-publish hentry category-formazione\"><\/div>\n<\/div><\/div>\n<\/div>\n<\/div>\n<\/div>\n<\/div>\n\n\n\n<div class=\"gb-element-243ec258 studio-services\">\n<div class=\"studio-services-container\">\n<div class=\"gb-element-34db22e6 studio-services-grid\">\n<div class=\"studio-services-txt\">\n<h3 class=\"gb-text title-studio-service animate__zoomIn\">La m\u00e9thode RYB<\/h3>\n\n\n\n<h4 class=\"gb-text subtitle-studio-service animate__zoomIn\">MOVE WITH PURPOSE. TRAIN WITH POWER<\/h4>\n\n\n\n<p><\/p>\n\n\n\n<p class=\"gb-text txt-studio-service animate__zoomIn translation-block\">La <strong>M\u00e9thode RYB<\/strong> est un format exclusif, n\u00e9 d\u2019une exp\u00e9rience r\u00e9elle sur le terrain.\nUne approche contemporaine qui int\u00e8gre une combinaison gagnante de force, d\u2019\u00e9quilibre, d\u2019\u00e9tirement et d\u2019exercices synchronis\u00e9s avec la musique, capables d\u2019impliquer et de d\u00e9fier les \u00e9l\u00e8ves tout en stimulant diff\u00e9rents groupes musculaires.\n<br><br>\nCE N\u2019EST PAS SEULEMENT DU PILATES.<br>\nC\u2019EST UN NOUVEAU LANGAGE DU MOUVEMENT.<\/p>\n<\/div>\n\n\n\n<div class=\"studio-services-blank\"><\/div>\n<\/div>\n<\/div>\n<\/div>\n\n\n\n<div class=\"spotlight-section-dark\">\n<div class=\"inner-spotlight-section-dark\">\n<h3 class=\"gb-text big-title-section-header animate__zoomInUp\">Flexible. Accessible.<br>Inclusif.<\/h3>\n\n\n\n<h5 class=\"gb-text h5-section-header animate__zoomInUp\">UNE NOUVELLE APPROCHE DE LA FORMATION DES FUTURS PROFESSEURS DE PILATES.<\/h5>\n\n\n\n<p class=\"gb-text txt-section-header animate__zoomInUp translation-block\">Avec <strong>RYB ACADEMY,<\/strong> nous avons red\u00e9fini le concept de formation, gr\u00e2ce \u00e0 un syst\u00e8me hybride con\u00e7u pour ceux qui travaillent, pour ceux qui enseignent, pour ceux qui veulent \u00e9voluer sans compromis.<\/p>\n<\/div>\n<\/div>\n\n\n\n<div class=\"double-image\">\n<div class=\"inner-double-image\">\n<div class=\"gb-element-131dad5c grid-double-image\">\n<div class=\"gb-element-e0467542 img-bg-content\">\n<h2 class=\"gb-text title-bg-content\">Formation en personne<\/h2>\n\n\n\n<p class=\"gb-text txt-bg-content\"><strong>4 JOURS INTENSIFS<br><\/strong>au cours de laquelle vous pourrez apprendre les bases pratiques et th\u00e9oriques du Pilates avec des exercices et des tests imm\u00e9diats sur le \"terrain\".<\/p>\n<\/div>\n\n\n\n<div class=\"gb-element-c302d503 img-bg-content\">\n<h2 class=\"gb-text title-bg-content\">Formation en ligne<\/h2>\n\n\n\n<p class=\"gb-text txt-bg-content\"><strong>CONTENU \u00c0 LA DEMANDE<br><\/strong>Acc\u00e8s \u00e0 la plateforme avec des cours multi-niveaux, des polycopi\u00e9s et du mat\u00e9riel p\u00e9dagogique (cours d'anatomie et cours de fondamentaux du Pilates)<\/p>\n<\/div>\n<\/div>\n<\/div>\n<\/div>\n\n\n\n<div class=\"gb-element-7c83a750 ryb-crew opacity-background\">\n<div class=\"inner-ryb-crew\">\n<h3 class=\"gb-text hero-tit-ryb-crew\">L&#039;\u00e9quipe RYB vous attend<\/h3>\n\n\n\n<h6 class=\"gb-text p-ryb-crew\">D\u00e9couvrez quel sera votre parcours de formation.<\/h6>\n\n\n\n<div class=\"gb-element-683fa22d grid-ryb-crew\">\n<div class=\"conteiner-ryb-crew\">\n<h4 class=\"gb-text tit-ryb-crew\">1. D\u00e9couvrir<\/h4>\n\n\n\n<p class=\"gb-text descr-ryb-crew\">Pour ceux qui sont nouveaux dans le monde du Pilates et n'ont aucune exp\u00e9rience pr\u00e9alable dans le secteur ou des formations en sciences de la motricit\u00e9\/similaires.<\/p>\n\n\n\n<hr class=\"wp-block-separator has-alpha-channel-opacity\"\/>\n\n\n\n<p class=\"gb-text descr-ryb-crew translation-block\">\u2022 Anatomie<br>\n\u2022 Fondamentaux<br>\n\u2022 Forfait de formation en personne<\/p>\n<\/div>\n\n\n\n<div class=\"conteiner-ryb-crew\">\n<h4 class=\"gb-text tit-ryb-crew\">2. Explorateur<\/h4>\n\n\n\n<p class=\"gb-text descr-ryb-crew\">Pour ceux qui ont d\u00e9j\u00e0 une formation en sciences motrices et souhaite \u00e9voluer vers l'int\u00e9gration du Pilates dans sa profession.<\/p>\n\n\n\n<hr class=\"wp-block-separator has-alpha-channel-opacity\"\/>\n\n\n\n<p class=\"gb-text descr-ryb-crew translation-block\">\u2022 Fondamentaux<br>\n\u2022 Forfait de formation en personne<\/p>\n<\/div>\n\n\n\n<div class=\"conteiner-ryb-crew\">\n<h4 class=\"gb-text tit-ryb-crew\">3. Navigateur<\/h4>\n\n\n\n<p class=\"gb-text descr-ryb-crew translation-block\">Pour les enseignants exp\u00e9riment\u00e9s qui souhaitent explorer de nouveaux territoires et se sp\u00e9cialiser dans des disciplines avanc\u00e9es (pour ceux qui font du mat et veulent faire du reformer ou vice versa).<\/p>\n\n\n\n<hr class=\"wp-block-separator has-alpha-channel-opacity\"\/>\n\n\n\n<p class=\"gb-text descr-ryb-crew\">\u2022 Forfait de formation en personne<\/p>\n<\/div>\n<\/div>\n\n\n\n<p class=\"gb-text p-ryb-crew\">Opportunit\u00e9 d'acqu\u00e9rir mon premier Reformer pour la pratique \u00e0 domicile \u00e0 prix r\u00e9duit.<\/p>\n<\/div>\n<\/div>\n\n\n\n<div class=\"workshop-masterclass\" id=\"workshop-e-masterclass\">\n<div class=\"inner-workshop-masterclass\">\n<div class=\"gb-element-9b745164 grid-workshop-masterclass\">\n<div class=\"content-workshop-masterclass\">\n<h3 class=\"gb-text title-workshop-masterclass translation-block\">Workshops <br>\net masterclass<\/h3>\n\n\n\n<p class=\"gb-text txt-workshop-masterclass\">Con\u00e7us pour ceux qui souhaitent r\u00e9ellement progresser, r\u00e9alis\u00e9s en collaboration avec des enseignants internationaux de r\u00e9f\u00e9rence. Une occasion d\u2019\u00e9changer autour de m\u00e9thodologies avanc\u00e9es, d\u2019\u00e9largir ses comp\u00e9tences et d\u2019apporter dans son propre studio une vision plus compl\u00e8te et actualis\u00e9e de la pratique.<\/p>\n\n\n\n<a class=\"gb-text gb-text-d59590f9 btn-hero-main animate__zoomInDown\" href=\"https:\/\/www.rybreformer.com\/fr\/workshop-e-masterclass\/\">D\u00e9couvrez le calendrier complet<\/a>\n<\/div>\n\n\n\n<div class=\"scroll-workshop-masterclass\">\n<div><div class=\"gb-looper-d29d500e\">\n<div class=\"gb-loop-item post-902 formazione-e-worksho type-formazione-e-worksho status-publish hentry category-workshop\">\n<div class=\"container-looper\">\n<div class=\"cont-image\">\n\n<\/div>\n\n\n\n<div class=\"bg-info-work\">\n<h3 class=\"gb-text gb-text-d9bb3b19 title-work animate__zoomInDown\">Dynamique<\/h3>\n\n\n\n\n\n\n\n<a class=\"gb-text gb-text-893b8a92 btn-white-main animate__zoomInDown\" href=\"https:\/\/www.rybreformer.com\/fr\/workshop-e-masterclass\/\">Inscrivez-vous maintenant<\/a>\n<\/div>\n<\/div>\n<\/div>\n\n<div class=\"gb-loop-item post-907 formazione-e-worksho type-formazione-e-worksho status-publish hentry category-workshop\">\n<div class=\"container-looper\">\n<div class=\"cont-image\">\n\n<\/div>\n\n\n\n<div class=\"bg-info-work\">\n<h3 class=\"gb-text gb-text-d9bb3b19 title-work animate__zoomInDown\">Bars<\/h3>\n\n\n\n\n\n\n\n<a class=\"gb-text gb-text-893b8a92 btn-white-main animate__zoomInDown\" href=\"https:\/\/www.rybreformer.com\/fr\/workshop-e-masterclass\/\">Inscrivez-vous maintenant<\/a>\n<\/div>\n<\/div>\n<\/div>\n\n<div class=\"gb-loop-item post-917 formazione-e-worksho type-formazione-e-worksho status-publish hentry category-workshop\">\n<div class=\"container-looper\">\n<div class=\"cont-image\">\n\n<\/div>\n\n\n\n<div class=\"bg-info-work\">\n<h3 class=\"gb-text gb-text-d9bb3b19 title-work animate__zoomInDown\">Pilates postural et hernies<\/h3>\n\n\n\n\n\n\n\n<a class=\"gb-text gb-text-893b8a92 btn-white-main animate__zoomInDown\" href=\"https:\/\/www.rybreformer.com\/fr\/workshop-e-masterclass\/\">Inscrivez-vous maintenant<\/a>\n<\/div>\n<\/div>\n<\/div>\n<\/div><\/div>\n<\/div>\n<\/div>\n<\/div>\n<\/div>\n\n\n\n<div class=\"gb-element-fa9f89c5 ryb-signature opacity-background\">\n<div class=\"inner-ryb-signature\">\n<div class=\"gb-element-918e4f67 grid-ryb-signature\">\n<div class=\"logo-ryb-signature\">\n<a href=\"https:\/\/www.rybreformer.com\/fr\/signature-du-reformateur-par-ryb\/\"><img loading=\"lazy\" decoding=\"async\" width=\"2560\" height=\"971\" class=\"gb-media-92162d44 img-logo-ryb-signature\" alt=\"Logo signature Ryb\" title=\"Logo signature Ryb\" src=\"https:\/\/www.rybreformer.com\/wp-content\/uploads\/2026\/01\/logo-ryb-signature-scaled.webp\" srcset=\"https:\/\/www.rybreformer.com\/wp-content\/uploads\/2026\/01\/logo-ryb-signature-scaled.webp 2560w, https:\/\/www.rybreformer.com\/wp-content\/uploads\/2026\/01\/logo-ryb-signature-300x114.webp 300w, https:\/\/www.rybreformer.com\/wp-content\/uploads\/2026\/01\/logo-ryb-signature-1024x389.webp 1024w, https:\/\/www.rybreformer.com\/wp-content\/uploads\/2026\/01\/logo-ryb-signature-768x291.webp 768w, https:\/\/www.rybreformer.com\/wp-content\/uploads\/2026\/01\/logo-ryb-signature-1536x583.webp 1536w, https:\/\/www.rybreformer.com\/wp-content\/uploads\/2026\/01\/logo-ryb-signature-2048x777.webp 2048w\" sizes=\"auto, (max-width: 2560px) 100vw, 2560px\" \/><\/a>\n<\/div>\n\n\n\n<div class=\"txt-ryb-signature\">\n<h3 class=\"gb-text title-ryb-signature\">TRAIN. INSPIRE. LEAD<\/h3>\n\n\n\n<p class=\"gb-text txt-ryb-signature\"><strong>RYB SIGNATURE PROGRAM<br><\/strong>La formation rencontre la performance avec le premier format de formation pour les r\u00e9formateurs de groupe.&nbsp;<\/p>\n\n\n\n<a class=\"gb-text gb-text-0c36b64c btn-white-main animate__zoomInDown\" href=\"https:\/\/www.rybreformer.com\/fr\/signature-du-reformateur-par-ryb\/\">En savoir plus<\/a>\n<\/div>\n<\/div>\n<\/div>\n<\/div>\n\n\n\n<div class=\"testimonial\">\n<div class=\"testimonial-container\">\n<div class=\"gb-element-7fb07389 testimonial-grid\">\n<div class=\"testimonial-container-title\">\n<h3 class=\"gb-text testimonial-title translation-block\">Avis <br>clients<\/h3>\n<\/div>\n\n\n\n<div class=\"testimonial-container-reviews\">    \n    <div class=\"ryb-reviews-wrapper\">\n        <div class=\"swiper ryb-reviews-swiper cat-ryb-academy-rev\">\n            <div class=\"swiper-wrapper\">\n                \n                                    <div class=\"swiper-slide ryb-review-slide\">\n                        <div class=\"ryb-review-text\">\n                            <!-- wp:paragraph -->\n<p>J&#039;ai choisi la Ryb Academy pour ma formation en Pilates au sol et sur Reformer et c&#039;\u00e9tait le meilleur choix que j&#039;aie jamais fait !<br>Les enseignants sont hautement qualifi\u00e9s et professionnels, et l&#039;environnement est id\u00e9al pour apprendre, se tester, se lancer des d\u00e9fis et s&#039;entra\u00eener intensivement.<br>Il existe plusieurs mod\u00e8les de reformers qui r\u00e9pondent \u00e0 tous les besoins et sont d&#039;une qualit\u00e9 exceptionnelle, en plus d&#039;\u00eatre esth\u00e9tiques. \u2b50\ufe0f\u2b50\ufe0f\u2b50\ufe0f\u2b50\ufe0f\u2b50\ufe0f<\/p>\n<!-- \/wp:paragraph -->                        <\/div>\n                        \n                        <h3 class=\"ryb-review-author\">\n                            - Katia R                        <\/h3>\n                    <\/div>\n                                    <div class=\"swiper-slide ryb-review-slide\">\n                        <div class=\"ryb-review-text\">\n                            <!-- wp:paragraph -->\n<p>FORMATION DE R\u00c9FORMATEURS\u2026 \u00c0 L&#039;ACAD\u00c9MIE RYB, C&#039;EST SPECTACULAIRE !!!<br>Un incroyable voyage de transformation, de prise de conscience et de connaissance.<br>Notre formatrice principale, Greta, a \u00e9t\u00e9 essentielle : elle nous a pr\u00e9par\u00e9s \u00e0 l&#039;examen final gr\u00e2ce \u00e0 une excellente formation, alliant avec justesse \u00e9nergie, concentration, travail acharn\u00e9 et moments de rire et de l\u00e9g\u00e8ret\u00e9, ce qui a fait de ce parcours une exp\u00e9rience unique.<br>Toute l&#039;\u00e9quipe RYB est extr\u00eamement professionnelle, toujours attentive et disponible.<br>Merci beaucoup, et je reviendrai tr\u00e8s bient\u00f4t pour les nouveaux ateliers qui me permettront de rester constamment \u00e0 jour !<\/p>\n<!-- \/wp:paragraph -->                        <\/div>\n                        \n                        <h3 class=\"ryb-review-author\">\n                            - Martina Rustioni                        <\/h3>\n                    <\/div>\n                                    <div class=\"swiper-slide ryb-review-slide\">\n                        <div class=\"ryb-review-text\">\n                            <!-- wp:paragraph -->\n<p>Je suis all\u00e9e \u00e0 Piazza Dante pour un stage avec un instructeur londonien. Que dire\u00a0? Un centre exceptionnel\u00a0! \u00c9l\u00e9gant, impeccable et con\u00e7u avec un souci du d\u00e9tail remarquable. Leurs appareils Reformer sont haut de gamme, tout comme leurs instructeurs. On sent la passion et le professionnalisme qui animent RYB, et ce sont de v\u00e9ritables experts. Un grand bravo \u00e0 Jasmine, qui m&#039;a donn\u00e9 d&#039;excellents conseils pour choisir l&#039;appareil Reformer adapt\u00e9 \u00e0 mes besoins. Je recommande vivement\u00a0!<\/p>\n<!-- \/wp:paragraph -->                        <\/div>\n                        \n                        <h3 class=\"ryb-review-author\">\n                            - Raffi Baldi                        <\/h3>\n                    <\/div>\n                                \n            <\/div>\n        <\/div>\n\n        <div class=\"ryb-reviews-pagination\"><\/div>\n    <\/div>\n\n    \n<\/div>\n<\/div>\n<\/div>\n<\/div>","protected":false},"excerpt":{"rendered":"<p>Votre navigateur ne prend pas en charge la balise vid\u00e9o. \u00c9cole de formation avanc\u00e9e Pilates - ESPACE PRIV\u00c9 Devenez instructeur de Pilates au sol ou sur Reformer. Un centre de formation o\u00f9 le Pilates devient une comp\u00e9tence, une carri\u00e8re et une identit\u00e9 professionnelle. Nous proposons des programmes de certification en Pilates au sol et sur Reformer, d\u00e9velopp\u00e9s en collaboration avec des formateurs internationaux, afin de former des instructeurs comp\u00e9tents et performants. NOUS NE FORMONS PAS DE SIMPLES... <a title=\"Raffi Baldi\" class=\"read-more\" href=\"https:\/\/www.rybreformer.com\/fr\/recensione\/raffi-baldi\/\" aria-label=\"En savoir plus sur Raffi Baldi\">En savoir plus<\/a><\/p>","protected":false},"author":6,"featured_media":0,"parent":0,"menu_order":0,"comment_status":"closed","ping_status":"closed","template":"","meta":{"_acf_changed":false,"_joinchat":{"telephone":"393404257535"},"footnotes":""},"class_list":["post-456","page","type-page","status-publish","hentry"],"acf":[],"_links":{"self":[{"href":"https:\/\/www.rybreformer.com\/fr\/wp-json\/wp\/v2\/pages\/456","targetHints":{"allow":["GET"]}}],"collection":[{"href":"https:\/\/www.rybreformer.com\/fr\/wp-json\/wp\/v2\/pages"}],"about":[{"href":"https:\/\/www.rybreformer.com\/fr\/wp-json\/wp\/v2\/types\/page"}],"author":[{"embeddable":true,"href":"https:\/\/www.rybreformer.com\/fr\/wp-json\/wp\/v2\/users\/6"}],"replies":[{"embeddable":true,"href":"https:\/\/www.rybreformer.com\/fr\/wp-json\/wp\/v2\/comments?post=456"}],"version-history":[{"count":3,"href":"https:\/\/www.rybreformer.com\/fr\/wp-json\/wp\/v2\/pages\/456\/revisions"}],"predecessor-version":[{"id":2275,"href":"https:\/\/www.rybreformer.com\/fr\/wp-json\/wp\/v2\/pages\/456\/revisions\/2275"}],"wp:attachment":[{"href":"https:\/\/www.rybreformer.com\/fr\/wp-json\/wp\/v2\/media?parent=456"}],"curies":[{"name":"wp","href":"https:\/\/api.w.org\/{rel}","templated":true}]}}