{"id":495,"date":"2026-01-26T10:32:21","date_gmt":"2026-01-26T09:32:21","guid":{"rendered":"http:\/\/www.rybreformer.com\/?page_id=495"},"modified":"2026-03-03T09:34:27","modified_gmt":"2026-03-03T08:34:27","slug":"ryb-props","status":"publish","type":"page","link":"https:\/\/www.rybreformer.com\/fr\/ryb-props\/","title":{"rendered":"Propelles RYB"},"content":{"rendered":"<div class=\"gb-element-c5e6a8cb hero-simple opacity-background\">\n<div class=\"inner-hero-simple\">\n<h1 class=\"gb-text hero-title-page animate__zoomInUp\">h\u00e9lices RYB <br>collection<\/h1>\n\n\n\n<h2 class=\"gb-text hero-subtitle-page animate__zoomInUp\">Une collection d&#039;accessoires <br>pour le pilates<\/h2>\n<\/div>\n<\/div>\n\n\n\n<div class=\"spotlight-section-dark\">\n<div class=\"inner-spotlight-section-dark\">\n<h4 class=\"gb-text gb-text intro-claim animate__fadeIn\">Concevez les d\u00e9tails. <br>\u00c9lever le niveau de la pratique.<\/h4>\n\n\n\n<p class=\"gb-text txt-section-header animate__zoomInUp translation-block\">Ce ne sont pas de simples accessoires.<br> Ce sont des instruments de pr\u00e9cision, con\u00e7us pour amplifier les mouvements, affiner le contr\u00f4le et am\u00e9liorer les performances.<br><br> La <strong>collection d&#039;accessoires RYB<\/strong> a \u00e9t\u00e9 con\u00e7ue pour accompagner chaque \u00e9tape de la pratique du Pilates, en studio, sur Reformer et lors de vos entra\u00eenements quotidiens, offrant de nouvelles possibilit\u00e9s de progression, de soutien et de d\u00e9passement de soi. De petits \u00e9l\u00e9ments peuvent faire toute la diff\u00e9rence\u00a0: ils sont essentiels pour augmenter l&#039;intensit\u00e9, faciliter l&#039;ex\u00e9cution des mouvements, soutenir le corps et guider le mouvement avec une plus grande conscience corporelle.<br><br> Chaque accessoire interagit avec la m\u00e9thode et le corps, transformant le d\u00e9tail en performance mesurable et en contr\u00f4le absolu.<\/p>\n<\/div>\n<\/div>\n\n\n\n<div class=\"carosello-macchinari-2-slide\">\n<div class=\"inner-2-slide\">\n    \n    <div class=\"ryb-triple-carousel-section\"> \n        \n        <div class=\"ryb-triple-wrapper-inner\"> <div class=\"ryb-triple-nav-prev\"><\/div>\n\n            <div class=\"swiper ryb-triple-swiper\">\n                <div class=\"swiper-wrapper\">\n                                            <div class=\"swiper-slide\">\n                            \n                            <div class=\"ryb-triple-img-link\">\n                                <div class=\"ryb-triple-img-container\">\n                                                                            <img decoding=\"async\" src=\"https:\/\/www.rybreformer.com\/wp-content\/uploads\/2026\/01\/bande-elastiche-props-pilates-reformer-copia.webp\" alt=\"Bande de fessier\" loading=\"lazy\">\n                                                                    <\/div>\n                            <\/div>\n\n                            <div  class=\"ryb-triple-card-link\">\n                                <div class=\"ryb-triple-info-card props-prod\">\n                                    <h3 class=\"ryb-triple-title\">Bande de fessier<\/h3>\n                                    <div class=\"thumb-desc\">Activer, ressentir, r\u00e9p\u00e9ter<\/div>\n                                    <div class=\"thumb-peso\">0,3 kg<\/div>\n                                <\/div>\n                            <\/div>\n\n                        <\/div>\n                                            <div class=\"swiper-slide\">\n                            \n                            <div class=\"ryb-triple-img-link\">\n                                <div class=\"ryb-triple-img-container\">\n                                                                            <img decoding=\"async\" src=\"https:\/\/www.rybreformer.com\/wp-content\/uploads\/2026\/01\/yoga-block-props-pilates-reformer-copia.webp\" alt=\"Bloc de yoga\" loading=\"lazy\">\n                                                                    <\/div>\n                            <\/div>\n\n                            <div  class=\"ryb-triple-card-link\">\n                                <div class=\"ryb-triple-info-card props-prod\">\n                                    <h3 class=\"ryb-triple-title\">Bloc de yoga<\/h3>\n                                    <div class=\"thumb-desc\">Alignement, soutien, progr\u00e8s<\/div>\n                                    <div class=\"thumb-peso\">0,5 kg<\/div>\n                                <\/div>\n                            <\/div>\n\n                        <\/div>\n                                            <div class=\"swiper-slide\">\n                            \n                            <div class=\"ryb-triple-img-link\">\n                                <div class=\"ryb-triple-img-container\">\n                                                                            <img decoding=\"async\" src=\"https:\/\/www.rybreformer.com\/wp-content\/uploads\/2026\/01\/soft-ball-props-pilates-reformer-copia.webp\" alt=\"Softball\" loading=\"lazy\">\n                                                                    <\/div>\n                            <\/div>\n\n                            <div  class=\"ryb-triple-card-link\">\n                                <div class=\"ryb-triple-info-card props-prod\">\n                                    <h3 class=\"ryb-triple-title\">Softball<\/h3>\n                                    <div class=\"thumb-desc\">Doux au toucher, pr\u00e9cis dans son travail<\/div>\n                                    <div class=\"thumb-peso\">0,15 - 0,35 kg<\/div>\n                                <\/div>\n                            <\/div>\n\n                        <\/div>\n                                            <div class=\"swiper-slide\">\n                            \n                            <div class=\"ryb-triple-img-link\">\n                                <div class=\"ryb-triple-img-container\">\n                                                                            <img decoding=\"async\" src=\"https:\/\/www.rybreformer.com\/wp-content\/uploads\/2026\/01\/tappetino-reformer-props-pilates-reformer-copia.webp\" alt=\"Tapis de Reformer\" loading=\"lazy\">\n                                                                    <\/div>\n                            <\/div>\n\n                            <div  class=\"ryb-triple-card-link\">\n                                <div class=\"ryb-triple-info-card props-prod\">\n                                    <h3 class=\"ryb-triple-title\">Tapis de Reformer<\/h3>\n                                    <div class=\"thumb-desc\">Stabilit\u00e9, contr\u00f4le et confort pour chaque exercice<\/div>\n                                    <div class=\"thumb-peso\">0,2 kg<\/div>\n                                <\/div>\n                            <\/div>\n\n                        <\/div>\n                                            <div class=\"swiper-slide\">\n                            \n                            <div class=\"ryb-triple-img-link\">\n                                <div class=\"ryb-triple-img-container\">\n                                                                            <img decoding=\"async\" src=\"https:\/\/www.rybreformer.com\/wp-content\/uploads\/2026\/01\/tappetino-yoga-props-pilates-reformer-copia.webp\" alt=\"tapis de yoga\" loading=\"lazy\">\n                                                                    <\/div>\n                            <\/div>\n\n                            <div  class=\"ryb-triple-card-link\">\n                                <div class=\"ryb-triple-info-card props-prod\">\n                                    <h3 class=\"ryb-triple-title\">tapis de yoga<\/h3>\n                                    <div class=\"thumb-desc\">Respirez, \u00e9tirez-vous, laissez-vous porter. Le tapis qui suit chacun de vos mouvements.<\/div>\n                                    <div class=\"thumb-peso\">1 kg<\/div>\n                                <\/div>\n                            <\/div>\n\n                        <\/div>\n                                            <div class=\"swiper-slide\">\n                            \n                            <div class=\"ryb-triple-img-link\">\n                                <div class=\"ryb-triple-img-container\">\n                                                                            <img decoding=\"async\" src=\"https:\/\/www.rybreformer.com\/wp-content\/uploads\/2026\/01\/ring-props-pilates-reformer-copia.webp\" alt=\"Anneau\" loading=\"lazy\">\n                                                                    <\/div>\n                            <\/div>\n\n                            <div  class=\"ryb-triple-card-link\">\n                                <div class=\"ryb-triple-info-card props-prod\">\n                                    <h3 class=\"ryb-triple-title\">Anneau<\/h3>\n                                    <div class=\"thumb-desc\">R\u00e9sistance contr\u00f4l\u00e9e, r\u00e9sultats concrets \/ contractez, respirez, r\u00e9p\u00e9tez<\/div>\n                                    <div class=\"thumb-peso\">0,35 kg<\/div>\n                                <\/div>\n                            <\/div>\n\n                        <\/div>\n                                            <div class=\"swiper-slide\">\n                            \n                            <div class=\"ryb-triple-img-link\">\n                                <div class=\"ryb-triple-img-container\">\n                                                                            <img decoding=\"async\" src=\"https:\/\/www.rybreformer.com\/wp-content\/uploads\/2026\/01\/foam-roller-props-pilates-reformer-copia.webp\" alt=\"rouleau en mousse\" loading=\"lazy\">\n                                                                    <\/div>\n                            <\/div>\n\n                            <div  class=\"ryb-triple-card-link\">\n                                <div class=\"ryb-triple-info-card props-prod\">\n                                    <h3 class=\"ryb-triple-title\">rouleau en mousse<\/h3>\n                                    <div class=\"thumb-desc\">Un rituel de gu\u00e9rison<\/div>\n                                    <div class=\"thumb-peso\">0,67 kg<\/div>\n                                <\/div>\n                            <\/div>\n\n                        <\/div>\n                                            <div class=\"swiper-slide\">\n                            \n                            <div class=\"ryb-triple-img-link\">\n                                <div class=\"ryb-triple-img-container\">\n                                                                            <img decoding=\"async\" src=\"https:\/\/www.rybreformer.com\/wp-content\/uploads\/2026\/01\/elastico-props-pilates-reformer-1.webp\" alt=\"\u00c9lastique\" loading=\"lazy\">\n                                                                    <\/div>\n                            <\/div>\n\n                            <div  class=\"ryb-triple-card-link\">\n                                <div class=\"ryb-triple-info-card props-prod\">\n                                    <h3 class=\"ryb-triple-title\">\u00c9lastique<\/h3>\n                                    <div class=\"thumb-desc\">L\u00e9ger, polyvalent et efficace. C&#039;est vous qui d\u00e9cidez de l&#039;intensit\u00e9.<\/div>\n                                    <div class=\"thumb-peso\">0,1 kg<\/div>\n                                <\/div>\n                            <\/div>\n\n                        <\/div>\n                                            <div class=\"swiper-slide\">\n                            \n                            <div class=\"ryb-triple-img-link\">\n                                <div class=\"ryb-triple-img-container\">\n                                                                            <img decoding=\"async\" src=\"https:\/\/www.rybreformer.com\/wp-content\/uploads\/2026\/01\/manubri-props-pilates-reformer-copia.webp\" alt=\"Halt\u00e8res\" loading=\"lazy\">\n                                                                    <\/div>\n                            <\/div>\n\n                            <div  class=\"ryb-triple-card-link\">\n                                <div class=\"ryb-triple-info-card props-prod\">\n                                    <h3 class=\"ryb-triple-title\">Halt\u00e8res<\/h3>\n                                    <div class=\"thumb-desc\">Force, contr\u00f4le et puissance dans votre main<\/div>\n                                    <div class=\"thumb-peso\">2 et 4 kg<\/div>\n                                <\/div>\n                            <\/div>\n\n                        <\/div>\n                                            <div class=\"swiper-slide\">\n                            \n                            <div class=\"ryb-triple-img-link\">\n                                <div class=\"ryb-triple-img-container\">\n                                                                            <img decoding=\"async\" src=\"https:\/\/www.rybreformer.com\/wp-content\/uploads\/2026\/01\/polsiere-props-pilates-reformer.webp\" alt=\"Bracelets\" loading=\"lazy\">\n                                                                    <\/div>\n                            <\/div>\n\n                            <div  class=\"ryb-triple-card-link\">\n                                <div class=\"ryb-triple-info-card props-prod\">\n                                    <h3 class=\"ryb-triple-title\">Bracelets<\/h3>\n                                    <div class=\"thumb-desc\">Plus d&#039;intensit\u00e9 sans le volume<\/div>\n                                    <div class=\"thumb-peso\">3 kg<\/div>\n                                <\/div>\n                            <\/div>\n\n                        <\/div>\n                                            <div class=\"swiper-slide\">\n                            \n                            <div class=\"ryb-triple-img-link\">\n                                <div class=\"ryb-triple-img-container\">\n                                                                            <img decoding=\"async\" src=\"https:\/\/www.rybreformer.com\/wp-content\/uploads\/2026\/01\/weight-balls-props-pilates-reformer.webp\" alt=\"boules de lestage\" loading=\"lazy\">\n                                                                    <\/div>\n                            <\/div>\n\n                            <div  class=\"ryb-triple-card-link\">\n                                <div class=\"ryb-triple-info-card props-prod\">\n                                    <h3 class=\"ryb-triple-title\">boules de lestage<\/h3>\n                                    <div class=\"thumb-desc\">Petit mais avec de grands r\u00e9sultats<\/div>\n                                    <div class=\"thumb-peso\">0,5 kg<\/div>\n                                <\/div>\n                            <\/div>\n\n                        <\/div>\n                                            <div class=\"swiper-slide\">\n                            \n                            <div class=\"ryb-triple-img-link\">\n                                <div class=\"ryb-triple-img-container\">\n                                                                            <img decoding=\"async\" src=\"https:\/\/www.rybreformer.com\/wp-content\/uploads\/2026\/01\/weight-ring-props-pilates-reformer-copia.webp\" alt=\"Anneau de lestage\" loading=\"lazy\">\n                                                                    <\/div>\n                            <\/div>\n\n                            <div  class=\"ryb-triple-card-link\">\n                                <div class=\"ryb-triple-info-card props-prod\">\n                                    <h3 class=\"ryb-triple-title\">Anneau de lestage<\/h3>\n                                    <div class=\"thumb-desc\">R\u00e9sistance contr\u00f4l\u00e9e, r\u00e9sultats concrets \/ contractez, respirez, r\u00e9p\u00e9tez<\/div>\n                                    <div class=\"thumb-peso\">2,3 kg<\/div>\n                                <\/div>\n                            <\/div>\n\n                        <\/div>\n                                            <div class=\"swiper-slide\">\n                            \n                            <div class=\"ryb-triple-img-link\">\n                                <div class=\"ryb-triple-img-container\">\n                                                                            <img decoding=\"async\" src=\"https:\/\/www.rybreformer.com\/wp-content\/uploads\/2026\/01\/sliders-props-pilates-reformer-copia.webp\" alt=\"Sliders\" loading=\"lazy\">\n                                                                    <\/div>\n                            <\/div>\n\n                            <div  class=\"ryb-triple-card-link\">\n                                <div class=\"ryb-triple-info-card props-prod\">\n                                    <h3 class=\"ryb-triple-title\">Sliders<\/h3>\n                                    <div class=\"thumb-desc\">Glissez lentement, br\u00fblez vite<\/div>\n                                    <div class=\"thumb-peso\">0,2 kg<\/div>\n                                <\/div>\n                            <\/div>\n\n                        <\/div>\n                                            <div class=\"swiper-slide\">\n                            \n                            <div class=\"ryb-triple-img-link\">\n                                <div class=\"ryb-triple-img-container\">\n                                                                            <img decoding=\"async\" src=\"https:\/\/www.rybreformer.com\/wp-content\/uploads\/2026\/01\/kettlebells-props-pilates-reformer-copia.webp\" alt=\"kettlebells\" loading=\"lazy\">\n                                                                    <\/div>\n                            <\/div>\n\n                            <div  class=\"ryb-triple-card-link\">\n                                <div class=\"ryb-triple-info-card props-prod\">\n                                    <h3 class=\"ryb-triple-title\">kettlebells<\/h3>\n                                    <div class=\"thumb-desc\">Force, contr\u00f4le et puissance dans votre main<\/div>\n                                    <div class=\"thumb-peso\">4,6 - 8 - 12 kg<\/div>\n                                <\/div>\n                            <\/div>\n\n                        <\/div>\n                                            <div class=\"swiper-slide\">\n                            \n                            <div class=\"ryb-triple-img-link\">\n                                <div class=\"ryb-triple-img-container\">\n                                                                            <img decoding=\"async\" src=\"https:\/\/www.rybreformer.com\/wp-content\/uploads\/2026\/01\/box-props-pilates-reformer-copia.webp\" alt=\"Accessoires de bo\u00eete\" loading=\"lazy\">\n                                                                    <\/div>\n                            <\/div>\n\n                            <div  class=\"ryb-triple-card-link\">\n                                <div class=\"ryb-triple-info-card props-prod\">\n                                    <h3 class=\"ryb-triple-title\">Accessoires de bo\u00eete<\/h3>\n                                    <div class=\"thumb-desc\">Pour un travail cibl\u00e9 et progressif<\/div>\n                                    <div class=\"thumb-peso\">10,8 kg<\/div>\n                                <\/div>\n                            <\/div>\n\n                        <\/div>\n                                            <div class=\"swiper-slide\">\n                            \n                            <div class=\"ryb-triple-img-link\">\n                                <div class=\"ryb-triple-img-container\">\n                                                                            <img decoding=\"async\" src=\"https:\/\/www.rybreformer.com\/wp-content\/uploads\/2026\/01\/cavigliere-props-pilates-reformer-copia.webp\" alt=\"bracelets de cheville\" loading=\"lazy\">\n                                                                    <\/div>\n                            <\/div>\n\n                            <div  class=\"ryb-triple-card-link\">\n                                <div class=\"ryb-triple-info-card props-prod\">\n                                    <h3 class=\"ryb-triple-title\">bracelets de cheville<\/h3>\n                                    <div class=\"thumb-desc\">Intensit\u00e9 qui suit le mouvement<\/div>\n                                    <div class=\"thumb-peso\">3,6 kg<\/div>\n                                <\/div>\n                            <\/div>\n\n                        <\/div>\n                                    <\/div>\n                \n                <div class=\"ryb-triple-pagination\"><\/div>\n            <\/div>\n\n            <div class=\"ryb-triple-nav-next\"><\/div>\n\n        <\/div>\n    <\/div>\n\n    \n<\/div>\n<\/div>\n\n\n\n<div class=\"gb-element-e8fc341b feature-split ryb-props-custom opacity-background\">\n<div class=\"inner-feature-split\">\n<div class=\"gb-element-aa626182 grid-feature-split\">\n<div class=\"feature-split-content\">\n<h4 class=\"gb-text title-feature-split animate__zoomInUp\">Cr\u00e9ez unique <br>vos accessoires<\/h4>\n\n\n\n<p class=\"gb-text txt-feature-split animate__zoomInUp\">Choisissez parmi une palette de couleurs soigneusement s\u00e9lectionn\u00e9e et personnalisez les accessoires avec le logo de votre studio ou de votre marque. Ce d\u00e9tail renforce votre identit\u00e9, votre coh\u00e9rence visuelle et votre positionnement professionnel.<\/p>\n\n\n\n<p class=\"gb-text txt-feature-split animate__zoomInUp translation-block\"><br>Pour plus d&#039;informations et des conseils personnalis\u00e9s, veuillez nous contacter <strong><a href=\"mailto:commerciale@rybreformer.com\" target=\"_self\">\u00e0 l&#039;adresse commerciale@rybreformer.com.<\/a><\/strong><\/p>\n\n\n\n<a class=\"gb-text gb-text-afd768ee btn-white-main animate__zoomInDown\" href=\"https:\/\/www.rybreformer.com\/fr\/formulaire-demande-catalogue\/\">Demandez le catalogue complet<\/a>\n<\/div>\n\n\n\n<div class=\"feature-split-media-video\"><\/div>\n<\/div>\n<\/div>\n<\/div>","protected":false},"excerpt":{"rendered":"<p>RYB props collection Una collezione di accessori per pilates Design the details. Elevate the practice. Non sono semplici accessori.Sono strumenti di precisione, progettati per ampliare il movimento, affinare il controllo e potenziare la performance. La RYB Props Collection nasce per accompagnare ogni fase della pratica Pilates nello studio, sul Reformer, nell\u2019allenamento quotidiano offrendo nuove possibilit\u00e0 &#8230; <a title=\"bracelets de cheville\" class=\"read-more\" href=\"https:\/\/www.rybreformer.com\/fr\/ryb-prop\/cavigliere\/\" aria-label=\"En savoir plus sur les bracelets de cheville\">En savoir plus<\/a><\/p>","protected":false},"author":6,"featured_media":0,"parent":0,"menu_order":0,"comment_status":"closed","ping_status":"closed","template":"","meta":{"_acf_changed":false,"_joinchat":[],"footnotes":""},"class_list":["post-495","page","type-page","status-publish","hentry"],"acf":[],"_links":{"self":[{"href":"https:\/\/www.rybreformer.com\/fr\/wp-json\/wp\/v2\/pages\/495","targetHints":{"allow":["GET"]}}],"collection":[{"href":"https:\/\/www.rybreformer.com\/fr\/wp-json\/wp\/v2\/pages"}],"about":[{"href":"https:\/\/www.rybreformer.com\/fr\/wp-json\/wp\/v2\/types\/page"}],"author":[{"embeddable":true,"href":"https:\/\/www.rybreformer.com\/fr\/wp-json\/wp\/v2\/users\/6"}],"replies":[{"embeddable":true,"href":"https:\/\/www.rybreformer.com\/fr\/wp-json\/wp\/v2\/comments?post=495"}],"version-history":[{"count":2,"href":"https:\/\/www.rybreformer.com\/fr\/wp-json\/wp\/v2\/pages\/495\/revisions"}],"predecessor-version":[{"id":1698,"href":"https:\/\/www.rybreformer.com\/fr\/wp-json\/wp\/v2\/pages\/495\/revisions\/1698"}],"wp:attachment":[{"href":"https:\/\/www.rybreformer.com\/fr\/wp-json\/wp\/v2\/media?parent=495"}],"curies":[{"name":"wp","href":"https:\/\/api.w.org\/{rel}","templated":true}]}}