{"id":635,"date":"2026-01-27T14:31:08","date_gmt":"2026-01-27T13:31:08","guid":{"rendered":"http:\/\/www.rybreformer.com\/?page_id=635"},"modified":"2026-03-13T15:01:54","modified_gmt":"2026-03-13T14:01:54","slug":"ryb-consulting","status":"publish","type":"page","link":"https:\/\/www.rybreformer.com\/fr\/ryb-consulting\/","title":{"rendered":"RYB Consulting"},"content":{"rendered":"<div class=\"hero-simple opacity-background\">\n<video autoplay muted loop playsinline class=\"video-background\">\n  <source src=\"http:\/\/www.rybreformer.com\/wp-content\/uploads\/2026\/01\/studio-reformer-ryb.mp4\" type=\"video\/mp4\">\n  Votre navigateur ne prend pas en charge la balise vid\u00e9o.\n<\/video>\n\n\n\n<div class=\"inner-hero-simple\">\n<h1 class=\"gb-text hero-title-page animate__zoomInUp\">R\u00e9forme <br>Votre studio<\/h1>\n\n\n\n<h2 class=\"gb-text hero-subtitle-page animate__zoomInUp\">Consultations pour les studios de Pilates. <br>Strat\u00e9gie commerciale, am\u00e9nagement de l&#039;espace et s\u00e9lection des machines.<\/h2>\n<\/div>\n<\/div>\n\n\n\n<div class=\"spotlight-section-dark\">\n<div class=\"inner-spotlight-section-dark\">\n<h3 class=\"gb-text big-title-section-header animate__zoomInUp\">Que proposons-nous ?<\/h3>\n\n\n\n<p class=\"gb-text txt-section-header animate__zoomInUp\">Un guide expert et s\u00fbr de lui pour votre mod\u00e8le d&#039;entreprise \u00e9volutif, scientifique et \u00e0 haut rendement<br><br>Dans&nbsp;<strong>REMODELEZ VOTRE CORPS<\/strong>&nbsp;Nous sommes convaincus que des machines de haute qualit\u00e9, des ann\u00e9es d&#039;exp\u00e9rience et une strat\u00e9gie commerciale cibl\u00e9e peuvent faire la diff\u00e9rence pour nous et nos partenaires.<br><br>C\u2019est pourquoi nous ne nous contentons pas de vendre des machines, nous proposons un service de conseil personnalis\u00e9 pour vous aider \u00e0 cr\u00e9er un espace qui refl\u00e8te au mieux votre vision et vos objectifs.<\/p>\n<\/div>\n<\/div>\n\n\n\n<div class=\"double-image\">\n<div class=\"inner-double-image\">\n<div class=\"gb-element-131dad5c grid-double-image\">\n<div class=\"gb-element-e0467542 img-bg-content\">\n<h2 class=\"gb-text title-bg-content\">Consultant <br>sur mesure<\/h2>\n\n\n\n<p class=\"gb-text txt-bg-content\">Nous analysons les besoins sp\u00e9cifiques de votre cabinet et vous aidons \u00e0 choisir les meilleures solutions pour votre espace et le type de pratique que vous offrez \u00e0 vos clients.<\/p>\n<\/div>\n\n\n\n<div class=\"gb-element-c302d503 img-bg-content\">\n<h2 class=\"gb-text title-bg-content\">Optimisation <br>des espaces<\/h2>\n\n\n\n<p class=\"gb-text txt-bg-content\">Nous concevons des environnements fonctionnels et \u00e9quilibr\u00e9s qui am\u00e9liorent l&#039;exp\u00e9rience client et simplifient le travail quotidien de l&#039;\u00e9quipe, sans sacrifier l&#039;esth\u00e9tique et le confort.<\/p>\n<\/div>\n<\/div>\n<\/div>\n<\/div>\n\n\n\n<div class=\"perche-ryb-consulting\">\n<div class=\"inner-perche-ryb-consulting\">\n<div class=\"gb-element-cc03b68c grid-perche-ryb-consulting\">\n<div class=\"gb-element-bba20bef content-tit-ryb-consulting opacity-background\">\n<h2 class=\"gb-text title-ryb-consulting\">Pourquoi collaborer ? <br>avec nous ?<\/h2>\n<\/div>\n\n\n\n<div class=\"content-ryb-consulting\">\n<h3 class=\"gb-text\">Exp\u00e9rience dans le secteur<\/h3>\n\n\n\n<p class=\"gb-text\">Nous avons \u00e9tabli des partenariats avec des studios et des salles de sport de toutes tailles, en fournissant des \u00e9quipements et des conseils personnalis\u00e9s qui se traduisent par une r\u00e9elle valeur ajout\u00e9e pour les professionnels du fitness.<\/p>\n\n\n\n<h3 class=\"gb-text\">Qualit\u00e9 et s\u00e9curit\u00e9<\/h3>\n\n\n\n<p class=\"gb-text\">Nos machines sont con\u00e7ues pour garantir des performances \u00e9lev\u00e9es dans le temps, tout en respectant les normes de s\u00e9curit\u00e9 les plus strictes pour une utilisation quotidienne sans compromis.<\/p>\n\n\n\n<h3 class=\"gb-text\">Approche \u00e0 long terme<\/h3>\n\n\n\n<p class=\"gb-text\">Nous sommes bien plus que de simples fournisseurs. Nous souhaitons \u00eatre un interlocuteur privil\u00e9gi\u00e9 et constant, vous offrant soutien et solutions m\u00eame apr\u00e8s votre achat, afin de garantir la croissance et l&#039;am\u00e9lioration continues de votre activit\u00e9.<\/p>\n<\/div>\n<\/div>\n<\/div>\n<\/div>\n\n\n\n<div class=\"stats-achievements\">\n<div class=\"gb-element-e03a61b9 sezione-numeri\">\n<div class=\"gb-element-262327e1\"><\/div>\n\n\n\n<div class=\"gb-element-8f7c768d sezione-numeri\">\n<h3 class=\"gb-text h3-stats-achievements animate__backInUp\">partenaire RYB<\/h3>\n\n\n\n<p class=\"gb-text txt-stats-achievements animate__backInUp translation-block\">Du studio boutique \u00e0 la grande salle de sport, chaque espace a trouv\u00e9 dans nos \u00e9quipements un <strong>puissant alli\u00e9 pour \u00e9voluer.<\/strong><br> Ce ne sont pas de simples clients.<br> <strong>Je suis partenaire d&#039;une r\u00e9volution silencieuse, solide et \u00e9l\u00e9gante.<\/strong><br> Exactement comme un Reformer RYB.<\/p>\n\n\n\n<a class=\"gb-text gb-text-db6c4339 btn-hero-main animate__fadeIn\" href=\"https:\/\/www.rybreformer.com\/fr\/ryb-partner\/\">D\u00e9couvrez les partenaires RYB<\/a>\n<\/div>\n\n\n\n<div class=\"gb-element-c4633238\"><\/div>\n<\/div>\n<\/div>","protected":false},"excerpt":{"rendered":"<p>Il tuo browser non supporta il tag video. Reform Your Studio Consulenze per studi di pilates. Business strategy, progettazione spazi e scelta dei macchinari. Cosa offriamo? Una guida esperta e sicura per il tuo modello di business, scalabile, scientifico, ad alto rendimento In&nbsp;REFORM YOUR BODY&nbsp;crediamo che macchinari di alta qualit\u00e0, anni di esperienza e una &#8230; <a title=\"RYB Consulting\" class=\"read-more\" href=\"https:\/\/www.rybreformer.com\/fr\/ryb-consulting\/\" aria-label=\"Apprenez-en davantage sur RYB Consulting\">En savoir plus<\/a><\/p>","protected":false},"author":6,"featured_media":0,"parent":0,"menu_order":0,"comment_status":"closed","ping_status":"closed","template":"","meta":{"_acf_changed":false,"_joinchat":[],"footnotes":""},"class_list":["post-635","page","type-page","status-publish"],"acf":[],"_links":{"self":[{"href":"https:\/\/www.rybreformer.com\/fr\/wp-json\/wp\/v2\/pages\/635","targetHints":{"allow":["GET"]}}],"collection":[{"href":"https:\/\/www.rybreformer.com\/fr\/wp-json\/wp\/v2\/pages"}],"about":[{"href":"https:\/\/www.rybreformer.com\/fr\/wp-json\/wp\/v2\/types\/page"}],"author":[{"embeddable":true,"href":"https:\/\/www.rybreformer.com\/fr\/wp-json\/wp\/v2\/users\/6"}],"replies":[{"embeddable":true,"href":"https:\/\/www.rybreformer.com\/fr\/wp-json\/wp\/v2\/comments?post=635"}],"version-history":[{"count":3,"href":"https:\/\/www.rybreformer.com\/fr\/wp-json\/wp\/v2\/pages\/635\/revisions"}],"predecessor-version":[{"id":2005,"href":"https:\/\/www.rybreformer.com\/fr\/wp-json\/wp\/v2\/pages\/635\/revisions\/2005"}],"wp:attachment":[{"href":"https:\/\/www.rybreformer.com\/fr\/wp-json\/wp\/v2\/media?parent=635"}],"curies":[{"name":"wp","href":"https:\/\/api.w.org\/{rel}","templated":true}]}}