{"id":672,"date":"2026-01-27T16:27:44","date_gmt":"2026-01-27T15:27:44","guid":{"rendered":"http:\/\/www.rybreformer.com\/?page_id=672"},"modified":"2026-03-03T09:08:51","modified_gmt":"2026-03-03T08:08:51","slug":"contacts","status":"publish","type":"page","link":"https:\/\/www.rybreformer.com\/fr\/contatti\/","title":{"rendered":"Contacts"},"content":{"rendered":"<div class=\"hero-simple opacity-background\">\n<video autoplay muted loop playsinline class=\"video-background\">\n  <source src=\"http:\/\/www.rybreformer.com\/wp-content\/uploads\/2026\/02\/entra-nel-nostro-mondo-1.mp4\" type=\"video\/mp4\">\n  Votre navigateur ne prend pas en charge la balise vid\u00e9o.\n<\/video>\n\n\n\n<div class=\"inner-hero-simple\">\n<h1 class=\"gb-text hero-title-page animate__zoomInUp\">ENTRER DANS LE MONDE <br>REMODELEZ VOTRE CORPS.<\/h1>\n\n\n\n<h2 class=\"gb-text hero-subtitle-page animate__zoomInUp\">Salle d&#039;exposition, acad\u00e9mie, cabinet de conseil.<\/h2>\n<\/div>\n<\/div>\n\n\n\n<div class=\"pre-footer-form\" id=\"pre-footer-form\"><\/div>\n\n\n\n<div class=\"footer-contatti\">\n<div class=\"inner-footer-contatti\">\n<div class=\"gb-element-d1bedead grid-footer-contatti\">\n<div class=\"sx-footer-contatti\">\n<h3 class=\"gb-text\">Nous serons ravis de vous accueillir dans notre showroom situ\u00e9 en plein centre de Bergame.<\/h3>\n<\/div>\n\n\n\n<div class=\"dx-footer-contatti\">\n<p class=\"gb-text co-contatti translation-block\">c\/o Fusion Pilates<br> Via Monte Grappa, 3<br> 24121 \u2013 Bergame<br> Italie<\/p>\n\n\n\n<div>\n<h3 class=\"gb-text\">Informations et devis sur les machines<\/h3>\n\n\n\n<h4 class=\"gb-text\"><strong>ITA commerciale<\/strong><\/h4>\n\n\n\n<p class=\"gb-text\"><a href=\"tel:+393487771885\">+39 348 7771885<\/a><br><a href=\"mailto:commerciale@rybreformer.com\"><strong>commerciale@rybreformer.com<\/strong><\/a><\/p>\n\n\n\n<h4 class=\"gb-text\"><strong>Commerce ext\u00e9rieur<\/strong><\/h4>\n\n\n\n<p class=\"gb-text\"><strong><a href=\"mailto:sales@rybreformer.com\">sales@rybreformer.com<\/a><\/strong><\/p>\n<\/div>\n\n\n\n<div>\n<h3 class=\"gb-text\">RYB Academy<\/h3>\n\n\n\n<h4 class=\"gb-text\">Informations et devis<\/h4>\n\n\n\n<p class=\"gb-text\"><a href=\"tel:+393404257535\">+39 3404257535<\/a><br><a href=\"mailto:info@rybreformer.com\"><strong>info@rybreformer.com<\/strong><\/a><\/p>\n\n\n\n<h4 class=\"gb-text\">\u00cates-vous d\u00e9j\u00e0 \u00e9tudiant(e) RYB\u00a0?&nbsp;<\/h4>\n\n\n\n<p class=\"gb-text\">Vous pouvez nous trouver ici\u00a0:<br><br><a href=\"tel:+393455467399\">+39 345 5467399<\/a><br><a href=\"mailto:academy@rybreformer.com\"><strong>academy@rybreformer.com<\/strong><\/a><\/p>\n<\/div>\n<\/div>\n<\/div>\n<\/div>\n<\/div>","protected":false},"excerpt":{"rendered":"<p>Il tuo browser non supporta il tag video. ENTRA NEL MONDO REFORM YOUR BODY. Showroom, Academy, consulenza. Ti aspettiamo nel nostro showroom in centro a Bergamo. c\/o Fusion PilatesVia Monte Grappa, 324121 &#8211; BergamoItaly Info e preventivi macchine Commerciale ITA +39 348 7771885commerciale@rybreformer.com Commerciale ESTERO sales@rybreformer.com RYB Academy Info e preventivi +39 3404257535info@rybreformer.com Sei gi\u00e0 &#8230; <a title=\"Contacts\" class=\"read-more\" href=\"https:\/\/www.rybreformer.com\/fr\/contatti\/\" aria-label=\"En savoir plus sur les contacts\">En savoir plus<\/a><\/p>","protected":false},"author":6,"featured_media":0,"parent":0,"menu_order":0,"comment_status":"closed","ping_status":"closed","template":"","meta":{"_acf_changed":false,"_joinchat":[],"footnotes":""},"class_list":["post-672","page","type-page","status-publish"],"acf":[],"_links":{"self":[{"href":"https:\/\/www.rybreformer.com\/fr\/wp-json\/wp\/v2\/pages\/672","targetHints":{"allow":["GET"]}}],"collection":[{"href":"https:\/\/www.rybreformer.com\/fr\/wp-json\/wp\/v2\/pages"}],"about":[{"href":"https:\/\/www.rybreformer.com\/fr\/wp-json\/wp\/v2\/types\/page"}],"author":[{"embeddable":true,"href":"https:\/\/www.rybreformer.com\/fr\/wp-json\/wp\/v2\/users\/6"}],"replies":[{"embeddable":true,"href":"https:\/\/www.rybreformer.com\/fr\/wp-json\/wp\/v2\/comments?post=672"}],"version-history":[{"count":2,"href":"https:\/\/www.rybreformer.com\/fr\/wp-json\/wp\/v2\/pages\/672\/revisions"}],"predecessor-version":[{"id":1696,"href":"https:\/\/www.rybreformer.com\/fr\/wp-json\/wp\/v2\/pages\/672\/revisions\/1696"}],"wp:attachment":[{"href":"https:\/\/www.rybreformer.com\/fr\/wp-json\/wp\/v2\/media?parent=672"}],"curies":[{"name":"wp","href":"https:\/\/api.w.org\/{rel}","templated":true}]}}