{"id":735,"date":"2026-01-28T10:08:18","date_gmt":"2026-01-28T09:08:18","guid":{"rendered":"http:\/\/www.rybreformer.com\/?page_id=735"},"modified":"2026-03-26T08:46:57","modified_gmt":"2026-03-26T07:46:57","slug":"machines-pilates-reformer","status":"publish","type":"page","link":"https:\/\/www.rybreformer.com\/fr\/macchine-pilates-reformer\/","title":{"rendered":"A propos de nous"},"content":{"rendered":"<div class=\"hero-simple opacity-background\">\n<video autoplay muted loop playsinline class=\"video-background\">\n  <source src=\"http:\/\/www.rybreformer.com\/wp-content\/uploads\/2026\/01\/00_video_header_chisiamo.mp4\" type=\"video\/mp4\">\n  Votre navigateur ne prend pas en charge la balise vid\u00e9o.\n<\/video>\n\n\n\n<div class=\"inner-hero-simple\">\n<h2 class=\"gb-text hero-title-page animate__zoomInUp\">con\u00e7u <br>de qui enseigne<\/h2>\n\n\n\n<h1 class=\"gb-text hero-subtitle-page animate__zoomInUp\">Une gamme de machines de reformage <br>pour les professionnels et au-del\u00e0<\/h1>\n<\/div>\n<\/div>\n\n\n\n<div class=\"spotlight-section\">\n<div class=\"inner-spotlight-section\">\n<h3 class=\"gb-text title-section-header animate__zoomInUp\">\u00c9levons le Pilates. <br>Par la forme. Par la puissance.<\/h3>\n\n\n\n<p class=\"gb-text txt-section-header animate__zoomInUp translation-block\"><strong>REFORM YOUR BODY<\/strong> est le r\u00e9sultat d\u2019un engagement collectif pour <strong>\u00e9lever les standards du Pilates,<\/strong> \u00e0 travers des machines hautement performantes qui refl\u00e8tent la beaut\u00e9, la pr\u00e9cision et la force d\u2019une discipline intemporelle.\nN\u00e9 de l\u2019exp\u00e9rience de <strong>Claudia<\/strong>, fondatrice des centres Fusion Pilates, et de la vision manag\u00e9riale de <strong>Mario<\/strong>, ce projet a donn\u00e9 vie \u00e0 une gamme de Reformer <strong>innovants, \u00e9l\u00e9gants et technologiquement avanc\u00e9s<\/strong>.<\/p>\n\n\n\n<img loading=\"lazy\" decoding=\"async\" width=\"2180\" height=\"1092\" class=\"gb-media-229fa6b9 img-section-header animate__zoomInUp\" alt=\"Fusion Pilates Bergame\" title=\"Fusion Pilates Bergame\" src=\"http:\/\/www.rybreformer.com\/wp-content\/uploads\/2026\/01\/fusioneee-1.webp\" srcset=\"https:\/\/www.rybreformer.com\/wp-content\/uploads\/2026\/01\/fusioneee-1.webp 2180w, https:\/\/www.rybreformer.com\/wp-content\/uploads\/2026\/01\/fusioneee-1-300x150.webp 300w, https:\/\/www.rybreformer.com\/wp-content\/uploads\/2026\/01\/fusioneee-1-1024x513.webp 1024w, https:\/\/www.rybreformer.com\/wp-content\/uploads\/2026\/01\/fusioneee-1-768x385.webp 768w, https:\/\/www.rybreformer.com\/wp-content\/uploads\/2026\/01\/fusioneee-1-1536x769.webp 1536w, https:\/\/www.rybreformer.com\/wp-content\/uploads\/2026\/01\/fusioneee-1-2048x1026.webp 2048w\" sizes=\"auto, (max-width: 2180px) 100vw, 2180px\" \/>\n<\/div>\n<\/div>\n\n\n\n<div class=\"feature-split\">\n<div class=\"inner-feature-split\">\n<div class=\"gb-element-ff1388ec grid-feature-split\">\n<div class=\"feature-split-media\">\n<img loading=\"lazy\" decoding=\"async\" width=\"1374\" height=\"2058\" class=\"gb-media-2d890780 feature-split-img animate__zoomInUp\" alt=\"Con\u00e7u pour les corps d&#039;aujourd&#039;hui\" title=\"Con\u00e7u pour les corps d&#039;aujourd&#039;hui\" src=\"http:\/\/www.rybreformer.com\/wp-content\/uploads\/2026\/01\/progettati-per-i-corpi-di-oggi.webp\" srcset=\"https:\/\/www.rybreformer.com\/wp-content\/uploads\/2026\/01\/progettati-per-i-corpi-di-oggi.webp 1374w, https:\/\/www.rybreformer.com\/wp-content\/uploads\/2026\/01\/progettati-per-i-corpi-di-oggi-200x300.webp 200w, https:\/\/www.rybreformer.com\/wp-content\/uploads\/2026\/01\/progettati-per-i-corpi-di-oggi-684x1024.webp 684w, https:\/\/www.rybreformer.com\/wp-content\/uploads\/2026\/01\/progettati-per-i-corpi-di-oggi-768x1150.webp 768w, https:\/\/www.rybreformer.com\/wp-content\/uploads\/2026\/01\/progettati-per-i-corpi-di-oggi-1025x1536.webp 1025w, https:\/\/www.rybreformer.com\/wp-content\/uploads\/2026\/01\/progettati-per-i-corpi-di-oggi-1367x2048.webp 1367w\" sizes=\"auto, (max-width: 1374px) 100vw, 1374px\" \/>\n<\/div>\n\n\n\n<div class=\"feature-split-content\">\n<h4 class=\"gb-text title-feature-split animate__zoomInUp\">Con\u00e7u<br>pour les corps d&#039;aujourd&#039;hui.<\/h4>\n\n\n\n<p class=\"gb-text txt-feature-split animate__zoomInUp translation-block\">Gr\u00e2ce \u00e0 un travail constant de recherche et d\u2019exp\u00e9rimentation, l\u2019\u00e9quipe d\u2019instructeurs Fusion Pilates a int\u00e9gr\u00e9 dans le design des machines les meilleures pratiques acquises sur le terrain, donnant naissance \u00e0 des Reformer s\u00fbrs, fonctionnels et hautement performants.<br><br>\nPOUR CEUX QUI ENSEIGNENT. POUR CEUX QUI S\u2019ENTRA\u00ceNENT. POUR TOUS LES CORPS.<\/p>\n\n\n\n<a class=\"gb-text gb-text-1015b367 btn-white-main animate__zoomInDown\" href=\"https:\/\/www.rybreformer.com\/fr\/produits\/\">D\u00e9couvrez toute la gamme<\/a>\n<\/div>\n<\/div>\n<\/div>\n<\/div>\n\n\n\n<div class=\"gb-element-dd018bd7 banner-quote\">\n<div class=\"inner-banner-quote\"><\/div>\n<\/div>\n\n\n\n<div class=\"feature-split\">\n<div class=\"inner-feature-split\">\n<div class=\"gb-element-aa626182 grid-feature-split\">\n<div class=\"feature-split-content\">\n<h4 class=\"gb-text title-feature-split animate__zoomInUp translation-block\">Un nouveau langage <br>pour le Pilates<\/h4>\n\n\n\n<h5 class=\"gb-text sub-title-feature-split animate__zoomInUp translation-block\">CONTEMPORARY BY NATURE. <br>\nEVOLVED BY EXPERIENCE.<\/h5>\n\n\n\n<p class=\"gb-text txt-feature-split animate__zoomInUp\">La m\u00e9thode REFORM YOUR BODY est n\u00e9e de la combinaison d&#039;une pratique quotidienne et d&#039;une vision internationale. Une \u00e9quipe de formateurs qui vivent le Pilates au quotidien et explorent son \u00e9volution chaque ann\u00e9e gr\u00e2ce \u00e0 des formations avanc\u00e9es et des masterclasses dans les \u00e9coles de formation les plus r\u00e9put\u00e9es de Londres.<br><br>NOUS NE SUBISSONS PAS LE CHANGEMENT. NOUS LE CONSTRUISONS.<br><br>Il en r\u00e9sulte une approche contemporaine du Pilates\u00a0: rigoureuse, dynamique et performante.<\/p>\n\n\n\n<a class=\"gb-text gb-text-afd768ee btn-white-main animate__zoomInDown\" href=\"https:\/\/www.rybreformer.com\/fr\/ryb-academy\/\">Devenez vous aussi instructeur de Pilates<\/a>\n<\/div>\n\n\n\n<div class=\"feature-split-media-video\">\n<video autoplay muted loop playsinline class=\"video-feature-split animate__zoomInUp\">\n  <source src=\"http:\/\/www.rybreformer.com\/wp-content\/uploads\/2026\/02\/progetto-senza-titolo.mp4\" type=\"video\/mp4\">\n  Votre navigateur ne prend pas en charge la balise vid\u00e9o.\n<\/video>\n<\/div>\n<\/div>\n<\/div>\n<\/div>","protected":false},"excerpt":{"rendered":"<p>Il tuo browser non supporta il tag video. progettati da chi insegna Una gamma di macchinari reformer per professionisti e non solo Eleviamo il Pilates. Attraverso la forma. Attraverso la potenza. REFORM YOUR BODY \u00e8 il risultato di un impegno collettivo per alzare gli standard del Pilates, attraverso macchinari altamente performanti che riflettono la bellezza, &#8230; <a title=\"A propos de nous\" class=\"read-more\" href=\"https:\/\/www.rybreformer.com\/fr\/macchine-pilates-reformer\/\" aria-label=\"Apprenez-en davantage sur qui nous sommes\">En savoir plus<\/a><\/p>","protected":false},"author":6,"featured_media":0,"parent":0,"menu_order":0,"comment_status":"closed","ping_status":"closed","template":"","meta":{"_acf_changed":false,"_joinchat":[],"footnotes":""},"class_list":["post-735","page","type-page","status-publish"],"acf":[],"_links":{"self":[{"href":"https:\/\/www.rybreformer.com\/fr\/wp-json\/wp\/v2\/pages\/735","targetHints":{"allow":["GET"]}}],"collection":[{"href":"https:\/\/www.rybreformer.com\/fr\/wp-json\/wp\/v2\/pages"}],"about":[{"href":"https:\/\/www.rybreformer.com\/fr\/wp-json\/wp\/v2\/types\/page"}],"author":[{"embeddable":true,"href":"https:\/\/www.rybreformer.com\/fr\/wp-json\/wp\/v2\/users\/6"}],"replies":[{"embeddable":true,"href":"https:\/\/www.rybreformer.com\/fr\/wp-json\/wp\/v2\/comments?post=735"}],"version-history":[{"count":3,"href":"https:\/\/www.rybreformer.com\/fr\/wp-json\/wp\/v2\/pages\/735\/revisions"}],"predecessor-version":[{"id":2014,"href":"https:\/\/www.rybreformer.com\/fr\/wp-json\/wp\/v2\/pages\/735\/revisions\/2014"}],"wp:attachment":[{"href":"https:\/\/www.rybreformer.com\/fr\/wp-json\/wp\/v2\/media?parent=735"}],"curies":[{"name":"wp","href":"https:\/\/api.w.org\/{rel}","templated":true}]}}